{"id":71090,"date":"2021-02-10T11:04:02","date_gmt":"2021-02-10T11:04:02","guid":{"rendered":"https:\/\/scramblestuff.com\/eu\/p\/scramble-tanren-v4-bjj-belt-blue\/"},"modified":"2025-07-16T13:53:08","modified_gmt":"2025-07-16T12:53:08","slug":"scramble-tanren-v4-bjj-belt-blue-2","status":"publish","type":"product","link":"https:\/\/scramblestuff.com\/eu\/fr\/p\/scramble-tanren-v4-bjj-belt-blue-2\/","title":{"rendered":"Scramble Tanren v4 BJJ Belt &#8211; Blue"},"content":{"rendered":"<p>La 4\u00e8me g\u00e9n\u00e9ration de la ceinture Scramble, est faite d&rsquo;un mat\u00e9riau de premi\u00e8re qualit\u00e9, semblable \u00e0 une ceinture et est longue et venteuse, id\u00e9ale pour attacher votre Gi et montrer aux gens \u00e0 quel point vous \u00eates bon en Jiujitsu&#8230;.Impressionnant. Avec quelques retours en arri\u00e8re dans le design de la ceinture V1 Tanren, comme une jolie broderie de la barre du classement et une \u00e9tiquette fantaisie de type or. (con\u00e7ue pour montrer \u00e0 quel point vos go\u00fbts sont chics et \u00e9l\u00e9gants), cette ceinture est fabriqu\u00e9e avec notre haute qualit\u00e9 habituelle.<\/p>\n<p>Elle n&rsquo;est pas recommand\u00e9e pour le Non Gi, car la ceinture doit \u00eatre utilis\u00e9e uniquement dans le vrai Jiu-Jitsu&#8230;.. dans le Gi comme Helio l&rsquo;a pr\u00e9vu.<\/p>\n<p>&nbsp;<\/p>\n<p>Fait amusant : ceinture bleue en tagalog se traduit par jeune tapir.<\/p>\n<p>&nbsp;<\/p>\n<p>La longueur de ces ceintures est la suivante, mais vous pouvez en principe, commander en fonction de la taille de votre gi. Si vous avez un doute, ou si vous \u00eates entre deux tailles, vous devriez probablement prendre la taille sup\u00e9rieure et la r\u00e9duire progressivement<\/p>\n<p>A0 &#8211; 225cm<\/p>\n<p>A1 &#8211; 255cm<\/p>\n<p>A2 &#8211; 290cm<\/p>\n<p>A3 &#8211; 305cm<\/p>\n<p>A4 &#8211; 320cm<\/p>\n","protected":false},"excerpt":{"rendered":"<p>Ceinture pour le JiuJitsu ou autres activit\u00e9s li\u00e9es \u00e0 la ceinture.<\/p>\n<p>Broderie de la barre de classement<\/p>\n<p>Un design de qualit\u00e9 sup\u00e9rieure<\/p>\n<p>\u00c9tiquette fantaisie en or<\/p>\n","protected":false},"featured_media":97149,"comment_status":"open","ping_status":"closed","template":"","meta":{"_editorskit_title_hidden":false,"_editorskit_reading_time":0,"_editorskit_is_block_options_detached":false,"_editorskit_block_options_position":"{}"},"product_brand":[],"product_cat":[216,212,184,230],"product_tag":[],"giftcard-category":[],"class_list":{"0":"post-71090","1":"product","2":"type-product","3":"status-publish","4":"has-post-thumbnail","6":"product_cat-bjj-ceintures","7":"product_cat-lusure-de-combat","8":"product_cat-tous-les-produits","9":"product_cat-vente","11":"first","12":"instock","13":"taxable","14":"shipping-taxable","15":"purchasable","16":"product-type-variable"},"_links":{"self":[{"href":"https:\/\/scramblestuff.com\/eu\/fr\/wp-json\/wp\/v2\/product\/71090","targetHints":{"allow":["GET"]}}],"collection":[{"href":"https:\/\/scramblestuff.com\/eu\/fr\/wp-json\/wp\/v2\/product"}],"about":[{"href":"https:\/\/scramblestuff.com\/eu\/fr\/wp-json\/wp\/v2\/types\/product"}],"replies":[{"embeddable":true,"href":"https:\/\/scramblestuff.com\/eu\/fr\/wp-json\/wp\/v2\/comments?post=71090"}],"wp:featuredmedia":[{"embeddable":true,"href":"https:\/\/scramblestuff.com\/eu\/fr\/wp-json\/wp\/v2\/media\/97149"}],"wp:attachment":[{"href":"https:\/\/scramblestuff.com\/eu\/fr\/wp-json\/wp\/v2\/media?parent=71090"}],"wp:term":[{"taxonomy":"product_brand","embeddable":true,"href":"https:\/\/scramblestuff.com\/eu\/fr\/wp-json\/wp\/v2\/product_brand?post=71090"},{"taxonomy":"product_cat","embeddable":true,"href":"https:\/\/scramblestuff.com\/eu\/fr\/wp-json\/wp\/v2\/product_cat?post=71090"},{"taxonomy":"product_tag","embeddable":true,"href":"https:\/\/scramblestuff.com\/eu\/fr\/wp-json\/wp\/v2\/product_tag?post=71090"},{"taxonomy":"giftcard-category","embeddable":true,"href":"https:\/\/scramblestuff.com\/eu\/fr\/wp-json\/wp\/v2\/giftcard-category?post=71090"}],"curies":[{"name":"wp","href":"https:\/\/api.w.org\/{rel}","templated":true}]}}