{"id":71214,"date":"2022-09-28T14:13:10","date_gmt":"2022-10-09T13:16:07","guid":{"rendered":"https:\/\/scramblestuff.com\/eu\/p\/makoto-gi-midnight-edition\/"},"modified":"2024-10-17T09:56:53","modified_gmt":"2024-10-17T08:56:53","slug":"scramble-makoto-gi-midnight","status":"publish","type":"product","link":"https:\/\/scramblestuff.com\/eu\/fr\/p\/scramble-makoto-gi-midnight\/","title":{"rendered":"Makoto GI &#8211; Midnight Edition"},"content":{"rendered":"<p>Le kimono Makoto est un Gi BJJ simple mais audacieux de Scramble, avec un design minimal mais percutant. Le haut en tissu perl\u00e9 de 475 grammes offre un \u00e9quilibre parfait entre forme et fonction, permettant le mouvement et la respirabilit\u00e9 sans sacrifier la r\u00e9sistance. Le pantalon en serg\u00e9 ultra doux est extr\u00eamement confortable \u00e0 porter. Le Gi devrait progressivement et tr\u00e8s subtilement r\u00e9tr\u00e9cir pour devenir votre kimono de jiujitsu parfaitement ajust\u00e9 au fil du temps.<\/p>\n<p>Cette version minuit pr\u00e9sente des accents noirs.<\/p>\n","protected":false},"excerpt":{"rendered":"<p>Pantalon en tissu perl\u00e9 475gsm \/ serg\u00e9 doux 10oz (poids moyen)<\/p>\n<p>Ne nous demandez pas si c&rsquo;est l\u00e9gal pour l&rsquo;IBJJF car nous n&rsquo;en avons aucune id\u00e9e.<\/p>\n<p>Fabrication de qualit\u00e9 sup\u00e9rieure<\/p>\n<p>Le mod\u00e8le porte un A2, mesure 5&rsquo;8\/175cm et p\u00e8se 84kg\/185lbs.<\/p>\n","protected":false},"featured_media":70958,"comment_status":"open","ping_status":"closed","template":"","meta":{"_editorskit_title_hidden":false,"_editorskit_reading_time":0,"_editorskit_is_block_options_detached":false,"_editorskit_block_options_position":"{}"},"product_brand":[],"product_cat":[303,212,27,184],"product_tag":[],"giftcard-category":[],"class_list":{"0":"post-71214","1":"product","2":"type-product","3":"status-publish","4":"has-post-thumbnail","6":"product_cat-bjj-gi","7":"product_cat-lusure-de-combat","8":"product_cat-sale","9":"product_cat-tous-les-produits","11":"first","12":"outofstock","13":"taxable","14":"shipping-taxable","15":"purchasable","16":"product-type-variable"},"_links":{"self":[{"href":"https:\/\/scramblestuff.com\/eu\/fr\/wp-json\/wp\/v2\/product\/71214","targetHints":{"allow":["GET"]}}],"collection":[{"href":"https:\/\/scramblestuff.com\/eu\/fr\/wp-json\/wp\/v2\/product"}],"about":[{"href":"https:\/\/scramblestuff.com\/eu\/fr\/wp-json\/wp\/v2\/types\/product"}],"replies":[{"embeddable":true,"href":"https:\/\/scramblestuff.com\/eu\/fr\/wp-json\/wp\/v2\/comments?post=71214"}],"wp:featuredmedia":[{"embeddable":true,"href":"https:\/\/scramblestuff.com\/eu\/fr\/wp-json\/wp\/v2\/media\/70958"}],"wp:attachment":[{"href":"https:\/\/scramblestuff.com\/eu\/fr\/wp-json\/wp\/v2\/media?parent=71214"}],"wp:term":[{"taxonomy":"product_brand","embeddable":true,"href":"https:\/\/scramblestuff.com\/eu\/fr\/wp-json\/wp\/v2\/product_brand?post=71214"},{"taxonomy":"product_cat","embeddable":true,"href":"https:\/\/scramblestuff.com\/eu\/fr\/wp-json\/wp\/v2\/product_cat?post=71214"},{"taxonomy":"product_tag","embeddable":true,"href":"https:\/\/scramblestuff.com\/eu\/fr\/wp-json\/wp\/v2\/product_tag?post=71214"},{"taxonomy":"giftcard-category","embeddable":true,"href":"https:\/\/scramblestuff.com\/eu\/fr\/wp-json\/wp\/v2\/giftcard-category?post=71214"}],"curies":[{"name":"wp","href":"https:\/\/api.w.org\/{rel}","templated":true}]}}