{"id":71232,"date":"2022-05-23T15:36:28","date_gmt":"2022-10-09T13:39:38","guid":{"rendered":"https:\/\/scramblestuff.com\/eu\/p\/legion-x-scramble-eagle-gi\/"},"modified":"2022-10-09T14:40:27","modified_gmt":"2022-10-09T13:40:27","slug":"legion-x-scramble-eagle-gi","status":"publish","type":"product","link":"https:\/\/scramblestuff.com\/eu\/fr\/p\/legion-x-scramble-eagle-gi\/","title":{"rendered":"Legion x Scramble Eagle Gi"},"content":{"rendered":"<p>Nous avons collabor\u00e9 avec Legion, l&rsquo;\u00e9norme salle de gym \u00ab\u00a0American Jiujitsu\u00a0\u00bb de Keenan Cornelius, bas\u00e9e \u00e0 San Diego, pour ce Gi de Jiujitsu tr\u00e8s sp\u00e9cial. Nous avons \u00e9galement re\u00e7u des illustrations de l&rsquo;artiste Feroze Mcleod, alias Stoic Sage, qui nous a fourni les incroyables illustrations de l&rsquo;aigle qui ornent les produits.<\/p>\n<p>Il s&rsquo;agit d&rsquo;un Gi BJJ de poids moyen, avec un haut en tissu perl\u00e9 et un pantalon ripstop. Il comporte de nombreux d\u00e9tails et couleurs de style am\u00e9ricain, ainsi que des logos compl\u00e9mentaires Scramble et Legion.<\/p>\n","protected":false},"excerpt":{"rendered":"<p>Collaboration exclusive avec Legion AJJ<br \/>\nContient 99% de concentr\u00e9 pur d&rsquo;Am\u00e9rique<br \/>\nHaut en tissu perl\u00e9 de poids moyen \/ pantalon antid\u00e9chirure.<\/p>\n","protected":false},"featured_media":69438,"comment_status":"open","ping_status":"closed","template":"","meta":{"_editorskit_title_hidden":false,"_editorskit_reading_time":0,"_editorskit_is_block_options_detached":false,"_editorskit_block_options_position":"{}"},"product_brand":[],"product_cat":[303,184],"product_tag":[],"giftcard-category":[],"class_list":{"0":"post-71232","1":"product","2":"type-product","3":"status-publish","4":"has-post-thumbnail","6":"product_cat-bjj-gi","7":"product_cat-tous-les-produits","9":"first","10":"outofstock","11":"taxable","12":"shipping-taxable","13":"purchasable","14":"product-type-variable"},"_links":{"self":[{"href":"https:\/\/scramblestuff.com\/eu\/fr\/wp-json\/wp\/v2\/product\/71232","targetHints":{"allow":["GET"]}}],"collection":[{"href":"https:\/\/scramblestuff.com\/eu\/fr\/wp-json\/wp\/v2\/product"}],"about":[{"href":"https:\/\/scramblestuff.com\/eu\/fr\/wp-json\/wp\/v2\/types\/product"}],"replies":[{"embeddable":true,"href":"https:\/\/scramblestuff.com\/eu\/fr\/wp-json\/wp\/v2\/comments?post=71232"}],"wp:featuredmedia":[{"embeddable":true,"href":"https:\/\/scramblestuff.com\/eu\/fr\/wp-json\/wp\/v2\/media\/69438"}],"wp:attachment":[{"href":"https:\/\/scramblestuff.com\/eu\/fr\/wp-json\/wp\/v2\/media?parent=71232"}],"wp:term":[{"taxonomy":"product_brand","embeddable":true,"href":"https:\/\/scramblestuff.com\/eu\/fr\/wp-json\/wp\/v2\/product_brand?post=71232"},{"taxonomy":"product_cat","embeddable":true,"href":"https:\/\/scramblestuff.com\/eu\/fr\/wp-json\/wp\/v2\/product_cat?post=71232"},{"taxonomy":"product_tag","embeddable":true,"href":"https:\/\/scramblestuff.com\/eu\/fr\/wp-json\/wp\/v2\/product_tag?post=71232"},{"taxonomy":"giftcard-category","embeddable":true,"href":"https:\/\/scramblestuff.com\/eu\/fr\/wp-json\/wp\/v2\/giftcard-category?post=71232"}],"curies":[{"name":"wp","href":"https:\/\/api.w.org\/{rel}","templated":true}]}}