{"id":71242,"date":"2022-05-23T15:23:02","date_gmt":"2022-10-09T14:05:24","guid":{"rendered":"https:\/\/scramblestuff.com\/eu\/p\/legion-x-scramble-eagle-rashguard\/"},"modified":"2022-10-09T15:06:22","modified_gmt":"2022-10-09T14:06:22","slug":"legion-x-scramble-eagle-rashguard","status":"publish","type":"product","link":"https:\/\/scramblestuff.com\/eu\/fr\/p\/legion-x-scramble-eagle-rashguard\/","title":{"rendered":"Legion x Scramble &lsquo;Eagle&rsquo; Rashguard"},"content":{"rendered":"<p>Nous avons collabor\u00e9 avec Legion, l&rsquo;\u00e9norme salle de gym \u00ab\u00a0American Jiujitsu\u00a0\u00bb de Keenan Cornelius, bas\u00e9e \u00e0 San Diego, pour ce Gi de Jiujitsu tr\u00e8s sp\u00e9cial. Nous avons \u00e9galement re\u00e7u des illustrations de l&rsquo;artiste Feroze Mcleod, alias Stoic Sage, qui nous a fourni les incroyables illustrations de l&rsquo;aigle qui ornent les produits.<\/p>\n<p>Ce rashguard est orn\u00e9 d&rsquo;une illustration d&rsquo;aigle, r\u00e9alis\u00e9e par Feroze Mcleod, qui est tellement g\u00e9niale, tellement am\u00e9ricaine, tellement radicale et libre que vous aurez probablement envie de d\u00e9m\u00e9nager dans le Tennessee ou ailleurs, pour aller lutter contre un bison, en buvant de la bi\u00e8re ET en conduisant une voiture pick-up.<\/p>\n","protected":false},"excerpt":{"rendered":"<p>Coupe r\u00e9guli\u00e8re Rashguard<br \/>\nCollaboration exclusive avec Legion AJJ<br \/>\nContient 99% de concentr\u00e9 pur d&rsquo;Am\u00e9rique<\/p>\n","protected":false},"featured_media":69393,"comment_status":"open","ping_status":"closed","template":"","meta":{"_editorskit_title_hidden":false,"_editorskit_reading_time":0,"_editorskit_is_block_options_detached":false,"_editorskit_block_options_position":"{}"},"product_brand":[],"product_cat":[212,280,184],"product_tag":[],"giftcard-category":[],"class_list":{"0":"post-71242","1":"product","2":"type-product","3":"status-publish","4":"has-post-thumbnail","6":"product_cat-lusure-de-combat","7":"product_cat-rashguards-fr","8":"product_cat-tous-les-produits","10":"first","11":"outofstock","12":"taxable","13":"shipping-taxable","14":"purchasable","15":"product-type-variable"},"_links":{"self":[{"href":"https:\/\/scramblestuff.com\/eu\/fr\/wp-json\/wp\/v2\/product\/71242","targetHints":{"allow":["GET"]}}],"collection":[{"href":"https:\/\/scramblestuff.com\/eu\/fr\/wp-json\/wp\/v2\/product"}],"about":[{"href":"https:\/\/scramblestuff.com\/eu\/fr\/wp-json\/wp\/v2\/types\/product"}],"replies":[{"embeddable":true,"href":"https:\/\/scramblestuff.com\/eu\/fr\/wp-json\/wp\/v2\/comments?post=71242"}],"wp:featuredmedia":[{"embeddable":true,"href":"https:\/\/scramblestuff.com\/eu\/fr\/wp-json\/wp\/v2\/media\/69393"}],"wp:attachment":[{"href":"https:\/\/scramblestuff.com\/eu\/fr\/wp-json\/wp\/v2\/media?parent=71242"}],"wp:term":[{"taxonomy":"product_brand","embeddable":true,"href":"https:\/\/scramblestuff.com\/eu\/fr\/wp-json\/wp\/v2\/product_brand?post=71242"},{"taxonomy":"product_cat","embeddable":true,"href":"https:\/\/scramblestuff.com\/eu\/fr\/wp-json\/wp\/v2\/product_cat?post=71242"},{"taxonomy":"product_tag","embeddable":true,"href":"https:\/\/scramblestuff.com\/eu\/fr\/wp-json\/wp\/v2\/product_tag?post=71242"},{"taxonomy":"giftcard-category","embeddable":true,"href":"https:\/\/scramblestuff.com\/eu\/fr\/wp-json\/wp\/v2\/giftcard-category?post=71242"}],"curies":[{"name":"wp","href":"https:\/\/api.w.org\/{rel}","templated":true}]}}