{"id":71254,"date":"2022-03-28T11:26:49","date_gmt":"2022-10-09T14:59:43","guid":{"rendered":"https:\/\/scramblestuff.com\/eu\/p\/scramble-athlete-pro-female-cut-green-canvas\/"},"modified":"2022-10-09T16:00:25","modified_gmt":"2022-10-09T15:00:25","slug":"scramble-athlete-pro-female-cut-green-canvas","status":"publish","type":"product","link":"https:\/\/scramblestuff.com\/eu\/fr\/p\/scramble-athlete-pro-female-cut-green-canvas\/","title":{"rendered":"Scramble Athlete Pro Female Cut &#8211; Green Canvas"},"content":{"rendered":"<p>Ce Gi de BJJ pourrait bien vous faire arr\u00eater, si vous essayez de concourir \u00e0 l&rsquo;IBJJF avec (d\u00e9sol\u00e9.) Fabriqu\u00e9 en toile verte bomb\u00e9e, avec broderie au dos et tout, c&rsquo;est l&rsquo;\u00e9dition turbo ultime de notre gamme Athlete (d&rsquo;o\u00f9 le pro dans le titre, qui est l&rsquo;abr\u00e9viation de PROFESSIONAL GI COLLECTOR).<\/p>\n<p>Il s&rsquo;agit d&rsquo;une toile, qui se comporte l\u00e9g\u00e8rement diff\u00e9remment du coton auquel vous \u00eates habitu\u00e9 sur votre gis. Suivez donc attentivement les instructions de lavage, qui, si vous avez \u00e9t\u00e9 attentif ces 12 derni\u00e8res ann\u00e9es, sont \u00ab\u00a0laver \u00e0 froid et suspendre pour s\u00e9cher\u00a0\u00bb.<\/p>\n","protected":false},"excerpt":{"rendered":"<p>Toile l\u00e9g\u00e8re<br \/>\nBroderie au dos<br \/>\nHautement ill\u00e9gal lors des tournois de l&rsquo;IBJJF<\/p>\n","protected":false},"featured_media":65056,"comment_status":"open","ping_status":"closed","template":"","meta":{"_editorskit_title_hidden":false,"_editorskit_reading_time":0,"_editorskit_is_block_options_detached":false,"_editorskit_block_options_position":"{}"},"product_brand":[],"product_cat":[241,303,184],"product_tag":[],"giftcard-category":[],"class_list":{"0":"post-71254","1":"product","2":"type-product","3":"status-publish","4":"has-post-thumbnail","6":"product_cat-aux-femmes-bjj-gi","7":"product_cat-bjj-gi","8":"product_cat-tous-les-produits","10":"first","11":"outofstock","12":"taxable","13":"shipping-taxable","14":"purchasable","15":"product-type-variable"},"_links":{"self":[{"href":"https:\/\/scramblestuff.com\/eu\/fr\/wp-json\/wp\/v2\/product\/71254","targetHints":{"allow":["GET"]}}],"collection":[{"href":"https:\/\/scramblestuff.com\/eu\/fr\/wp-json\/wp\/v2\/product"}],"about":[{"href":"https:\/\/scramblestuff.com\/eu\/fr\/wp-json\/wp\/v2\/types\/product"}],"replies":[{"embeddable":true,"href":"https:\/\/scramblestuff.com\/eu\/fr\/wp-json\/wp\/v2\/comments?post=71254"}],"wp:featuredmedia":[{"embeddable":true,"href":"https:\/\/scramblestuff.com\/eu\/fr\/wp-json\/wp\/v2\/media\/65056"}],"wp:attachment":[{"href":"https:\/\/scramblestuff.com\/eu\/fr\/wp-json\/wp\/v2\/media?parent=71254"}],"wp:term":[{"taxonomy":"product_brand","embeddable":true,"href":"https:\/\/scramblestuff.com\/eu\/fr\/wp-json\/wp\/v2\/product_brand?post=71254"},{"taxonomy":"product_cat","embeddable":true,"href":"https:\/\/scramblestuff.com\/eu\/fr\/wp-json\/wp\/v2\/product_cat?post=71254"},{"taxonomy":"product_tag","embeddable":true,"href":"https:\/\/scramblestuff.com\/eu\/fr\/wp-json\/wp\/v2\/product_tag?post=71254"},{"taxonomy":"giftcard-category","embeddable":true,"href":"https:\/\/scramblestuff.com\/eu\/fr\/wp-json\/wp\/v2\/giftcard-category?post=71254"}],"curies":[{"name":"wp","href":"https:\/\/api.w.org\/{rel}","templated":true}]}}