{"id":71438,"date":"2022-03-28T15:05:29","date_gmt":"2022-10-17T08:58:12","guid":{"rendered":"https:\/\/scramblestuff.com\/eu\/p\/scramble-ame-jacket-navy\/"},"modified":"2022-10-17T09:58:12","modified_gmt":"2022-10-17T08:58:12","slug":"scramble-ame-jacket-navy-2","status":"publish","type":"product","link":"https:\/\/scramblestuff.com\/eu\/fr\/p\/scramble-ame-jacket-navy-2\/","title":{"rendered":"Scramble Ame Jacket &#8211; Navy"},"content":{"rendered":"<p>Construction sup\u00e9rieure, ajustement et sensation. Cette veste de pluie l\u00e9g\u00e8re a une excellente construction et un rev\u00eatement en nylon r\u00e9sistant \u00e0 l&rsquo;eau, y compris des fermetures \u00e9clair imperm\u00e9ables et une doublure en maille l\u00e9g\u00e8re. Une ceinture \u00e9lastique vous permet de serrer la veste si n\u00e9cessaire, tout comme les poignets en velcro. La veste est bleu marine et est finie avec un logo Scramble imprim\u00e9 r\u00e9fl\u00e9chissant pour les aventures nocturnes.<\/p>\n","protected":false},"excerpt":{"rendered":"<p>Veste de pluie l\u00e9g\u00e8re<br \/>\nTr\u00e8s r\u00e9sistant \u00e0 l&rsquo;eau<br \/>\nImanari l&rsquo;a port\u00e9, alors tu ferais mieux de le prendre<\/p>\n","protected":false},"featured_media":68613,"comment_status":"open","ping_status":"closed","template":"","meta":{"_editorskit_title_hidden":false,"_editorskit_reading_time":0,"_editorskit_is_block_options_detached":false,"_editorskit_block_options_position":"{}"},"product_brand":[],"product_cat":[27,184,200,188],"product_tag":[],"giftcard-category":[],"class_list":{"0":"post-71438","1":"product","2":"type-product","3":"status-publish","4":"has-post-thumbnail","6":"product_cat-sale","7":"product_cat-tous-les-produits","8":"product_cat-vestes","9":"product_cat-vetement-de-tous-les-jours","11":"first","12":"outofstock","13":"taxable","14":"shipping-taxable","15":"purchasable","16":"product-type-variable"},"_links":{"self":[{"href":"https:\/\/scramblestuff.com\/eu\/fr\/wp-json\/wp\/v2\/product\/71438","targetHints":{"allow":["GET"]}}],"collection":[{"href":"https:\/\/scramblestuff.com\/eu\/fr\/wp-json\/wp\/v2\/product"}],"about":[{"href":"https:\/\/scramblestuff.com\/eu\/fr\/wp-json\/wp\/v2\/types\/product"}],"replies":[{"embeddable":true,"href":"https:\/\/scramblestuff.com\/eu\/fr\/wp-json\/wp\/v2\/comments?post=71438"}],"wp:featuredmedia":[{"embeddable":true,"href":"https:\/\/scramblestuff.com\/eu\/fr\/wp-json\/wp\/v2\/media\/68613"}],"wp:attachment":[{"href":"https:\/\/scramblestuff.com\/eu\/fr\/wp-json\/wp\/v2\/media?parent=71438"}],"wp:term":[{"taxonomy":"product_brand","embeddable":true,"href":"https:\/\/scramblestuff.com\/eu\/fr\/wp-json\/wp\/v2\/product_brand?post=71438"},{"taxonomy":"product_cat","embeddable":true,"href":"https:\/\/scramblestuff.com\/eu\/fr\/wp-json\/wp\/v2\/product_cat?post=71438"},{"taxonomy":"product_tag","embeddable":true,"href":"https:\/\/scramblestuff.com\/eu\/fr\/wp-json\/wp\/v2\/product_tag?post=71438"},{"taxonomy":"giftcard-category","embeddable":true,"href":"https:\/\/scramblestuff.com\/eu\/fr\/wp-json\/wp\/v2\/giftcard-category?post=71438"}],"curies":[{"name":"wp","href":"https:\/\/api.w.org\/{rel}","templated":true}]}}