{"id":71444,"date":"2022-03-03T12:58:27","date_gmt":"2022-10-17T09:07:04","guid":{"rendered":"https:\/\/scramblestuff.com\/eu\/p\/scramble-saku-hybrid-grappling-shorts\/"},"modified":"2022-10-17T10:07:04","modified_gmt":"2022-10-17T09:07:04","slug":"scramble-saku-hybrid-grappling-shorts-2","status":"publish","type":"product","link":"https:\/\/scramblestuff.com\/eu\/fr\/p\/scramble-saku-hybrid-grappling-shorts-2\/","title":{"rendered":"Scramble Saku Hybrid Grappling Shorts"},"content":{"rendered":"<p>Depuis que nous avons commenc\u00e9 \u00e0 travailler avec Sakuraba, il nous a toujours demand\u00e9 si nous pouvions recr\u00e9er ses shorts d&rsquo;entra\u00eenement pr\u00e9f\u00e9r\u00e9s, sur lesquels le tissu du Gi \u00e9tait cousu \u00e0 l&rsquo;avant. L&rsquo;id\u00e9e \u00e9tant que le Gi ajoute un peu de prise suppl\u00e9mentaire, id\u00e9al pour les brassards et les triangles, selon la l\u00e9gende elle-m\u00eame ! Ce design est charg\u00e9, inspir\u00e9 \u00e9galement par les shorts de combat que Saku a port\u00e9s tout au long de sa carri\u00e8re, avec des petits d\u00e9tails et des messages partout.<\/p>\n","protected":false},"excerpt":{"rendered":"<p>Grappling and MMA Shorts<br \/>\nBas\u00e9 sur le short MMA pr\u00e9f\u00e9r\u00e9 de Saku<br \/>\nCollabo officiel avec la l\u00e9gende<\/p>\n","protected":false},"featured_media":69858,"comment_status":"open","ping_status":"closed","template":"","meta":{"_editorskit_title_hidden":false,"_editorskit_reading_time":0,"_editorskit_is_block_options_detached":false,"_editorskit_block_options_position":"{}"},"product_brand":[],"product_cat":[212,305,308,278,184],"product_tag":[],"giftcard-category":[],"class_list":{"0":"post-71444","1":"product","2":"type-product","3":"status-publish","4":"has-post-thumbnail","6":"product_cat-lusure-de-combat","7":"product_cat-mma-fr","8":"product_cat-mma-shorts-fr","9":"product_cat-shorts-de-combat","10":"product_cat-tous-les-produits","12":"first","13":"outofstock","14":"taxable","15":"shipping-taxable","16":"purchasable","17":"product-type-variable"},"_links":{"self":[{"href":"https:\/\/scramblestuff.com\/eu\/fr\/wp-json\/wp\/v2\/product\/71444","targetHints":{"allow":["GET"]}}],"collection":[{"href":"https:\/\/scramblestuff.com\/eu\/fr\/wp-json\/wp\/v2\/product"}],"about":[{"href":"https:\/\/scramblestuff.com\/eu\/fr\/wp-json\/wp\/v2\/types\/product"}],"replies":[{"embeddable":true,"href":"https:\/\/scramblestuff.com\/eu\/fr\/wp-json\/wp\/v2\/comments?post=71444"}],"wp:featuredmedia":[{"embeddable":true,"href":"https:\/\/scramblestuff.com\/eu\/fr\/wp-json\/wp\/v2\/media\/69858"}],"wp:attachment":[{"href":"https:\/\/scramblestuff.com\/eu\/fr\/wp-json\/wp\/v2\/media?parent=71444"}],"wp:term":[{"taxonomy":"product_brand","embeddable":true,"href":"https:\/\/scramblestuff.com\/eu\/fr\/wp-json\/wp\/v2\/product_brand?post=71444"},{"taxonomy":"product_cat","embeddable":true,"href":"https:\/\/scramblestuff.com\/eu\/fr\/wp-json\/wp\/v2\/product_cat?post=71444"},{"taxonomy":"product_tag","embeddable":true,"href":"https:\/\/scramblestuff.com\/eu\/fr\/wp-json\/wp\/v2\/product_tag?post=71444"},{"taxonomy":"giftcard-category","embeddable":true,"href":"https:\/\/scramblestuff.com\/eu\/fr\/wp-json\/wp\/v2\/giftcard-category?post=71444"}],"curies":[{"name":"wp","href":"https:\/\/api.w.org\/{rel}","templated":true}]}}