{"id":71466,"date":"2022-03-03T11:48:48","date_gmt":"2022-10-17T09:16:44","guid":{"rendered":"https:\/\/scramblestuff.com\/eu\/p\/scramble-saku-world-tour-hoody\/"},"modified":"2022-10-17T10:16:44","modified_gmt":"2022-10-17T09:16:44","slug":"scramble-saku-world-tour-hoody-2","status":"publish","type":"product","link":"https:\/\/scramblestuff.com\/eu\/fr\/p\/scramble-saku-world-tour-hoody-2\/","title":{"rendered":"Scramble Saku World Tour Hoody"},"content":{"rendered":"<p>Notre collaboration avec la l\u00e9gende vivante qu&rsquo;est Kazushi Sakuraba, sans doute est le plus grand combattant de MMA de tous les temps. Ce design pr\u00e9sente une combinaison de photos d&rsquo;action classiques de Sakuraba, prises par le photographe MMA GOAT Susumu Nagao, qui rappellent un t-shirt de tourn\u00e9e de Heavy Metal des ann\u00e9es 90, ainsi qu&rsquo;une liste d&rsquo;arr\u00eats de tourn\u00e9e au Japon, qui repr\u00e9sentent les matchs et les lieux importants de la carri\u00e8re de Sakuraba. La face avant pr\u00e9sente le logo KS classique de Saku.<\/p>\n<p>Des mat\u00e9riaux doux et confortables et des finitions de haute qualit\u00e9 sont partout.<\/p>\n","protected":false},"excerpt":{"rendered":"<p>Ajustement et mat\u00e9riaux d\u00e9tendus<br \/>\nCollabo officiel avec la l\u00e9gende<br \/>\nQualit\u00e9 sup\u00e9rieure<\/p>\n","protected":false},"featured_media":88754,"comment_status":"open","ping_status":"closed","template":"","meta":{"_editorskit_title_hidden":false,"_editorskit_reading_time":0,"_editorskit_is_block_options_detached":false,"_editorskit_block_options_position":"{}"},"product_brand":[],"product_cat":[192,27,184,230,188],"product_tag":[],"giftcard-category":[],"class_list":{"0":"post-71466","1":"product","2":"type-product","3":"status-publish","4":"has-post-thumbnail","6":"product_cat-capots-sweats","7":"product_cat-sale","8":"product_cat-tous-les-produits","9":"product_cat-vente","10":"product_cat-vetement-de-tous-les-jours","12":"first","13":"outofstock","14":"taxable","15":"shipping-taxable","16":"purchasable","17":"product-type-variable"},"_links":{"self":[{"href":"https:\/\/scramblestuff.com\/eu\/fr\/wp-json\/wp\/v2\/product\/71466","targetHints":{"allow":["GET"]}}],"collection":[{"href":"https:\/\/scramblestuff.com\/eu\/fr\/wp-json\/wp\/v2\/product"}],"about":[{"href":"https:\/\/scramblestuff.com\/eu\/fr\/wp-json\/wp\/v2\/types\/product"}],"replies":[{"embeddable":true,"href":"https:\/\/scramblestuff.com\/eu\/fr\/wp-json\/wp\/v2\/comments?post=71466"}],"wp:featuredmedia":[{"embeddable":true,"href":"https:\/\/scramblestuff.com\/eu\/fr\/wp-json\/wp\/v2\/media\/88754"}],"wp:attachment":[{"href":"https:\/\/scramblestuff.com\/eu\/fr\/wp-json\/wp\/v2\/media?parent=71466"}],"wp:term":[{"taxonomy":"product_brand","embeddable":true,"href":"https:\/\/scramblestuff.com\/eu\/fr\/wp-json\/wp\/v2\/product_brand?post=71466"},{"taxonomy":"product_cat","embeddable":true,"href":"https:\/\/scramblestuff.com\/eu\/fr\/wp-json\/wp\/v2\/product_cat?post=71466"},{"taxonomy":"product_tag","embeddable":true,"href":"https:\/\/scramblestuff.com\/eu\/fr\/wp-json\/wp\/v2\/product_tag?post=71466"},{"taxonomy":"giftcard-category","embeddable":true,"href":"https:\/\/scramblestuff.com\/eu\/fr\/wp-json\/wp\/v2\/giftcard-category?post=71466"}],"curies":[{"name":"wp","href":"https:\/\/api.w.org\/{rel}","templated":true}]}}