{"id":71487,"date":"2022-03-03T11:08:08","date_gmt":"2022-10-17T09:26:11","guid":{"rendered":"https:\/\/scramblestuff.com\/eu\/p\/scramble-saku-athletics-tee\/"},"modified":"2023-09-02T13:48:06","modified_gmt":"2023-09-02T12:48:06","slug":"scramble-saku-athletics-tee-2","status":"publish","type":"product","link":"https:\/\/scramblestuff.com\/eu\/fr\/p\/scramble-saku-athletics-tee-2\/","title":{"rendered":"Scramble Saku Athletics Tee"},"content":{"rendered":"<p>Notre collaboration avec la l\u00e9gende vivante qu&rsquo;est Kazushi Sakuraba, sans doute est le plus grand combattant de MMA de tous les temps. Ce mod\u00e8le pr\u00e9sente un logo classique de type sportswear sur le devant, combin\u00e9 \u00e0 un design traditionnel de type armoiries sur le dos, comme un clin d&rsquo;\u0153il \u00e0 l&rsquo;intemporalit\u00e9 de Saku en tant qu&rsquo;ic\u00f4ne du MMA.<\/p>\n<p>Des mat\u00e9riaux doux et confortables et des finitions de haute qualit\u00e9 sont partout.<\/p>\n","protected":false},"excerpt":{"rendered":"<p>Ajustement r\u00e9gulier<br \/>\nCollabo officiel avec la l\u00e9gende<br \/>\nQualit\u00e9 sup\u00e9rieure<\/p>\n","protected":false},"featured_media":88714,"comment_status":"open","ping_status":"closed","template":"","meta":{"_editorskit_title_hidden":false,"_editorskit_reading_time":0,"_editorskit_is_block_options_detached":false,"_editorskit_block_options_position":"{}"},"product_brand":[],"product_cat":[27,208,184,230,188],"product_tag":[],"giftcard-category":[],"class_list":{"0":"post-71487","1":"product","2":"type-product","3":"status-publish","4":"has-post-thumbnail","6":"product_cat-sale","7":"product_cat-t-shirts-fr","8":"product_cat-tous-les-produits","9":"product_cat-vente","10":"product_cat-vetement-de-tous-les-jours","12":"first","13":"outofstock","14":"taxable","15":"shipping-taxable","16":"purchasable","17":"product-type-variable"},"_links":{"self":[{"href":"https:\/\/scramblestuff.com\/eu\/fr\/wp-json\/wp\/v2\/product\/71487","targetHints":{"allow":["GET"]}}],"collection":[{"href":"https:\/\/scramblestuff.com\/eu\/fr\/wp-json\/wp\/v2\/product"}],"about":[{"href":"https:\/\/scramblestuff.com\/eu\/fr\/wp-json\/wp\/v2\/types\/product"}],"replies":[{"embeddable":true,"href":"https:\/\/scramblestuff.com\/eu\/fr\/wp-json\/wp\/v2\/comments?post=71487"}],"wp:featuredmedia":[{"embeddable":true,"href":"https:\/\/scramblestuff.com\/eu\/fr\/wp-json\/wp\/v2\/media\/88714"}],"wp:attachment":[{"href":"https:\/\/scramblestuff.com\/eu\/fr\/wp-json\/wp\/v2\/media?parent=71487"}],"wp:term":[{"taxonomy":"product_brand","embeddable":true,"href":"https:\/\/scramblestuff.com\/eu\/fr\/wp-json\/wp\/v2\/product_brand?post=71487"},{"taxonomy":"product_cat","embeddable":true,"href":"https:\/\/scramblestuff.com\/eu\/fr\/wp-json\/wp\/v2\/product_cat?post=71487"},{"taxonomy":"product_tag","embeddable":true,"href":"https:\/\/scramblestuff.com\/eu\/fr\/wp-json\/wp\/v2\/product_tag?post=71487"},{"taxonomy":"giftcard-category","embeddable":true,"href":"https:\/\/scramblestuff.com\/eu\/fr\/wp-json\/wp\/v2\/giftcard-category?post=71487"}],"curies":[{"name":"wp","href":"https:\/\/api.w.org\/{rel}","templated":true}]}}