{"id":71494,"date":"2022-02-15T16:17:14","date_gmt":"2022-10-17T09:28:10","guid":{"rendered":"https:\/\/scramblestuff.com\/eu\/p\/scramble-imanari-zen-master-tee\/"},"modified":"2023-05-12T13:49:42","modified_gmt":"2023-05-12T12:49:42","slug":"scramble-imanari-zen-master-tee","status":"publish","type":"product","link":"https:\/\/scramblestuff.com\/eu\/fr\/p\/scramble-imanari-zen-master-tee\/","title":{"rendered":"Scramble Imanari Zen Master Tee"},"content":{"rendered":"<p>Ce t-shirt pr\u00e9sente des \u0153uvres d&rsquo;art personnalis\u00e9es de Masakazu Imanari par la talentueuse Nemanja Bogdanov. Les prouesses de Masakazu Imanaris en mati\u00e8re de verrouillage des jambes sont l\u00e9gendaires, et ce t-shirt a \u00e9t\u00e9 b\u00e9ni lors d&rsquo;un rite initiatique secret qui se d\u00e9roule dans les dojos les plus profonds et les plus sombres du centre de Tokyo. Le mat\u00e9riau lui-m\u00eame est finement tiss\u00e9 avec les tendons et les ligaments des nombreuses victimes d&rsquo;Imanari et est garanti pour ajouter une augmentation de 69% \u00e0 votre capacit\u00e9 \u00e0 blesser d\u00e9finitivement les gens dans la r\u00e9gion des jambes. Avec plaisir<\/p>\n<p>Pas vraiment, bien s\u00fbr, juste une blague<\/p>\n","protected":false},"excerpt":{"rendered":"<p>\u00c9dition limit\u00e9e<br \/>\nArt personnalis\u00e9 par Nemanja Bogdano<br \/>\nAugmente la puissance du crochet du talon de 69%.<br \/>\nCoupe standard<\/p>\n","protected":false},"featured_media":70008,"comment_status":"open","ping_status":"closed","template":"","meta":{"_editorskit_title_hidden":false,"_editorskit_reading_time":0,"_editorskit_is_block_options_detached":false,"_editorskit_block_options_position":"{}"},"product_brand":[],"product_cat":[27,208,184,188],"product_tag":[],"giftcard-category":[],"class_list":{"0":"post-71494","1":"product","2":"type-product","3":"status-publish","4":"has-post-thumbnail","6":"product_cat-sale","7":"product_cat-t-shirts-fr","8":"product_cat-tous-les-produits","9":"product_cat-vetement-de-tous-les-jours","11":"first","12":"outofstock","13":"taxable","14":"shipping-taxable","15":"purchasable","16":"product-type-variable"},"_links":{"self":[{"href":"https:\/\/scramblestuff.com\/eu\/fr\/wp-json\/wp\/v2\/product\/71494","targetHints":{"allow":["GET"]}}],"collection":[{"href":"https:\/\/scramblestuff.com\/eu\/fr\/wp-json\/wp\/v2\/product"}],"about":[{"href":"https:\/\/scramblestuff.com\/eu\/fr\/wp-json\/wp\/v2\/types\/product"}],"replies":[{"embeddable":true,"href":"https:\/\/scramblestuff.com\/eu\/fr\/wp-json\/wp\/v2\/comments?post=71494"}],"wp:featuredmedia":[{"embeddable":true,"href":"https:\/\/scramblestuff.com\/eu\/fr\/wp-json\/wp\/v2\/media\/70008"}],"wp:attachment":[{"href":"https:\/\/scramblestuff.com\/eu\/fr\/wp-json\/wp\/v2\/media?parent=71494"}],"wp:term":[{"taxonomy":"product_brand","embeddable":true,"href":"https:\/\/scramblestuff.com\/eu\/fr\/wp-json\/wp\/v2\/product_brand?post=71494"},{"taxonomy":"product_cat","embeddable":true,"href":"https:\/\/scramblestuff.com\/eu\/fr\/wp-json\/wp\/v2\/product_cat?post=71494"},{"taxonomy":"product_tag","embeddable":true,"href":"https:\/\/scramblestuff.com\/eu\/fr\/wp-json\/wp\/v2\/product_tag?post=71494"},{"taxonomy":"giftcard-category","embeddable":true,"href":"https:\/\/scramblestuff.com\/eu\/fr\/wp-json\/wp\/v2\/giftcard-category?post=71494"}],"curies":[{"name":"wp","href":"https:\/\/api.w.org\/{rel}","templated":true}]}}