{"id":71659,"date":"2021-12-01T14:04:43","date_gmt":"2022-10-24T12:06:15","guid":{"rendered":"https:\/\/scramblestuff.com\/eu\/p\/scramble-meiyo-tee-black\/"},"modified":"2023-09-17T17:30:35","modified_gmt":"2023-09-17T16:30:35","slug":"scramble-meiyo-tee-black-2","status":"publish","type":"product","link":"https:\/\/scramblestuff.com\/eu\/fr\/p\/scramble-meiyo-tee-black-2\/","title":{"rendered":"Scramble Meiyo Tee &#8211; Black"},"content":{"rendered":"<p>Notre gamme haut de gamme de t-shirts lourds en coton biologique. \u00c9pais, doux et confortable, avec une impression lisse \u00e0 base d&rsquo;eau douce au toucher.<\/p>\n<p>L&rsquo;impression pr\u00e9sente des \u0153uvres d&rsquo;art de la tatoueuse Sophie Gibbons, dans ce cas, inspir\u00e9es par l&rsquo;apparition de Scrambler Brad Hill au meilleur spectacle de grappin du monde, Polaris.<\/p>\n<p>Brad vs Espen<\/p>\n","protected":false},"excerpt":{"rendered":"<p>Coton biologique de premi\u00e8re qualit\u00e9<br \/>\nQualit\u00e9 d&rsquo;impression super douce<br \/>\nArt original de Sophie Gibbons, tatoueuse<\/p>\n","protected":false},"featured_media":69448,"comment_status":"open","ping_status":"closed","template":"","meta":{"_editorskit_title_hidden":false,"_editorskit_reading_time":0,"_editorskit_is_block_options_detached":false,"_editorskit_block_options_position":"{}"},"product_brand":[],"product_cat":[27,208,184,230,188],"product_tag":[],"giftcard-category":[],"class_list":{"0":"post-71659","1":"product","2":"type-product","3":"status-publish","4":"has-post-thumbnail","6":"product_cat-sale","7":"product_cat-t-shirts-fr","8":"product_cat-tous-les-produits","9":"product_cat-vente","10":"product_cat-vetement-de-tous-les-jours","12":"first","13":"outofstock","14":"taxable","15":"shipping-taxable","16":"purchasable","17":"product-type-variable"},"_links":{"self":[{"href":"https:\/\/scramblestuff.com\/eu\/fr\/wp-json\/wp\/v2\/product\/71659","targetHints":{"allow":["GET"]}}],"collection":[{"href":"https:\/\/scramblestuff.com\/eu\/fr\/wp-json\/wp\/v2\/product"}],"about":[{"href":"https:\/\/scramblestuff.com\/eu\/fr\/wp-json\/wp\/v2\/types\/product"}],"replies":[{"embeddable":true,"href":"https:\/\/scramblestuff.com\/eu\/fr\/wp-json\/wp\/v2\/comments?post=71659"}],"wp:featuredmedia":[{"embeddable":true,"href":"https:\/\/scramblestuff.com\/eu\/fr\/wp-json\/wp\/v2\/media\/69448"}],"wp:attachment":[{"href":"https:\/\/scramblestuff.com\/eu\/fr\/wp-json\/wp\/v2\/media?parent=71659"}],"wp:term":[{"taxonomy":"product_brand","embeddable":true,"href":"https:\/\/scramblestuff.com\/eu\/fr\/wp-json\/wp\/v2\/product_brand?post=71659"},{"taxonomy":"product_cat","embeddable":true,"href":"https:\/\/scramblestuff.com\/eu\/fr\/wp-json\/wp\/v2\/product_cat?post=71659"},{"taxonomy":"product_tag","embeddable":true,"href":"https:\/\/scramblestuff.com\/eu\/fr\/wp-json\/wp\/v2\/product_tag?post=71659"},{"taxonomy":"giftcard-category","embeddable":true,"href":"https:\/\/scramblestuff.com\/eu\/fr\/wp-json\/wp\/v2\/giftcard-category?post=71659"}],"curies":[{"name":"wp","href":"https:\/\/api.w.org\/{rel}","templated":true}]}}