{"id":71704,"date":"2021-12-01T13:47:35","date_gmt":"2022-10-31T12:00:33","guid":{"rendered":"https:\/\/scramblestuff.com\/eu\/p\/scramble-sportif-tee-green\/"},"modified":"2022-10-31T12:00:33","modified_gmt":"2022-10-31T12:00:33","slug":"scramble-sportif-tee-green-2","status":"publish","type":"product","link":"https:\/\/scramblestuff.com\/eu\/fr\/p\/scramble-sportif-tee-green-2\/","title":{"rendered":"Scramble Sportif Tee &#8211; Green"},"content":{"rendered":"<p>Il s&rsquo;agit d&rsquo;un t-shirt en coton biologique de tr\u00e8s haute qualit\u00e9, \u00e9pais et doux, arborant le logo Scramble que vous connaissez et aimez, mais il s&rsquo;agit plut\u00f4t d&rsquo;un nouveau logo Scramble que vous finirez par conna\u00eetre et aimer une fois que vous l&rsquo;aurez connu et aim\u00e9.<\/p>\n<p>C&rsquo;est en 3D, ce qui est bien, sauf que c&rsquo;est en 2D \u00e9videmment, ce qui est bizarre si on y pense. Comme les jeux en 3D sur les \u00e9crans d&rsquo;ordinateur, qui sont enti\u00e8rement en 3D, sauf qu&rsquo;ils ne le sont pas, ils sont une repr\u00e9sentation en 2D d&rsquo;un monde en 3D, ce qui signifie que nous vivons essentiellement dans une simulation.<\/p>\n<p>Des t-shirts sympas cependant.<\/p>\n","protected":false},"excerpt":{"rendered":"<p>Coton biologique de premi\u00e8re qualit\u00e9<br \/>\nQualit\u00e9 d&rsquo;impression super douce<br \/>\nLogo 3D pour que tout le monde sache que vous \u00eates \u00e0 la mode ET que vous sentez bon<\/p>\n","protected":false},"featured_media":69918,"comment_status":"open","ping_status":"closed","template":"","meta":{"_editorskit_title_hidden":false,"_editorskit_reading_time":0,"_editorskit_is_block_options_detached":false,"_editorskit_block_options_position":"{}"},"product_brand":[],"product_cat":[27,208,184,230,188],"product_tag":[],"giftcard-category":[],"class_list":{"0":"post-71704","1":"product","2":"type-product","3":"status-publish","4":"has-post-thumbnail","6":"product_cat-sale","7":"product_cat-t-shirts-fr","8":"product_cat-tous-les-produits","9":"product_cat-vente","10":"product_cat-vetement-de-tous-les-jours","12":"first","13":"outofstock","14":"taxable","15":"shipping-taxable","16":"purchasable","17":"product-type-variable"},"_links":{"self":[{"href":"https:\/\/scramblestuff.com\/eu\/fr\/wp-json\/wp\/v2\/product\/71704","targetHints":{"allow":["GET"]}}],"collection":[{"href":"https:\/\/scramblestuff.com\/eu\/fr\/wp-json\/wp\/v2\/product"}],"about":[{"href":"https:\/\/scramblestuff.com\/eu\/fr\/wp-json\/wp\/v2\/types\/product"}],"replies":[{"embeddable":true,"href":"https:\/\/scramblestuff.com\/eu\/fr\/wp-json\/wp\/v2\/comments?post=71704"}],"wp:featuredmedia":[{"embeddable":true,"href":"https:\/\/scramblestuff.com\/eu\/fr\/wp-json\/wp\/v2\/media\/69918"}],"wp:attachment":[{"href":"https:\/\/scramblestuff.com\/eu\/fr\/wp-json\/wp\/v2\/media?parent=71704"}],"wp:term":[{"taxonomy":"product_brand","embeddable":true,"href":"https:\/\/scramblestuff.com\/eu\/fr\/wp-json\/wp\/v2\/product_brand?post=71704"},{"taxonomy":"product_cat","embeddable":true,"href":"https:\/\/scramblestuff.com\/eu\/fr\/wp-json\/wp\/v2\/product_cat?post=71704"},{"taxonomy":"product_tag","embeddable":true,"href":"https:\/\/scramblestuff.com\/eu\/fr\/wp-json\/wp\/v2\/product_tag?post=71704"},{"taxonomy":"giftcard-category","embeddable":true,"href":"https:\/\/scramblestuff.com\/eu\/fr\/wp-json\/wp\/v2\/giftcard-category?post=71704"}],"curies":[{"name":"wp","href":"https:\/\/api.w.org\/{rel}","templated":true}]}}