{"id":71745,"date":"2021-10-27T14:38:03","date_gmt":"2022-10-31T13:06:12","guid":{"rendered":"https:\/\/scramblestuff.com\/eu\/p\/scramble-samue-jacket-grey\/"},"modified":"2022-10-31T13:06:12","modified_gmt":"2022-10-31T13:06:12","slug":"scramble-samue-jacket-grey-2","status":"publish","type":"product","link":"https:\/\/scramblestuff.com\/eu\/fr\/p\/scramble-samue-jacket-grey-2\/","title":{"rendered":"Scramble Samue Jacket &#8211; Grey"},"content":{"rendered":"<p>Veste en jersey de coton souple inspir\u00e9e du style kimono du Jiujitsu et des v\u00eatements traditionnels des temples zen : la Samue de Scramble. Le samue est un type de veste utilis\u00e9 par les moines des temples zen pour vaquer \u00e0 leurs occupations. Nous nous en sommes inspir\u00e9s et avons ajout\u00e9 des caract\u00e9ristiques de nos gis de jiujitsu (les ourlets arrondis, les lignes de couture sur la poitrine et le dos) pour cr\u00e9er une veste unique &#8211; certains diront un cardigan &#8211; qui est id\u00e9ale pour se pr\u00e9lasser \u00e0 la maison ou avant et apr\u00e8s l&rsquo;entra\u00eenement. Ou, vous savez, pour avoir balay\u00e9 les feuilles avec un balai dans votre temple local.<\/p>\n","protected":false},"excerpt":{"rendered":"<p>Coton Jersey Gi \/ Sweater hybride Coton bouclette de poids moyen Le \u00ab\u00a0Imanardigan\u00a0\u00bb si vous voulez<\/p>\n","protected":false},"featured_media":60668,"comment_status":"open","ping_status":"closed","template":"","meta":{"_editorskit_title_hidden":false,"_editorskit_reading_time":0,"_editorskit_is_block_options_detached":false,"_editorskit_block_options_position":"{}"},"product_brand":[],"product_cat":[192,184,200,188],"product_tag":[],"giftcard-category":[],"class_list":{"0":"post-71745","1":"product","2":"type-product","3":"status-publish","4":"has-post-thumbnail","6":"product_cat-capots-sweats","7":"product_cat-tous-les-produits","8":"product_cat-vestes","9":"product_cat-vetement-de-tous-les-jours","11":"first","12":"outofstock","13":"taxable","14":"shipping-taxable","15":"purchasable","16":"product-type-variable"},"_links":{"self":[{"href":"https:\/\/scramblestuff.com\/eu\/fr\/wp-json\/wp\/v2\/product\/71745","targetHints":{"allow":["GET"]}}],"collection":[{"href":"https:\/\/scramblestuff.com\/eu\/fr\/wp-json\/wp\/v2\/product"}],"about":[{"href":"https:\/\/scramblestuff.com\/eu\/fr\/wp-json\/wp\/v2\/types\/product"}],"replies":[{"embeddable":true,"href":"https:\/\/scramblestuff.com\/eu\/fr\/wp-json\/wp\/v2\/comments?post=71745"}],"wp:featuredmedia":[{"embeddable":true,"href":"https:\/\/scramblestuff.com\/eu\/fr\/wp-json\/wp\/v2\/media\/60668"}],"wp:attachment":[{"href":"https:\/\/scramblestuff.com\/eu\/fr\/wp-json\/wp\/v2\/media?parent=71745"}],"wp:term":[{"taxonomy":"product_brand","embeddable":true,"href":"https:\/\/scramblestuff.com\/eu\/fr\/wp-json\/wp\/v2\/product_brand?post=71745"},{"taxonomy":"product_cat","embeddable":true,"href":"https:\/\/scramblestuff.com\/eu\/fr\/wp-json\/wp\/v2\/product_cat?post=71745"},{"taxonomy":"product_tag","embeddable":true,"href":"https:\/\/scramblestuff.com\/eu\/fr\/wp-json\/wp\/v2\/product_tag?post=71745"},{"taxonomy":"giftcard-category","embeddable":true,"href":"https:\/\/scramblestuff.com\/eu\/fr\/wp-json\/wp\/v2\/giftcard-category?post=71745"}],"curies":[{"name":"wp","href":"https:\/\/api.w.org\/{rel}","templated":true}]}}