{"id":71763,"date":"2021-09-28T11:07:14","date_gmt":"2022-10-31T13:36:08","guid":{"rendered":"https:\/\/scramblestuff.com\/eu\/p\/scramble-takamiya-hoody-white-grey\/"},"modified":"2022-10-31T13:36:08","modified_gmt":"2022-10-31T13:36:08","slug":"scramble-takamiya-hoody-white-grey-2-2","status":"publish","type":"product","link":"https:\/\/scramblestuff.com\/eu\/fr\/p\/scramble-takamiya-hoody-white-grey-2-2\/","title":{"rendered":"Scramble Takamiya Hoody &#8211; White\/Grey"},"content":{"rendered":"<p>Le sweat \u00e0 capuche Scramble Takamiya pr\u00e9sente une construction deux tons \/ deux panneaux et un traitement brod\u00e9 du logo Scramble miltype. L&rsquo;int\u00e9rieur en polaire bross\u00e9e douce est chaud et douillet, id\u00e9al pour se pr\u00e9lasser, s&rsquo;entra\u00eener, s&rsquo;\u00e9chauffer, s&rsquo;abaisser et se rafra\u00eechir.<\/p>\n","protected":false},"excerpt":{"rendered":"<p>Conseils de taille Simple Taille fid\u00e8le \u00e0 la taille, boxy \/ r\u00e9guli\u00e8re dans le corps, plus ajust\u00e9 bras. 182cm \/ 80kg = Grand.<\/p>\n","protected":false},"featured_media":59939,"comment_status":"open","ping_status":"closed","template":"","meta":{"_editorskit_title_hidden":false,"_editorskit_reading_time":0,"_editorskit_is_block_options_detached":false,"_editorskit_block_options_position":"{}"},"product_brand":[],"product_cat":[192,27,184,230,188],"product_tag":[],"giftcard-category":[],"class_list":{"0":"post-71763","1":"product","2":"type-product","3":"status-publish","4":"has-post-thumbnail","6":"product_cat-capots-sweats","7":"product_cat-sale","8":"product_cat-tous-les-produits","9":"product_cat-vente","10":"product_cat-vetement-de-tous-les-jours","12":"first","13":"outofstock","14":"taxable","15":"shipping-taxable","16":"purchasable","17":"product-type-variable"},"_links":{"self":[{"href":"https:\/\/scramblestuff.com\/eu\/fr\/wp-json\/wp\/v2\/product\/71763","targetHints":{"allow":["GET"]}}],"collection":[{"href":"https:\/\/scramblestuff.com\/eu\/fr\/wp-json\/wp\/v2\/product"}],"about":[{"href":"https:\/\/scramblestuff.com\/eu\/fr\/wp-json\/wp\/v2\/types\/product"}],"replies":[{"embeddable":true,"href":"https:\/\/scramblestuff.com\/eu\/fr\/wp-json\/wp\/v2\/comments?post=71763"}],"wp:featuredmedia":[{"embeddable":true,"href":"https:\/\/scramblestuff.com\/eu\/fr\/wp-json\/wp\/v2\/media\/59939"}],"wp:attachment":[{"href":"https:\/\/scramblestuff.com\/eu\/fr\/wp-json\/wp\/v2\/media?parent=71763"}],"wp:term":[{"taxonomy":"product_brand","embeddable":true,"href":"https:\/\/scramblestuff.com\/eu\/fr\/wp-json\/wp\/v2\/product_brand?post=71763"},{"taxonomy":"product_cat","embeddable":true,"href":"https:\/\/scramblestuff.com\/eu\/fr\/wp-json\/wp\/v2\/product_cat?post=71763"},{"taxonomy":"product_tag","embeddable":true,"href":"https:\/\/scramblestuff.com\/eu\/fr\/wp-json\/wp\/v2\/product_tag?post=71763"},{"taxonomy":"giftcard-category","embeddable":true,"href":"https:\/\/scramblestuff.com\/eu\/fr\/wp-json\/wp\/v2\/giftcard-category?post=71763"}],"curies":[{"name":"wp","href":"https:\/\/api.w.org\/{rel}","templated":true}]}}