{"id":71770,"date":"2021-08-24T11:43:14","date_gmt":"2022-10-31T13:50:47","guid":{"rendered":"https:\/\/scramblestuff.com\/eu\/p\/scramble-brand-waffle-towel-woodland-camo\/"},"modified":"2023-03-06T10:24:13","modified_gmt":"2023-03-06T10:24:13","slug":"scramble-brand-waffle-towel-woodland-camo-2","status":"publish","type":"product","link":"https:\/\/scramblestuff.com\/eu\/fr\/p\/scramble-brand-waffle-towel-woodland-camo-2\/","title":{"rendered":"Scramble Brand Waffle Towel &#8211; Woodland Camo"},"content":{"rendered":"<p>Cette serviette gaufr\u00e9e l\u00e9g\u00e8re est le m\u00e9lange parfait de fonction et de commodit\u00e9. Pr\u00e9sent\u00e9 dans un sac en filet, il est parfait pour la salle de sport, l&rsquo;entra\u00eenement de BJJ, le yoga et la plage, si vous avez la chance de vivre pr\u00e8s d&rsquo;une plage et de ne pas avoir de pluie constante comme en Angleterre. En y r\u00e9fl\u00e9chissant, cette serviette est parfaite pour la pluie constante en Angleterre &#8211; portez-la sur vous et essuyez la pluie constante, constamment.<\/p>\n<p>&nbsp;<\/p>\n<p>L&rsquo;effet gaufr\u00e9 est tr\u00e8s agr\u00e9able et augmente le pouvoir absorbant d&rsquo;environ 17,5 milliards (et demi) pourcent. C&rsquo;est donc bien.<\/p>\n<p>#summervibes<\/p>\n<p>&nbsp;<\/p>\n<p>100% Polyester<\/p>\n<p>120cm x 60cm<\/p>\n","protected":false},"excerpt":{"rendered":"<p>Serviette de sport l\u00e9g\u00e8re \u00e0 effet gaufr\u00e9<\/p>\n<p>120cm x 60cm<\/p>\n<p>\u00c7a a l&rsquo;air incroyable<\/p>\n<p>Absorbe tous les liquides environnants de mani\u00e8re agressive et efficace.<\/p>\n","protected":false},"featured_media":13579,"comment_status":"open","ping_status":"closed","template":"","meta":{"_editorskit_title_hidden":false,"_editorskit_reading_time":0,"_editorskit_is_block_options_detached":false,"_editorskit_block_options_position":"{}"},"product_brand":[],"product_cat":[180,184],"product_tag":[],"giftcard-category":[],"class_list":{"0":"post-71770","1":"product","2":"type-product","3":"status-publish","4":"has-post-thumbnail","6":"product_cat-accessoires","7":"product_cat-tous-les-produits","9":"first","10":"outofstock","11":"taxable","12":"shipping-taxable","13":"purchasable","14":"product-type-simple"},"_links":{"self":[{"href":"https:\/\/scramblestuff.com\/eu\/fr\/wp-json\/wp\/v2\/product\/71770","targetHints":{"allow":["GET"]}}],"collection":[{"href":"https:\/\/scramblestuff.com\/eu\/fr\/wp-json\/wp\/v2\/product"}],"about":[{"href":"https:\/\/scramblestuff.com\/eu\/fr\/wp-json\/wp\/v2\/types\/product"}],"replies":[{"embeddable":true,"href":"https:\/\/scramblestuff.com\/eu\/fr\/wp-json\/wp\/v2\/comments?post=71770"}],"wp:featuredmedia":[{"embeddable":true,"href":"https:\/\/scramblestuff.com\/eu\/fr\/wp-json\/wp\/v2\/media\/13579"}],"wp:attachment":[{"href":"https:\/\/scramblestuff.com\/eu\/fr\/wp-json\/wp\/v2\/media?parent=71770"}],"wp:term":[{"taxonomy":"product_brand","embeddable":true,"href":"https:\/\/scramblestuff.com\/eu\/fr\/wp-json\/wp\/v2\/product_brand?post=71770"},{"taxonomy":"product_cat","embeddable":true,"href":"https:\/\/scramblestuff.com\/eu\/fr\/wp-json\/wp\/v2\/product_cat?post=71770"},{"taxonomy":"product_tag","embeddable":true,"href":"https:\/\/scramblestuff.com\/eu\/fr\/wp-json\/wp\/v2\/product_tag?post=71770"},{"taxonomy":"giftcard-category","embeddable":true,"href":"https:\/\/scramblestuff.com\/eu\/fr\/wp-json\/wp\/v2\/giftcard-category?post=71770"}],"curies":[{"name":"wp","href":"https:\/\/api.w.org\/{rel}","templated":true}]}}