{"id":71778,"date":"2021-08-27T11:32:56","date_gmt":"2022-10-31T14:04:40","guid":{"rendered":"https:\/\/scramblestuff.com\/eu\/p\/scramble-snake-and-dove-vest\/"},"modified":"2023-01-31T11:34:07","modified_gmt":"2023-01-31T11:34:07","slug":"scramble-snake-and-dove-vest-2","status":"publish","type":"product","link":"https:\/\/scramblestuff.com\/eu\/fr\/p\/scramble-snake-and-dove-vest-2\/","title":{"rendered":"Scramble Snake and Dove Vest"},"content":{"rendered":"<p>Le th\u00e8me est \u00ab\u00a0Paix int\u00e9rieure, violence ext\u00e9rieure\u00a0\u00bb.<\/p>\n<p>Vous devez civiliser l&rsquo;esprit mais rendre le corps sauvage. \u2800<\/p>\n<p>Lorsque nous nous entra\u00eenons et concourons, nous devrions nous sentir int\u00e9rieurement calmes et en paix, alors qu&rsquo;ext\u00e9rieurement, nos actions sont violentes. Nous ne voulons pas faire du mal \u00e0 nos adversaires, mais les blocages et les \u00e9tranglements sont intrins\u00e8quement violents. \u2800<\/p>\n<p>Ce th\u00e8me c\u00e9l\u00e8bre \u00e9galement la curieuse juxtaposition entre la paix et la violence, dans la mesure o\u00f9 notre formation \u00e0 l&rsquo;art de la violence nous apporte la paix et nous rapproche toujours plus de nos amis et de nos communaut\u00e9s.<\/p>\n<p>Ce gilet\/d\u00e9bardeur pr\u00e9sente un motif de serpent et de colombe, symboles classiques de la paix et du danger, montrant la relation entre l&rsquo;amour et la haine, la paix et la violence, la vie et la mort.<\/p>\n","protected":false},"excerpt":{"rendered":"<p>Br\u00e8ve description :<\/p>\n<p>D\u00e9bardeur \u00e0 ajustement r\u00e9gulier<\/p>\n<p>Collabo avec le tatoueur italien Hellsandro<\/p>\n<p>Peace &amp; Violence collection<\/p>\n","protected":false},"featured_media":13451,"comment_status":"open","ping_status":"closed","template":"","meta":{"_editorskit_title_hidden":false,"_editorskit_reading_time":0,"_editorskit_is_block_options_detached":false,"_editorskit_block_options_position":"{}"},"product_brand":[],"product_cat":[27,208,184,230,188],"product_tag":[],"giftcard-category":[],"class_list":{"0":"post-71778","1":"product","2":"type-product","3":"status-publish","4":"has-post-thumbnail","6":"product_cat-sale","7":"product_cat-t-shirts-fr","8":"product_cat-tous-les-produits","9":"product_cat-vente","10":"product_cat-vetement-de-tous-les-jours","12":"first","13":"outofstock","14":"taxable","15":"shipping-taxable","16":"purchasable","17":"product-type-variable"},"_links":{"self":[{"href":"https:\/\/scramblestuff.com\/eu\/fr\/wp-json\/wp\/v2\/product\/71778","targetHints":{"allow":["GET"]}}],"collection":[{"href":"https:\/\/scramblestuff.com\/eu\/fr\/wp-json\/wp\/v2\/product"}],"about":[{"href":"https:\/\/scramblestuff.com\/eu\/fr\/wp-json\/wp\/v2\/types\/product"}],"replies":[{"embeddable":true,"href":"https:\/\/scramblestuff.com\/eu\/fr\/wp-json\/wp\/v2\/comments?post=71778"}],"wp:featuredmedia":[{"embeddable":true,"href":"https:\/\/scramblestuff.com\/eu\/fr\/wp-json\/wp\/v2\/media\/13451"}],"wp:attachment":[{"href":"https:\/\/scramblestuff.com\/eu\/fr\/wp-json\/wp\/v2\/media?parent=71778"}],"wp:term":[{"taxonomy":"product_brand","embeddable":true,"href":"https:\/\/scramblestuff.com\/eu\/fr\/wp-json\/wp\/v2\/product_brand?post=71778"},{"taxonomy":"product_cat","embeddable":true,"href":"https:\/\/scramblestuff.com\/eu\/fr\/wp-json\/wp\/v2\/product_cat?post=71778"},{"taxonomy":"product_tag","embeddable":true,"href":"https:\/\/scramblestuff.com\/eu\/fr\/wp-json\/wp\/v2\/product_tag?post=71778"},{"taxonomy":"giftcard-category","embeddable":true,"href":"https:\/\/scramblestuff.com\/eu\/fr\/wp-json\/wp\/v2\/giftcard-category?post=71778"}],"curies":[{"name":"wp","href":"https:\/\/api.w.org\/{rel}","templated":true}]}}