{"id":71809,"date":"2021-07-15T13:48:10","date_gmt":"2022-10-31T14:30:02","guid":{"rendered":"https:\/\/scramblestuff.com\/eu\/p\/scramble-tactic-rashguard-woodland-camo\/"},"modified":"2022-10-31T14:30:02","modified_gmt":"2022-10-31T14:30:02","slug":"scramble-tactic-rashguard-woodland-camo-2","status":"publish","type":"product","link":"https:\/\/scramblestuff.com\/eu\/fr\/p\/scramble-tactic-rashguard-woodland-camo-2\/","title":{"rendered":"Scramble Tactic Rashguard &#8211; Woodland Camo"},"content":{"rendered":"<p>Reprenant la coupe et l&rsquo;ajustement du rashguard Tactic, cette mise \u00e0 jour comprend un motif bois\u00e9 Scramble personnalis\u00e9, un nouveau logo Block sur le devant et un motif de coupe \u00e0 panneaux multiples. Les panneaux permettent un ajustement plus complet et s&rsquo;adaptent \u00e0 diff\u00e9rents types de corps sans perdre leur forme. Des panneaux en maille sous les bras assurent la ventilation. Essayez de ne pas ventiler en plein dans le visage de votre partenaire, OK ?<\/p>\n","protected":false},"excerpt":{"rendered":"<p>Qualit\u00e9 sup\u00e9rieure, conception multi-panneaux Pas s\u00fbr que vous puissiez le voir car c&rsquo;est un camouflage, mais c&rsquo;est un motif personnalis\u00e9 de camouflage en for\u00eat G\u00e9nial<\/p>\n","protected":false},"featured_media":13193,"comment_status":"open","ping_status":"closed","template":"","meta":{"_editorskit_title_hidden":false,"_editorskit_reading_time":0,"_editorskit_is_block_options_detached":false,"_editorskit_block_options_position":"{}"},"product_brand":[],"product_cat":[212,305,280,184],"product_tag":[],"giftcard-category":[],"class_list":{"0":"post-71809","1":"product","2":"type-product","3":"status-publish","4":"has-post-thumbnail","6":"product_cat-lusure-de-combat","7":"product_cat-mma-fr","8":"product_cat-rashguards-fr","9":"product_cat-tous-les-produits","11":"first","12":"outofstock","13":"taxable","14":"shipping-taxable","15":"purchasable","16":"product-type-variable"},"_links":{"self":[{"href":"https:\/\/scramblestuff.com\/eu\/fr\/wp-json\/wp\/v2\/product\/71809","targetHints":{"allow":["GET"]}}],"collection":[{"href":"https:\/\/scramblestuff.com\/eu\/fr\/wp-json\/wp\/v2\/product"}],"about":[{"href":"https:\/\/scramblestuff.com\/eu\/fr\/wp-json\/wp\/v2\/types\/product"}],"replies":[{"embeddable":true,"href":"https:\/\/scramblestuff.com\/eu\/fr\/wp-json\/wp\/v2\/comments?post=71809"}],"wp:featuredmedia":[{"embeddable":true,"href":"https:\/\/scramblestuff.com\/eu\/fr\/wp-json\/wp\/v2\/media\/13193"}],"wp:attachment":[{"href":"https:\/\/scramblestuff.com\/eu\/fr\/wp-json\/wp\/v2\/media?parent=71809"}],"wp:term":[{"taxonomy":"product_brand","embeddable":true,"href":"https:\/\/scramblestuff.com\/eu\/fr\/wp-json\/wp\/v2\/product_brand?post=71809"},{"taxonomy":"product_cat","embeddable":true,"href":"https:\/\/scramblestuff.com\/eu\/fr\/wp-json\/wp\/v2\/product_cat?post=71809"},{"taxonomy":"product_tag","embeddable":true,"href":"https:\/\/scramblestuff.com\/eu\/fr\/wp-json\/wp\/v2\/product_tag?post=71809"},{"taxonomy":"giftcard-category","embeddable":true,"href":"https:\/\/scramblestuff.com\/eu\/fr\/wp-json\/wp\/v2\/giftcard-category?post=71809"}],"curies":[{"name":"wp","href":"https:\/\/api.w.org\/{rel}","templated":true}]}}