{"id":71846,"date":"2021-07-15T12:42:24","date_gmt":"2022-10-31T17:30:10","guid":{"rendered":"https:\/\/scramblestuff.com\/eu\/p\/scramble-snake-and-dove-hoody\/"},"modified":"2022-10-31T17:30:10","modified_gmt":"2022-10-31T17:30:10","slug":"scramble-snake-and-dove-hoody-2","status":"publish","type":"product","link":"https:\/\/scramblestuff.com\/eu\/fr\/p\/scramble-snake-and-dove-hoody-2\/","title":{"rendered":"Scramble Snake and Dove Hoody"},"content":{"rendered":"<p>Le th\u00e8me est la paix int\u00e9rieure \u262f\ufe0f, la violence ext\u00e9rieure \u2694\ufe0f\u2800<\/p>\n<p>Vous devez civiliser l&rsquo;esprit mais rendre le corps sauvage. \u2800<\/p>\n<p>Lorsque nous nous entra\u00eenons et concourons, nous devrions nous sentir int\u00e9rieurement calmes et en paix, alors qu&rsquo;ext\u00e9rieurement, nos actions sont violentes. Nous ne voulons pas faire de mal \u00e0 nos adversaires, mais les blocages et les \u00e9tranglements sont intrins\u00e8quement violents. \u2800<\/p>\n<p>Ce th\u00e8me c\u00e9l\u00e8bre \u00e9galement la curieuse juxtaposition entre la paix et la violence, dans la mesure o\u00f9 notre formation \u00e0 l&rsquo;art de la violence nous apporte la paix et nous rapproche toujours plus de nos amis et de nos communaut\u00e9s.<\/p>\n<p>Ce sweat \u00e0 capuche pr\u00e9sente un motif de serpent et de colombe, symbolisant les deux c\u00f4t\u00e9s dichotomiques de la violence et de la paix.<\/p>\n<p>Sweat \u00e0 capuche zipp\u00e9 de qualit\u00e9 sup\u00e9rieure en m\u00e9lange polyester-coton doux et confortable. Int\u00e9rieur en polaire bross\u00e9e.<\/p>\n","protected":false},"excerpt":{"rendered":"<p>Fait partie de la collection permanente Inner Peace \/ Outer Violence.<\/p>\n<p>\u0152uvre d&rsquo;art du tatoueur italien Hellsandro<\/p>\n<p>Sweat \u00e0 capuche zipp\u00e9 de poids moyen<\/p>\n","protected":false},"featured_media":13077,"comment_status":"open","ping_status":"closed","template":"","meta":{"_editorskit_title_hidden":false,"_editorskit_reading_time":0,"_editorskit_is_block_options_detached":false,"_editorskit_block_options_position":"{}"},"product_brand":[],"product_cat":[192,184,230,188],"product_tag":[],"giftcard-category":[],"class_list":{"0":"post-71846","1":"product","2":"type-product","3":"status-publish","4":"has-post-thumbnail","6":"product_cat-capots-sweats","7":"product_cat-tous-les-produits","8":"product_cat-vente","9":"product_cat-vetement-de-tous-les-jours","11":"first","12":"outofstock","13":"taxable","14":"shipping-taxable","15":"purchasable","16":"product-type-variable"},"_links":{"self":[{"href":"https:\/\/scramblestuff.com\/eu\/fr\/wp-json\/wp\/v2\/product\/71846","targetHints":{"allow":["GET"]}}],"collection":[{"href":"https:\/\/scramblestuff.com\/eu\/fr\/wp-json\/wp\/v2\/product"}],"about":[{"href":"https:\/\/scramblestuff.com\/eu\/fr\/wp-json\/wp\/v2\/types\/product"}],"replies":[{"embeddable":true,"href":"https:\/\/scramblestuff.com\/eu\/fr\/wp-json\/wp\/v2\/comments?post=71846"}],"wp:featuredmedia":[{"embeddable":true,"href":"https:\/\/scramblestuff.com\/eu\/fr\/wp-json\/wp\/v2\/media\/13077"}],"wp:attachment":[{"href":"https:\/\/scramblestuff.com\/eu\/fr\/wp-json\/wp\/v2\/media?parent=71846"}],"wp:term":[{"taxonomy":"product_brand","embeddable":true,"href":"https:\/\/scramblestuff.com\/eu\/fr\/wp-json\/wp\/v2\/product_brand?post=71846"},{"taxonomy":"product_cat","embeddable":true,"href":"https:\/\/scramblestuff.com\/eu\/fr\/wp-json\/wp\/v2\/product_cat?post=71846"},{"taxonomy":"product_tag","embeddable":true,"href":"https:\/\/scramblestuff.com\/eu\/fr\/wp-json\/wp\/v2\/product_tag?post=71846"},{"taxonomy":"giftcard-category","embeddable":true,"href":"https:\/\/scramblestuff.com\/eu\/fr\/wp-json\/wp\/v2\/giftcard-category?post=71846"}],"curies":[{"name":"wp","href":"https:\/\/api.w.org\/{rel}","templated":true}]}}