{"id":72086,"date":"2021-11-09T14:26:57","date_gmt":"2022-11-13T18:58:25","guid":{"rendered":"https:\/\/scramblestuff.com\/eu\/p\/scramble-peace-and-violence-spats-black\/"},"modified":"2022-11-13T18:58:25","modified_gmt":"2022-11-13T18:58:25","slug":"scramble-peace-and-violence-spats-black-2","status":"publish","type":"product","link":"https:\/\/scramblestuff.com\/eu\/fr\/p\/scramble-peace-and-violence-spats-black-2\/","title":{"rendered":"Scramble Peace and Violence Spats &#8211; Black"},"content":{"rendered":"<p>Le th\u00e8me est \u00ab\u00a0Paix int\u00e9rieure, violence ext\u00e9rieure\u00a0\u00bb.<br \/>\nVous devez civiliser l&rsquo;esprit mais rendre le corps sauvage. \u2800<br \/>\nLorsque nous nous entra\u00eenons et concourons, nous devrions nous sentir int\u00e9rieurement calmes et en paix, alors qu&rsquo;ext\u00e9rieurement, nos actions sont violentes. Nous ne voulons pas faire de mal \u00e0 nos adversaires, mais les blocages et les \u00e9tranglements sont intrins\u00e8quement violents. \u2800<br \/>\nCe th\u00e8me c\u00e9l\u00e8bre \u00e9galement la curieuse juxtaposition entre la paix et la violence, dans la mesure o\u00f9 notre formation \u00e0 l&rsquo;art de la violence nous apporte la paix et nous rapproche toujours plus de nos amis et de nos communaut\u00e9s.<\/p>\n","protected":false},"excerpt":{"rendered":"<p>Gu\u00eatres de qualit\u00e9 sup\u00e9rieure \u00e0 ajustement compressif<br \/>\nCollabo avec un tatoueur italien, Hellsandro<br \/>\nFait partie de l&rsquo;ensemble Paix et violence<\/p>\n","protected":false},"featured_media":69593,"comment_status":"open","ping_status":"closed","template":"","meta":{"_editorskit_title_hidden":false,"_editorskit_reading_time":0,"_editorskit_is_block_options_detached":false,"_editorskit_block_options_position":"{}"},"product_brand":[],"product_cat":[212,305,280,184],"product_tag":[],"giftcard-category":[],"class_list":{"0":"post-72086","1":"product","2":"type-product","3":"status-publish","4":"has-post-thumbnail","6":"product_cat-lusure-de-combat","7":"product_cat-mma-fr","8":"product_cat-rashguards-fr","9":"product_cat-tous-les-produits","11":"first","12":"outofstock","13":"taxable","14":"shipping-taxable","15":"purchasable","16":"product-type-variable"},"_links":{"self":[{"href":"https:\/\/scramblestuff.com\/eu\/fr\/wp-json\/wp\/v2\/product\/72086","targetHints":{"allow":["GET"]}}],"collection":[{"href":"https:\/\/scramblestuff.com\/eu\/fr\/wp-json\/wp\/v2\/product"}],"about":[{"href":"https:\/\/scramblestuff.com\/eu\/fr\/wp-json\/wp\/v2\/types\/product"}],"replies":[{"embeddable":true,"href":"https:\/\/scramblestuff.com\/eu\/fr\/wp-json\/wp\/v2\/comments?post=72086"}],"wp:featuredmedia":[{"embeddable":true,"href":"https:\/\/scramblestuff.com\/eu\/fr\/wp-json\/wp\/v2\/media\/69593"}],"wp:attachment":[{"href":"https:\/\/scramblestuff.com\/eu\/fr\/wp-json\/wp\/v2\/media?parent=72086"}],"wp:term":[{"taxonomy":"product_brand","embeddable":true,"href":"https:\/\/scramblestuff.com\/eu\/fr\/wp-json\/wp\/v2\/product_brand?post=72086"},{"taxonomy":"product_cat","embeddable":true,"href":"https:\/\/scramblestuff.com\/eu\/fr\/wp-json\/wp\/v2\/product_cat?post=72086"},{"taxonomy":"product_tag","embeddable":true,"href":"https:\/\/scramblestuff.com\/eu\/fr\/wp-json\/wp\/v2\/product_tag?post=72086"},{"taxonomy":"giftcard-category","embeddable":true,"href":"https:\/\/scramblestuff.com\/eu\/fr\/wp-json\/wp\/v2\/giftcard-category?post=72086"}],"curies":[{"name":"wp","href":"https:\/\/api.w.org\/{rel}","templated":true}]}}