{"id":72099,"date":"2021-09-28T15:58:13","date_gmt":"2022-11-13T20:58:41","guid":{"rendered":"https:\/\/scramblestuff.com\/eu\/p\/scramble-legends-tee-kazushi-sakuraba\/"},"modified":"2022-11-13T20:58:41","modified_gmt":"2022-11-13T20:58:41","slug":"scramble-legends-tee-kazushi-sakuraba-2-2","status":"publish","type":"product","link":"https:\/\/scramblestuff.com\/eu\/fr\/p\/scramble-legends-tee-kazushi-sakuraba-2-2\/","title":{"rendered":"Scramble Legends Tee &#8211; Kazushi Sakuraba"},"content":{"rendered":"<p>Susumu Nagao a \u00e9t\u00e9 pr\u00e9sent lors de certains des \u00e9v\u00e9nements les plus embl\u00e9matiques de l&rsquo;histoire du MMA, des \u00e9v\u00e9nements proto-Pride au Japon aux premiers UFC, jusqu&rsquo;au Rizin et aux spectaculaires MMA d&rsquo;aujourd&rsquo;hui. Au fil des ann\u00e9es, il a photographi\u00e9 des l\u00e9gendes qui font partie du paysage des arts martiaux mixtes et du grappling. Kazushi Sakuraba n&rsquo;a pas besoin d&rsquo;\u00eatre pr\u00e9sent\u00e9 : c&rsquo;est l&rsquo;un des grapplers \/ combattants MMA les plus embl\u00e9matiques de tous les temps, avec des victoires l\u00e9gendaires sur la famille Gracie, une victoire au premier tournoi de l&rsquo;UFC Japon, et une carri\u00e8re l\u00e9gendaire en tant que plus grande attraction de Pride, le plus grand spectacle MMA qui ait jamais exist\u00e9. L&rsquo;attrait de Sakuraba a toujours \u00e9t\u00e9 sa capacit\u00e9 \u00e0 transcender le simple sport de combat et \u00e0 l&rsquo;\u00e9lever au rang d&rsquo;art humain dans ses performances l\u00e9gendaires, souvent avec un sourire en coin. Ceci est parfaitement incarn\u00e9 dans cette photo que nous avons choisie, prise lors de son affrontement embl\u00e9matique d&rsquo;une heure avec la l\u00e9gende Royce Gracie au Pride GP 2000.<\/p>\n","protected":false},"excerpt":{"rendered":"<p>Collaboration avec Susumu Nagao Qualit\u00e9 sup\u00e9rieure, fabriqu\u00e9 en Europe \u00c9dition limit\u00e9e \/ Licence officielle<\/p>\n","protected":false},"featured_media":60122,"comment_status":"open","ping_status":"closed","template":"","meta":{"_editorskit_title_hidden":false,"_editorskit_reading_time":0,"_editorskit_is_block_options_detached":false,"_editorskit_block_options_position":"{}"},"product_brand":[],"product_cat":[305,208,184,188],"product_tag":[],"giftcard-category":[],"class_list":{"0":"post-72099","1":"product","2":"type-product","3":"status-publish","4":"has-post-thumbnail","6":"product_cat-mma-fr","7":"product_cat-t-shirts-fr","8":"product_cat-tous-les-produits","9":"product_cat-vetement-de-tous-les-jours","11":"first","12":"outofstock","13":"taxable","14":"shipping-taxable","15":"purchasable","16":"product-type-variable"},"_links":{"self":[{"href":"https:\/\/scramblestuff.com\/eu\/fr\/wp-json\/wp\/v2\/product\/72099","targetHints":{"allow":["GET"]}}],"collection":[{"href":"https:\/\/scramblestuff.com\/eu\/fr\/wp-json\/wp\/v2\/product"}],"about":[{"href":"https:\/\/scramblestuff.com\/eu\/fr\/wp-json\/wp\/v2\/types\/product"}],"replies":[{"embeddable":true,"href":"https:\/\/scramblestuff.com\/eu\/fr\/wp-json\/wp\/v2\/comments?post=72099"}],"wp:featuredmedia":[{"embeddable":true,"href":"https:\/\/scramblestuff.com\/eu\/fr\/wp-json\/wp\/v2\/media\/60122"}],"wp:attachment":[{"href":"https:\/\/scramblestuff.com\/eu\/fr\/wp-json\/wp\/v2\/media?parent=72099"}],"wp:term":[{"taxonomy":"product_brand","embeddable":true,"href":"https:\/\/scramblestuff.com\/eu\/fr\/wp-json\/wp\/v2\/product_brand?post=72099"},{"taxonomy":"product_cat","embeddable":true,"href":"https:\/\/scramblestuff.com\/eu\/fr\/wp-json\/wp\/v2\/product_cat?post=72099"},{"taxonomy":"product_tag","embeddable":true,"href":"https:\/\/scramblestuff.com\/eu\/fr\/wp-json\/wp\/v2\/product_tag?post=72099"},{"taxonomy":"giftcard-category","embeddable":true,"href":"https:\/\/scramblestuff.com\/eu\/fr\/wp-json\/wp\/v2\/giftcard-category?post=72099"}],"curies":[{"name":"wp","href":"https:\/\/api.w.org\/{rel}","templated":true}]}}