{"id":72119,"date":"2021-03-03T13:01:08","date_gmt":"2022-11-13T21:18:08","guid":{"rendered":"https:\/\/scramblestuff.com\/eu\/p\/scramble-collegiate-wrestling-joggers-sporting-green\/"},"modified":"2022-11-13T21:18:08","modified_gmt":"2022-11-13T21:18:08","slug":"scramble-collegiate-wrestling-joggers-sporting-green-2","status":"publish","type":"product","link":"https:\/\/scramblestuff.com\/eu\/fr\/p\/scramble-collegiate-wrestling-joggers-sporting-green-2\/","title":{"rendered":"Scramble Collegiate Wrestling Joggers &#8211; Sporting Green"},"content":{"rendered":"<p>Inspir\u00e9 par la lutte.<\/p>\n<p>La lutte est consid\u00e9r\u00e9e comme la comp\u00e9tence universelle en mati\u00e8re de combat &#8211; vous ne pouvez plus concourir en MMA sans une bonne compr\u00e9hension de la lutte, car elle d\u00e9termine le lieu du combat. Le jiujitsu conna\u00eet lui aussi un regain d&rsquo;int\u00e9r\u00eat pour la capacit\u00e9 \u00e0 mettre l&rsquo;autre \u00e0 terre, alors que les Am\u00e9ricains commencent \u00e0 dominer le sport et apportent avec eux leur amour de l&rsquo;art ancien de la lutte.<\/p>\n<p>Il s&rsquo;agit d&rsquo;un jogging en coton bouclette French Terry. Convient pour l&rsquo;entra\u00eenement \u00e0 la lutte (il y a des poignets et une taille \u00e9lastiques, avec un cordon de serrage suppl\u00e9mentaire pour les entra\u00eenements plus intenses).<\/p>\n<p>Convient \u00e9galement parfaitement pour se pr\u00e9lasser \u00e0 la maison ou pour tout autre type d&rsquo;entra\u00eenement &#8211; jogging, course \u00e0 pied, travail en salle de sport, etc.<\/p>\n<p>Avec le logo Scramble s\u00e9rigraphi\u00e9 et l&rsquo;identification Skabuki brod\u00e9e.<\/p>\n<p>&nbsp;<\/p>\n<p>&nbsp;<\/p>\n","protected":false},"excerpt":{"rendered":"<p>Con\u00e7u pour les lutteurs, adapt\u00e9 \u00e0 la d\u00e9tente.<\/p>\n<p>Coton \u00e9ponge Terry French boucl\u00e9 de poids moyen<\/p>\n<p>Conception traditionnelle &#8211; \u00e9lastique aux poignets et \u00e0 la taille (plus cordon de serrage)<\/p>\n","protected":false},"featured_media":12761,"comment_status":"open","ping_status":"closed","template":"","meta":{"_editorskit_title_hidden":false,"_editorskit_reading_time":0,"_editorskit_is_block_options_detached":false,"_editorskit_block_options_position":"{}"},"product_brand":[],"product_cat":[192,184,188],"product_tag":[],"giftcard-category":[],"class_list":{"0":"post-72119","1":"product","2":"type-product","3":"status-publish","4":"has-post-thumbnail","6":"product_cat-capots-sweats","7":"product_cat-tous-les-produits","8":"product_cat-vetement-de-tous-les-jours","10":"first","11":"outofstock","12":"taxable","13":"shipping-taxable","14":"purchasable","15":"product-type-variable"},"_links":{"self":[{"href":"https:\/\/scramblestuff.com\/eu\/fr\/wp-json\/wp\/v2\/product\/72119","targetHints":{"allow":["GET"]}}],"collection":[{"href":"https:\/\/scramblestuff.com\/eu\/fr\/wp-json\/wp\/v2\/product"}],"about":[{"href":"https:\/\/scramblestuff.com\/eu\/fr\/wp-json\/wp\/v2\/types\/product"}],"replies":[{"embeddable":true,"href":"https:\/\/scramblestuff.com\/eu\/fr\/wp-json\/wp\/v2\/comments?post=72119"}],"wp:featuredmedia":[{"embeddable":true,"href":"https:\/\/scramblestuff.com\/eu\/fr\/wp-json\/wp\/v2\/media\/12761"}],"wp:attachment":[{"href":"https:\/\/scramblestuff.com\/eu\/fr\/wp-json\/wp\/v2\/media?parent=72119"}],"wp:term":[{"taxonomy":"product_brand","embeddable":true,"href":"https:\/\/scramblestuff.com\/eu\/fr\/wp-json\/wp\/v2\/product_brand?post=72119"},{"taxonomy":"product_cat","embeddable":true,"href":"https:\/\/scramblestuff.com\/eu\/fr\/wp-json\/wp\/v2\/product_cat?post=72119"},{"taxonomy":"product_tag","embeddable":true,"href":"https:\/\/scramblestuff.com\/eu\/fr\/wp-json\/wp\/v2\/product_tag?post=72119"},{"taxonomy":"giftcard-category","embeddable":true,"href":"https:\/\/scramblestuff.com\/eu\/fr\/wp-json\/wp\/v2\/giftcard-category?post=72119"}],"curies":[{"name":"wp","href":"https:\/\/api.w.org\/{rel}","templated":true}]}}