{"id":72881,"date":"2022-11-15T15:09:45","date_gmt":"2022-11-22T15:53:15","guid":{"rendered":"https:\/\/scramblestuff.com\/eu\/p\/mochi-hoody-black\/"},"modified":"2024-02-29T15:59:00","modified_gmt":"2024-02-29T15:59:00","slug":"mochi-hoody-black","status":"publish","type":"product","link":"https:\/\/scramblestuff.com\/eu\/fr\/p\/mochi-hoody-black\/","title":{"rendered":"Mochi Hoody &#8211; Black"},"content":{"rendered":"<p>C&rsquo;est \u00ab\u00a0juste\u00a0\u00bb un logo brod\u00e9 en chenille sur un sweat \u00e0 capuche. Mais devinez quoi ? Le logo de la Scramble signifie quelque chose apr\u00e8s toutes ces ann\u00e9es, alors HA nous pouvons simplement mettre un logo sur un sweat \u00e0 capuche et en avoir fini avec \u00e7a. CEPENDANT ! Ce n&rsquo;est pas SEULEMENT un logo. C&rsquo;est un logo en chenille brod\u00e9. Savez-vous ce que cela signifie ?! EST-CE QUE VOUS ? Eh bien, moi non plus. Mais c&rsquo;est vraiment agr\u00e9able. Tr\u00e8s bien en effet. Tout doux et moelleux et&#8230; agr\u00e9able. Pas tr\u00e8s macho, mais quand m\u00eame. Sympa. Vous verrez quand vous l&rsquo;aurez. C&rsquo;est sympa.<\/p>\n","protected":false},"excerpt":{"rendered":"<p>Super doux et confortable<br \/>\nTissu chenille de luxe<br \/>\nDoux et savoureux comme un Mochi ! Ne le mange pas, d&rsquo;accord ?<\/p>\n","protected":false},"featured_media":72458,"comment_status":"open","ping_status":"closed","template":"","meta":{"_editorskit_title_hidden":false,"_editorskit_reading_time":0,"_editorskit_is_block_options_detached":false,"_editorskit_block_options_position":"{}"},"product_brand":[],"product_cat":[192,27,184,230,188],"product_tag":[],"giftcard-category":[],"class_list":{"0":"post-72881","1":"product","2":"type-product","3":"status-publish","4":"has-post-thumbnail","6":"product_cat-capots-sweats","7":"product_cat-sale","8":"product_cat-tous-les-produits","9":"product_cat-vente","10":"product_cat-vetement-de-tous-les-jours","12":"first","13":"outofstock","14":"taxable","15":"shipping-taxable","16":"purchasable","17":"product-type-variable"},"_links":{"self":[{"href":"https:\/\/scramblestuff.com\/eu\/fr\/wp-json\/wp\/v2\/product\/72881","targetHints":{"allow":["GET"]}}],"collection":[{"href":"https:\/\/scramblestuff.com\/eu\/fr\/wp-json\/wp\/v2\/product"}],"about":[{"href":"https:\/\/scramblestuff.com\/eu\/fr\/wp-json\/wp\/v2\/types\/product"}],"replies":[{"embeddable":true,"href":"https:\/\/scramblestuff.com\/eu\/fr\/wp-json\/wp\/v2\/comments?post=72881"}],"wp:featuredmedia":[{"embeddable":true,"href":"https:\/\/scramblestuff.com\/eu\/fr\/wp-json\/wp\/v2\/media\/72458"}],"wp:attachment":[{"href":"https:\/\/scramblestuff.com\/eu\/fr\/wp-json\/wp\/v2\/media?parent=72881"}],"wp:term":[{"taxonomy":"product_brand","embeddable":true,"href":"https:\/\/scramblestuff.com\/eu\/fr\/wp-json\/wp\/v2\/product_brand?post=72881"},{"taxonomy":"product_cat","embeddable":true,"href":"https:\/\/scramblestuff.com\/eu\/fr\/wp-json\/wp\/v2\/product_cat?post=72881"},{"taxonomy":"product_tag","embeddable":true,"href":"https:\/\/scramblestuff.com\/eu\/fr\/wp-json\/wp\/v2\/product_tag?post=72881"},{"taxonomy":"giftcard-category","embeddable":true,"href":"https:\/\/scramblestuff.com\/eu\/fr\/wp-json\/wp\/v2\/giftcard-category?post=72881"}],"curies":[{"name":"wp","href":"https:\/\/api.w.org\/{rel}","templated":true}]}}