{"id":72918,"date":"2022-11-15T11:45:55","date_gmt":"2022-11-22T16:30:41","guid":{"rendered":"https:\/\/scramblestuff.com\/eu\/p\/yin-yang-hoody-green\/"},"modified":"2022-11-22T16:30:43","modified_gmt":"2022-11-22T16:30:43","slug":"yin-yang-hoody-green","status":"publish","type":"product","link":"https:\/\/scramblestuff.com\/eu\/fr\/p\/yin-yang-hoody-green\/","title":{"rendered":"Yin Yang Hoody &#8211; Green"},"content":{"rendered":"<p>L&rsquo;ensemble Sweat \u00e0 capuche et jogging Scramble Yin Yang est un ensemble de jogging d\u00e9contract\u00e9 et confortable fabriqu\u00e9 en coton de qualit\u00e9, avec des imprim\u00e9s asym\u00e9triques uniques et des d\u00e9tails subtils. Sur le th\u00e8me de la paix par des soumissions sup\u00e9rieures, nous avons un traitement de logo Yin Yang de Scramble ainsi que notre m\u00e9lange signature de typographie japonaise et occidentale.<\/p>\n","protected":false},"excerpt":{"rendered":"<p>Capuche coupe d\u00e9contract\u00e9e<br \/>\nCoupe et couture sur mesure avec des emplacements d&rsquo;impression uniques<br \/>\nLe th\u00e8me de la paix \u00e0 travers des soumissions sup\u00e9rieures<\/p>\n","protected":false},"featured_media":72217,"comment_status":"open","ping_status":"closed","template":"","meta":{"_editorskit_title_hidden":false,"_editorskit_reading_time":0,"_editorskit_is_block_options_detached":false,"_editorskit_block_options_position":"{}"},"product_brand":[],"product_cat":[192,184,230,188],"product_tag":[],"giftcard-category":[],"class_list":{"0":"post-72918","1":"product","2":"type-product","3":"status-publish","4":"has-post-thumbnail","6":"product_cat-capots-sweats","7":"product_cat-tous-les-produits","8":"product_cat-vente","9":"product_cat-vetement-de-tous-les-jours","11":"first","12":"outofstock","13":"taxable","14":"shipping-taxable","15":"purchasable","16":"product-type-variable"},"_links":{"self":[{"href":"https:\/\/scramblestuff.com\/eu\/fr\/wp-json\/wp\/v2\/product\/72918","targetHints":{"allow":["GET"]}}],"collection":[{"href":"https:\/\/scramblestuff.com\/eu\/fr\/wp-json\/wp\/v2\/product"}],"about":[{"href":"https:\/\/scramblestuff.com\/eu\/fr\/wp-json\/wp\/v2\/types\/product"}],"replies":[{"embeddable":true,"href":"https:\/\/scramblestuff.com\/eu\/fr\/wp-json\/wp\/v2\/comments?post=72918"}],"wp:featuredmedia":[{"embeddable":true,"href":"https:\/\/scramblestuff.com\/eu\/fr\/wp-json\/wp\/v2\/media\/72217"}],"wp:attachment":[{"href":"https:\/\/scramblestuff.com\/eu\/fr\/wp-json\/wp\/v2\/media?parent=72918"}],"wp:term":[{"taxonomy":"product_brand","embeddable":true,"href":"https:\/\/scramblestuff.com\/eu\/fr\/wp-json\/wp\/v2\/product_brand?post=72918"},{"taxonomy":"product_cat","embeddable":true,"href":"https:\/\/scramblestuff.com\/eu\/fr\/wp-json\/wp\/v2\/product_cat?post=72918"},{"taxonomy":"product_tag","embeddable":true,"href":"https:\/\/scramblestuff.com\/eu\/fr\/wp-json\/wp\/v2\/product_tag?post=72918"},{"taxonomy":"giftcard-category","embeddable":true,"href":"https:\/\/scramblestuff.com\/eu\/fr\/wp-json\/wp\/v2\/giftcard-category?post=72918"}],"curies":[{"name":"wp","href":"https:\/\/api.w.org\/{rel}","templated":true}]}}