{"id":73594,"date":"2021-02-10T11:39:36","date_gmt":"2021-02-10T11:39:36","guid":{"rendered":"https:\/\/scramblestuff.com\/eu\/p\/scramble-athlete-gi-blanc\/"},"modified":"2023-07-03T11:08:09","modified_gmt":"2023-07-03T10:08:09","slug":"scramble-athlete-gi-white","status":"publish","type":"product","link":"https:\/\/scramblestuff.com\/eu\/fr\/p\/scramble-athlete-gi-white\/","title":{"rendered":"Scramble Athlete Gi &#8211; Blanc"},"content":{"rendered":"<p>L&rsquo;Athlete est le gi de jiujitsu phare de Scramble, qui se situe au sommet de notre gamme. Au fil des ans, nous avons affin\u00e9 l&rsquo;ajustement, la coupe et l&rsquo;esth\u00e9tique, et le r\u00e9sultat est un Gi propre et bien ajust\u00e9. La plupart des tailles sont con\u00e7ues pour une coupe plus athl\u00e9tique, d&rsquo;o\u00f9 leur nom. Il existe trois niveaux de Scramble&rsquo;s Athlete : La version l\u00e9g\u00e8re, ax\u00e9e sur la comp\u00e9tition, la version moyenne et polyvalente, et l&rsquo;\u00e9dition pro collector.<\/p>\n<p>Il s&rsquo;agit de l&rsquo;Athlete, l&rsquo;\u00e9dition de milieu de gamme, bien qu&rsquo;elle n&rsquo;ait rien de moyen. Ce Gi pr\u00e9sente l&rsquo;\u00e9quilibre parfait entre qualit\u00e9, co\u00fbt et esth\u00e9tique. Le poids et la robustesse sont parfaits pour une utilisation quotidienne et en comp\u00e9tition, avec un grammage de 450 g\/m2. Les bas sont en ripstop, ce qui devrait r\u00e9sister \u00e0 de nombreuses ann\u00e9es d&rsquo;entra\u00eenement rigoureux et de comp\u00e9tition sans r\u00e9tr\u00e9cissement notable.<\/p>\n<p>&nbsp;<\/p>\n","protected":false},"excerpt":{"rendered":"<p>Polyvalent de poids moyen<\/p>\n<p>Dessus en tissu perl\u00e9 450gsm \/ Dessous en ripstop 10oz<\/p>\n<p>Id\u00e9al pour l&rsquo;entra\u00eenement quotidien et la comp\u00e9tition<\/p>\n<p>Un \u00e9quilibre parfait entre le co\u00fbt, le confort et l&rsquo;esth\u00e9tique<\/p>\n","protected":false},"featured_media":12629,"comment_status":"open","ping_status":"closed","template":"","meta":{"_editorskit_title_hidden":false,"_editorskit_reading_time":0,"_editorskit_is_block_options_detached":false,"_editorskit_block_options_position":"{}"},"product_brand":[],"product_cat":[303,212,184],"product_tag":[],"giftcard-category":[],"class_list":{"0":"post-73594","1":"product","2":"type-product","3":"status-publish","4":"has-post-thumbnail","6":"product_cat-bjj-gi","7":"product_cat-lusure-de-combat","8":"product_cat-tous-les-produits","10":"first","11":"outofstock","12":"taxable","13":"shipping-taxable","14":"purchasable","15":"product-type-variable"},"_links":{"self":[{"href":"https:\/\/scramblestuff.com\/eu\/fr\/wp-json\/wp\/v2\/product\/73594","targetHints":{"allow":["GET"]}}],"collection":[{"href":"https:\/\/scramblestuff.com\/eu\/fr\/wp-json\/wp\/v2\/product"}],"about":[{"href":"https:\/\/scramblestuff.com\/eu\/fr\/wp-json\/wp\/v2\/types\/product"}],"replies":[{"embeddable":true,"href":"https:\/\/scramblestuff.com\/eu\/fr\/wp-json\/wp\/v2\/comments?post=73594"}],"wp:featuredmedia":[{"embeddable":true,"href":"https:\/\/scramblestuff.com\/eu\/fr\/wp-json\/wp\/v2\/media\/12629"}],"wp:attachment":[{"href":"https:\/\/scramblestuff.com\/eu\/fr\/wp-json\/wp\/v2\/media?parent=73594"}],"wp:term":[{"taxonomy":"product_brand","embeddable":true,"href":"https:\/\/scramblestuff.com\/eu\/fr\/wp-json\/wp\/v2\/product_brand?post=73594"},{"taxonomy":"product_cat","embeddable":true,"href":"https:\/\/scramblestuff.com\/eu\/fr\/wp-json\/wp\/v2\/product_cat?post=73594"},{"taxonomy":"product_tag","embeddable":true,"href":"https:\/\/scramblestuff.com\/eu\/fr\/wp-json\/wp\/v2\/product_tag?post=73594"},{"taxonomy":"giftcard-category","embeddable":true,"href":"https:\/\/scramblestuff.com\/eu\/fr\/wp-json\/wp\/v2\/giftcard-category?post=73594"}],"curies":[{"name":"wp","href":"https:\/\/api.w.org\/{rel}","templated":true}]}}