{"id":73697,"date":"2021-02-10T11:36:43","date_gmt":"2022-12-06T17:21:17","guid":{"rendered":"https:\/\/scramblestuff.com\/eu\/p\/scramble-athlite-gi-female-cut-bleu\/"},"modified":"2022-12-06T17:21:20","modified_gmt":"2022-12-06T17:21:20","slug":"scramble-athlite-gi-female-cut-blue","status":"publish","type":"product","link":"https:\/\/scramblestuff.com\/eu\/fr\/p\/scramble-athlite-gi-female-cut-blue\/","title":{"rendered":"Scramble Athlite Gi Female Cut &#8211; Bleu"},"content":{"rendered":"<p>L&rsquo;Athlete est le Gi de Jiujitsu phare de Scramble, qui se situe au sommet de notre gamme. Au fil des ans, nous avons affin\u00e9 l&rsquo;ajustement, la coupe et l&rsquo;esth\u00e9tique, et le r\u00e9sultat est un Gi propre et bien ajust\u00e9. La plupart des tailles sont adapt\u00e9es \u00e0 une coupe plus athl\u00e9tique, d&rsquo;o\u00f9 le nom. Il existe trois niveaux de Scramble&rsquo;s Athlete : La version l\u00e9g\u00e8re, ax\u00e9e sur la comp\u00e9tition, la version moyenne et polyvalente, et l&rsquo;\u00e9dition pro collector.<\/p>\n<p>Il s&rsquo;agit de l&rsquo;Athlete, cr\u00e9\u00e9 en pensant aux comp\u00e9titeurs s\u00e9rieux, avec des d\u00e9tails de logo minimaux et une construction l\u00e9g\u00e8re mais solide. La combinaison 350 \/ 8 du haut et du bas devrait permettre une r\u00e9duction de poids plus facile. Comme le Gi est consid\u00e9rablement plus l\u00e9ger et plus fin que les autres mod\u00e8les, ce Gi n&rsquo;est pas recommand\u00e9 pour l&rsquo;entra\u00eenement quotidien car il s&rsquo;usera et r\u00e9tr\u00e9cira \u00e0 un rythme l\u00e9g\u00e8rement plus \u00e9lev\u00e9 que les versions plus robustes de l&rsquo;Athlete.<\/p>\n<p>&nbsp;<\/p>\n","protected":false},"excerpt":{"rendered":"<p>Un poids l\u00e9ger pour les concurrents<\/p>\n<p>Dessus 350gsm \/ Dessous 8oz ripstop<\/p>\n<p>Mat\u00e9riaux de premi\u00e8re qualit\u00e9<\/p>\n","protected":false},"featured_media":12361,"comment_status":"open","ping_status":"closed","template":"","meta":{"_editorskit_title_hidden":false,"_editorskit_reading_time":0,"_editorskit_is_block_options_detached":false,"_editorskit_block_options_position":"{}"},"product_brand":[],"product_cat":[241,303,237,212,27,184],"product_tag":[],"giftcard-category":[],"class_list":{"0":"post-73697","1":"product","2":"type-product","3":"status-publish","4":"has-post-thumbnail","6":"product_cat-aux-femmes-bjj-gi","7":"product_cat-bjj-gi","8":"product_cat-femmes","9":"product_cat-lusure-de-combat","10":"product_cat-sale","11":"product_cat-tous-les-produits","13":"first","14":"outofstock","15":"taxable","16":"shipping-taxable","17":"purchasable","18":"product-type-variable"},"_links":{"self":[{"href":"https:\/\/scramblestuff.com\/eu\/fr\/wp-json\/wp\/v2\/product\/73697","targetHints":{"allow":["GET"]}}],"collection":[{"href":"https:\/\/scramblestuff.com\/eu\/fr\/wp-json\/wp\/v2\/product"}],"about":[{"href":"https:\/\/scramblestuff.com\/eu\/fr\/wp-json\/wp\/v2\/types\/product"}],"replies":[{"embeddable":true,"href":"https:\/\/scramblestuff.com\/eu\/fr\/wp-json\/wp\/v2\/comments?post=73697"}],"wp:featuredmedia":[{"embeddable":true,"href":"https:\/\/scramblestuff.com\/eu\/fr\/wp-json\/wp\/v2\/media\/12361"}],"wp:attachment":[{"href":"https:\/\/scramblestuff.com\/eu\/fr\/wp-json\/wp\/v2\/media?parent=73697"}],"wp:term":[{"taxonomy":"product_brand","embeddable":true,"href":"https:\/\/scramblestuff.com\/eu\/fr\/wp-json\/wp\/v2\/product_brand?post=73697"},{"taxonomy":"product_cat","embeddable":true,"href":"https:\/\/scramblestuff.com\/eu\/fr\/wp-json\/wp\/v2\/product_cat?post=73697"},{"taxonomy":"product_tag","embeddable":true,"href":"https:\/\/scramblestuff.com\/eu\/fr\/wp-json\/wp\/v2\/product_tag?post=73697"},{"taxonomy":"giftcard-category","embeddable":true,"href":"https:\/\/scramblestuff.com\/eu\/fr\/wp-json\/wp\/v2\/giftcard-category?post=73697"}],"curies":[{"name":"wp","href":"https:\/\/api.w.org\/{rel}","templated":true}]}}