{"id":73703,"date":"2021-02-10T11:36:44","date_gmt":"2022-12-06T17:27:34","guid":{"rendered":"https:\/\/scramblestuff.com\/eu\/p\/scramble-athlete-gi-female-cut-bleu\/"},"modified":"2022-12-06T17:27:34","modified_gmt":"2022-12-06T17:27:34","slug":"scramble-athlete-gi-female-cut-blue-2","status":"publish","type":"product","link":"https:\/\/scramblestuff.com\/eu\/fr\/p\/scramble-athlete-gi-female-cut-blue-2\/","title":{"rendered":"Scramble Athlete Gi Female Cut &#8211; Bleu"},"content":{"rendered":"<p>L&rsquo;Athlete est le Gi de Jiujitsu phare de Scramble, qui se situe au sommet de notre gamme. Au fil des ans, nous avons affin\u00e9 l&rsquo;ajustement, la coupe et l&rsquo;esth\u00e9tique, et le r\u00e9sultat est un Gi propre et bien ajust\u00e9. La plupart des tailles sont adapt\u00e9es \u00e0 une coupe plus athl\u00e9tique, d&rsquo;o\u00f9 le nom. Il existe trois niveaux de Scramble&rsquo;s Athlete : La version l\u00e9g\u00e8re, ax\u00e9e sur la comp\u00e9tition, la version moyenne et polyvalente, et l&rsquo;\u00e9dition pro collector.<\/p>\n<p>Il s&rsquo;agit de l&rsquo;Athlete, l&rsquo;\u00e9dition de milieu de gamme, bien qu&rsquo;elle n&rsquo;ait rien de moyen. Ce Gi pr\u00e9sente l&rsquo;\u00e9quilibre parfait entre qualit\u00e9, co\u00fbt et esth\u00e9tique. Le poids et la robustesse sont parfaits pour une utilisation quotidienne et en comp\u00e9tition, avec un grammage de 450 g\/m2. Les bas sont en ripstop, ce qui devrait r\u00e9sister \u00e0 de nombreuses ann\u00e9es d&rsquo;entra\u00eenement rigoureux et de comp\u00e9tition sans r\u00e9tr\u00e9cissement notable.<\/p>\n<p>&nbsp;<\/p>\n","protected":false},"excerpt":{"rendered":"<p>Polyvalent de poids moyen<\/p>\n<p>Dessus en tissu perl\u00e9 450gsm \/ Dessous en ripstop 10oz<\/p>\n<p>Id\u00e9al pour l&rsquo;entra\u00eenement quotidien et la comp\u00e9tition<\/p>\n<p>Un \u00e9quilibre parfait entre le co\u00fbt, le confort et l&rsquo;esth\u00e9tique<\/p>\n","protected":false},"featured_media":12441,"comment_status":"open","ping_status":"closed","template":"","meta":{"_editorskit_title_hidden":false,"_editorskit_reading_time":0,"_editorskit_is_block_options_detached":false,"_editorskit_block_options_position":"{}"},"product_brand":[],"product_cat":[241,303,237,212,27,184],"product_tag":[],"giftcard-category":[],"class_list":{"0":"post-73703","1":"product","2":"type-product","3":"status-publish","4":"has-post-thumbnail","6":"product_cat-aux-femmes-bjj-gi","7":"product_cat-bjj-gi","8":"product_cat-femmes","9":"product_cat-lusure-de-combat","10":"product_cat-sale","11":"product_cat-tous-les-produits","13":"first","14":"outofstock","15":"taxable","16":"shipping-taxable","17":"purchasable","18":"product-type-variable"},"_links":{"self":[{"href":"https:\/\/scramblestuff.com\/eu\/fr\/wp-json\/wp\/v2\/product\/73703","targetHints":{"allow":["GET"]}}],"collection":[{"href":"https:\/\/scramblestuff.com\/eu\/fr\/wp-json\/wp\/v2\/product"}],"about":[{"href":"https:\/\/scramblestuff.com\/eu\/fr\/wp-json\/wp\/v2\/types\/product"}],"replies":[{"embeddable":true,"href":"https:\/\/scramblestuff.com\/eu\/fr\/wp-json\/wp\/v2\/comments?post=73703"}],"wp:featuredmedia":[{"embeddable":true,"href":"https:\/\/scramblestuff.com\/eu\/fr\/wp-json\/wp\/v2\/media\/12441"}],"wp:attachment":[{"href":"https:\/\/scramblestuff.com\/eu\/fr\/wp-json\/wp\/v2\/media?parent=73703"}],"wp:term":[{"taxonomy":"product_brand","embeddable":true,"href":"https:\/\/scramblestuff.com\/eu\/fr\/wp-json\/wp\/v2\/product_brand?post=73703"},{"taxonomy":"product_cat","embeddable":true,"href":"https:\/\/scramblestuff.com\/eu\/fr\/wp-json\/wp\/v2\/product_cat?post=73703"},{"taxonomy":"product_tag","embeddable":true,"href":"https:\/\/scramblestuff.com\/eu\/fr\/wp-json\/wp\/v2\/product_tag?post=73703"},{"taxonomy":"giftcard-category","embeddable":true,"href":"https:\/\/scramblestuff.com\/eu\/fr\/wp-json\/wp\/v2\/giftcard-category?post=73703"}],"curies":[{"name":"wp","href":"https:\/\/api.w.org\/{rel}","templated":true}]}}