{"id":73715,"date":"2021-02-10T11:34:31","date_gmt":"2021-02-10T11:34:31","guid":{"rendered":"https:\/\/scramblestuff.com\/eu\/p\/scramble-combination-shorts-camo\/"},"modified":"2025-08-09T00:00:14","modified_gmt":"2025-08-08T23:00:14","slug":"scramble-combination-shorts-camo","status":"publish","type":"product","link":"https:\/\/scramblestuff.com\/eu\/fr\/p\/scramble-combination-shorts-camo\/","title":{"rendered":"Scramble Combination Shorts &#8211; Camo"},"content":{"rendered":"<p>Notre short combin\u00e9 prim\u00e9*, d\u00e9sormais disponible avec un lycra int\u00e9rieur camouflage tigre. Le short combin\u00e9 est un excellent short d&rsquo;entra\u00eenement, adapt\u00e9 au jiujitsu et au grappling (sans gi) mais aussi \u00e0 la course \u00e0 pied et \u00e0 la gym. Avec une couche int\u00e9rieure en lycra et une finition courte, au-dessus de la cuisse, sur le c\u00f4t\u00e9 ext\u00e9rieur.<\/p>\n<p>&nbsp;<\/p>\n<p>Nous avons un dicton ici \u00e0 Scramble. \u00ab\u00a0Si ce n&rsquo;est pas cass\u00e9, ne le r\u00e9pare pas\u00a0\u00bb. Mais, si c&rsquo;est possible, ajoutez-y du camouflage de tigre. En fait, mettez du tiger camo partout o\u00f9 vous pouvez, OK ?\u00a0\u00bb<\/p>\n<p>C&rsquo;est un excellent dicton et nous l&rsquo;utilisons presque quotidiennement. Presque.<\/p>\n","protected":false},"excerpt":{"rendered":"<p>Taille &#8211; prenez une taille au-dessus si vous \u00eates grande, ces v\u00eatements sont assez ajust\u00e9s.<\/p>\n<p>Double couche avec le camouflage original du tigre en dessous.<\/p>\n<p>Probablement le meilleur short d&rsquo;entra\u00eenement de tous les temps.<\/p>\n","protected":false},"featured_media":96458,"comment_status":"open","ping_status":"closed","template":"","meta":{"_editorskit_title_hidden":false,"_editorskit_reading_time":0,"_editorskit_is_block_options_detached":false,"_editorskit_block_options_position":"{}"},"product_brand":[],"product_cat":[212,278,184,230],"product_tag":[482],"giftcard-category":[],"class_list":{"0":"post-73715","1":"product","2":"type-product","3":"status-publish","4":"has-post-thumbnail","6":"product_cat-lusure-de-combat","7":"product_cat-shorts-de-combat","8":"product_cat-tous-les-produits","9":"product_cat-vente","10":"product_tag-comboshorts-fr","12":"first","13":"outofstock","14":"taxable","15":"shipping-taxable","16":"purchasable","17":"product-type-variable"},"_links":{"self":[{"href":"https:\/\/scramblestuff.com\/eu\/fr\/wp-json\/wp\/v2\/product\/73715","targetHints":{"allow":["GET"]}}],"collection":[{"href":"https:\/\/scramblestuff.com\/eu\/fr\/wp-json\/wp\/v2\/product"}],"about":[{"href":"https:\/\/scramblestuff.com\/eu\/fr\/wp-json\/wp\/v2\/types\/product"}],"replies":[{"embeddable":true,"href":"https:\/\/scramblestuff.com\/eu\/fr\/wp-json\/wp\/v2\/comments?post=73715"}],"wp:featuredmedia":[{"embeddable":true,"href":"https:\/\/scramblestuff.com\/eu\/fr\/wp-json\/wp\/v2\/media\/96458"}],"wp:attachment":[{"href":"https:\/\/scramblestuff.com\/eu\/fr\/wp-json\/wp\/v2\/media?parent=73715"}],"wp:term":[{"taxonomy":"product_brand","embeddable":true,"href":"https:\/\/scramblestuff.com\/eu\/fr\/wp-json\/wp\/v2\/product_brand?post=73715"},{"taxonomy":"product_cat","embeddable":true,"href":"https:\/\/scramblestuff.com\/eu\/fr\/wp-json\/wp\/v2\/product_cat?post=73715"},{"taxonomy":"product_tag","embeddable":true,"href":"https:\/\/scramblestuff.com\/eu\/fr\/wp-json\/wp\/v2\/product_tag?post=73715"},{"taxonomy":"giftcard-category","embeddable":true,"href":"https:\/\/scramblestuff.com\/eu\/fr\/wp-json\/wp\/v2\/giftcard-category?post=73715"}],"curies":[{"name":"wp","href":"https:\/\/api.w.org\/{rel}","templated":true}]}}