{"id":73729,"date":"2021-09-10T11:28:30","date_gmt":"2022-12-06T18:19:51","guid":{"rendered":"https:\/\/scramblestuff.com\/eu\/p\/batie-death-squad-tee\/"},"modified":"2023-01-31T12:16:09","modified_gmt":"2023-01-31T12:16:09","slug":"batie-death-squad-tee-2","status":"publish","type":"product","link":"https:\/\/scramblestuff.com\/eu\/fr\/p\/batie-death-squad-tee-2\/","title":{"rendered":"Batie Death Squad Tee"},"content":{"rendered":"<p>Ce t-shirt \u00e9dition sp\u00e9ciale a \u00e9t\u00e9 enti\u00e8rement con\u00e7u par la ceinture noire BJJ Sam Crook. Ce tee-shirt a \u00e9t\u00e9 produit en partenariat avec nos amis de Manto, et tous les b\u00e9n\u00e9fices seront revers\u00e9s \u00e0 la Fondation Francis Ngannou. De Sam :<\/p>\n<div>\n<div class=\"_1t_p clearfix\">\n<div class=\"_41ud\">\n<div class=\"clearfix _o46 _3erg _29_7 _8lma direction_ltr text_align_ltr\">\n<div id=\"js_b8g\" class=\"_3058 _ui9 _hh7 _6ybn _s1- _52mr _3oh-\" data-tooltip-content=\"Thursday 08:19\" data-hover=\"tooltip\" data-tooltip-position=\"left\" aria-describedby=\"js_32\">\n<blockquote>\n<div class=\"_aok _7i2m\" tabindex=\"0\"><span class=\"_3oh- _58nk\">\u00ab\u00a0Dans le village de Bati\u00e9, \u00e0 l&rsquo;ouest du Cameroun, la Fondation Francis Ngannou, s&rsquo;efforce de donner aux enfants d\u00e9favoris\u00e9s, l&rsquo;opportunit\u00e9 de changer leur vie gr\u00e2ce aux arts martiaux. L&rsquo;\u00e9quipe de Jiujitsu de la Fondation a adopt\u00e9 le surnom de \u00ab\u00a0The Bati\u00e9 Death Squad\u00a0\u00bb (@batiedeathsquad), et le coach @sammichaelcrook a con\u00e7u ce t-shirt, pour r\u00e9colter des fonds, afin d&rsquo;aider les enfants \u00e0 r\u00e9aliser leur r\u00eave de pouvoir voyager \u00e0 l&rsquo;\u00e9tranger et participer \u00e0 un tournoi international de BJJ, o\u00f9 ils pourront se mesurer contre les meilleurs du monde !<\/span><\/div>\n<\/blockquote>\n<\/div>\n<\/div>\n<\/div>\n<\/div>\n<\/div>\n","protected":false},"excerpt":{"rendered":"<p>Tous les fonds r\u00e9colt\u00e9s seront vers\u00e9s \u00e0 la Fondation Francis Ngannou. Dessin r\u00e9alis\u00e9 \u00e0 la main par Sam Crook, ceinture noire de BJJ et instructeur de la Fondation.<\/p>\n","protected":false},"featured_media":11689,"comment_status":"open","ping_status":"closed","template":"","meta":{"_editorskit_title_hidden":false,"_editorskit_reading_time":0,"_editorskit_is_block_options_detached":false,"_editorskit_block_options_position":"{}"},"product_brand":[],"product_cat":[208,184,230,188],"product_tag":[],"giftcard-category":[],"class_list":{"0":"post-73729","1":"product","2":"type-product","3":"status-publish","4":"has-post-thumbnail","6":"product_cat-t-shirts-fr","7":"product_cat-tous-les-produits","8":"product_cat-vente","9":"product_cat-vetement-de-tous-les-jours","11":"first","12":"outofstock","13":"taxable","14":"shipping-taxable","15":"purchasable","16":"product-type-variable"},"_links":{"self":[{"href":"https:\/\/scramblestuff.com\/eu\/fr\/wp-json\/wp\/v2\/product\/73729","targetHints":{"allow":["GET"]}}],"collection":[{"href":"https:\/\/scramblestuff.com\/eu\/fr\/wp-json\/wp\/v2\/product"}],"about":[{"href":"https:\/\/scramblestuff.com\/eu\/fr\/wp-json\/wp\/v2\/types\/product"}],"replies":[{"embeddable":true,"href":"https:\/\/scramblestuff.com\/eu\/fr\/wp-json\/wp\/v2\/comments?post=73729"}],"wp:featuredmedia":[{"embeddable":true,"href":"https:\/\/scramblestuff.com\/eu\/fr\/wp-json\/wp\/v2\/media\/11689"}],"wp:attachment":[{"href":"https:\/\/scramblestuff.com\/eu\/fr\/wp-json\/wp\/v2\/media?parent=73729"}],"wp:term":[{"taxonomy":"product_brand","embeddable":true,"href":"https:\/\/scramblestuff.com\/eu\/fr\/wp-json\/wp\/v2\/product_brand?post=73729"},{"taxonomy":"product_cat","embeddable":true,"href":"https:\/\/scramblestuff.com\/eu\/fr\/wp-json\/wp\/v2\/product_cat?post=73729"},{"taxonomy":"product_tag","embeddable":true,"href":"https:\/\/scramblestuff.com\/eu\/fr\/wp-json\/wp\/v2\/product_tag?post=73729"},{"taxonomy":"giftcard-category","embeddable":true,"href":"https:\/\/scramblestuff.com\/eu\/fr\/wp-json\/wp\/v2\/giftcard-category?post=73729"}],"curies":[{"name":"wp","href":"https:\/\/api.w.org\/{rel}","templated":true}]}}