{"id":77012,"date":"2023-05-25T14:30:17","date_gmt":"2023-06-12T17:46:47","guid":{"rendered":"https:\/\/scramblestuff.com\/eu\/p\/athlite-6-noir\/"},"modified":"2025-08-28T12:50:19","modified_gmt":"2025-08-28T11:50:19","slug":"athlite-6-black","status":"publish","type":"product","link":"https:\/\/scramblestuff.com\/eu\/fr\/p\/athlite-6-black\/","title":{"rendered":"Athlite 6 &#8211; Noir"},"content":{"rendered":"<p>L&rsquo;Athlete est le Gi de comp\u00e9tition phare de Scramble, une version \u00e0 la fois subtile et \u00e9l\u00e9gante du kimono de comp\u00e9tition, \u00e0 l&rsquo;esth\u00e9tique nette et fra\u00eeche. Fabriqu\u00e9 selon des normes \u00e9lev\u00e9es, le gi est l\u00e9ger mais solide, capable de r\u00e9sister \u00e0 l&rsquo;entra\u00eenement et aux tapis de comp\u00e9tition. Disponible en trois couleurs pour s&rsquo;adapter \u00e0 toutes les occasions et \u00e0 toutes les comp\u00e9titions. Il s&rsquo;agit de la sixi\u00e8me g\u00e9n\u00e9ration d&rsquo;Athlite, apportant avec elle nos nombreuses ann\u00e9es d&rsquo;innovation et de conception de pointe.<\/p>\n","protected":false},"excerpt":{"rendered":"<ul>\n<li>Veste en coton perl\u00e9 350 GSM<\/li>\n<li>Pantalon Riptop 10 oz<\/li>\n<li>IBJJF Comp l\u00e9gal<\/li>\n<\/ul>\n","protected":false},"featured_media":86548,"comment_status":"open","ping_status":"closed","template":"","meta":{"_editorskit_title_hidden":false,"_editorskit_reading_time":0,"_editorskit_is_block_options_detached":false,"_editorskit_block_options_position":"{}"},"product_brand":[],"product_cat":[303,212,184,230],"product_tag":[436],"giftcard-category":[],"class_list":{"0":"post-77012","1":"product","2":"type-product","3":"status-publish","4":"has-post-thumbnail","6":"product_cat-bjj-gi","7":"product_cat-lusure-de-combat","8":"product_cat-tous-les-produits","9":"product_cat-vente","10":"product_tag-athlite6-fr","12":"first","13":"outofstock","14":"taxable","15":"shipping-taxable","16":"purchasable","17":"product-type-variable"},"_links":{"self":[{"href":"https:\/\/scramblestuff.com\/eu\/fr\/wp-json\/wp\/v2\/product\/77012","targetHints":{"allow":["GET"]}}],"collection":[{"href":"https:\/\/scramblestuff.com\/eu\/fr\/wp-json\/wp\/v2\/product"}],"about":[{"href":"https:\/\/scramblestuff.com\/eu\/fr\/wp-json\/wp\/v2\/types\/product"}],"replies":[{"embeddable":true,"href":"https:\/\/scramblestuff.com\/eu\/fr\/wp-json\/wp\/v2\/comments?post=77012"}],"wp:featuredmedia":[{"embeddable":true,"href":"https:\/\/scramblestuff.com\/eu\/fr\/wp-json\/wp\/v2\/media\/86548"}],"wp:attachment":[{"href":"https:\/\/scramblestuff.com\/eu\/fr\/wp-json\/wp\/v2\/media?parent=77012"}],"wp:term":[{"taxonomy":"product_brand","embeddable":true,"href":"https:\/\/scramblestuff.com\/eu\/fr\/wp-json\/wp\/v2\/product_brand?post=77012"},{"taxonomy":"product_cat","embeddable":true,"href":"https:\/\/scramblestuff.com\/eu\/fr\/wp-json\/wp\/v2\/product_cat?post=77012"},{"taxonomy":"product_tag","embeddable":true,"href":"https:\/\/scramblestuff.com\/eu\/fr\/wp-json\/wp\/v2\/product_tag?post=77012"},{"taxonomy":"giftcard-category","embeddable":true,"href":"https:\/\/scramblestuff.com\/eu\/fr\/wp-json\/wp\/v2\/giftcard-category?post=77012"}],"curies":[{"name":"wp","href":"https:\/\/api.w.org\/{rel}","templated":true}]}}