{"id":77104,"date":"2023-05-03T12:25:06","date_gmt":"2023-06-15T14:13:47","guid":{"rendered":"https:\/\/scramblestuff.com\/eu\/p\/reorg-x-scramble-peace-tee\/"},"modified":"2024-11-20T11:05:15","modified_gmt":"2024-11-20T11:05:15","slug":"reorg-x-scramble-peace-tee","status":"publish","type":"product","link":"https:\/\/scramblestuff.com\/eu\/fr\/p\/reorg-x-scramble-peace-tee\/","title":{"rendered":"Reorg X Scramble Peace Tee"},"content":{"rendered":"<p>Fait partie de la gamme Scramble x Reorg en \u00e9dition limit\u00e9e.<\/p>\n<p>100% coton, fabriqu\u00e9 dans l&rsquo;UE.<\/p>\n<p>Une partie de chaque article vendu dans le cadre de cette collection servira \u00e0 soutenir le bien-\u00eatre physique et mental des anciens combattants, des militaires et du personnel des services d&rsquo;urgence gr\u00e2ce au travail de REORG.<\/p>\n<p>Nous sommes fiers de pr\u00e9senter notre premi\u00e8re collaboration avec l&rsquo;organisation de charit\u00e9 Reorg. Con\u00e7ue en \u00e9troite collaboration avec les membres cl\u00e9s de Reorg, dont le fiduciaire et d\u00e9fenseur du jiujitsu Tom Hardy, et mettant en vedette les \u0153uvres d&rsquo;art de notre ami Nemanja Bogdanov ainsi que l&rsquo;\u00e9quipe de design interne de Scramble, cette collection est discr\u00e8te mais suffisamment audacieuse pour se d\u00e9marquer.<\/p>\n<p><a class=\"autolinked\" href=\"https:\/\/reorgcharity.com\/\" target=\"_blank\" rel=\"noopener noreferrer\" data-behavior=\"truncate\">https:\/\/reorgcharity.com\/<\/a><\/p>\n<p>Reorg aide les v\u00e9t\u00e9rans et le personnel militaire \u00e0 am\u00e9liorer leur bien-\u00eatre physique et mental, notamment en les aidant \u00e0 trouver des endroits o\u00f9 s&rsquo;entra\u00eener \u00e0 l&rsquo;art du jiujitsu, que beaucoup consid\u00e8rent comme extr\u00eamement avantageux.<\/p>\n","protected":false},"excerpt":{"rendered":"<p>Edition limit\u00e9e de la collaboration Reorg x Scramble<br \/>\nAjust\u00e9, fabriqu\u00e9 dans l&rsquo;UE<br \/>\n\u0152uvre d&rsquo;art de Nemanja Bogdanov<\/p>\n","protected":false},"featured_media":76019,"comment_status":"open","ping_status":"closed","template":"","meta":{"_editorskit_title_hidden":false,"_editorskit_reading_time":0,"_editorskit_is_block_options_detached":false,"_editorskit_block_options_position":"{}"},"product_brand":[],"product_cat":[443,208,184,230],"product_tag":[444],"giftcard-category":[],"class_list":{"0":"post-77104","1":"product","2":"type-product","3":"status-publish","4":"has-post-thumbnail","6":"product_cat-organisation-de-charite","7":"product_cat-t-shirts-fr","8":"product_cat-tous-les-produits","9":"product_cat-vente","10":"product_tag-reorg-fr","12":"first","13":"outofstock","14":"taxable","15":"shipping-taxable","16":"purchasable","17":"product-type-variable"},"_links":{"self":[{"href":"https:\/\/scramblestuff.com\/eu\/fr\/wp-json\/wp\/v2\/product\/77104","targetHints":{"allow":["GET"]}}],"collection":[{"href":"https:\/\/scramblestuff.com\/eu\/fr\/wp-json\/wp\/v2\/product"}],"about":[{"href":"https:\/\/scramblestuff.com\/eu\/fr\/wp-json\/wp\/v2\/types\/product"}],"replies":[{"embeddable":true,"href":"https:\/\/scramblestuff.com\/eu\/fr\/wp-json\/wp\/v2\/comments?post=77104"}],"wp:featuredmedia":[{"embeddable":true,"href":"https:\/\/scramblestuff.com\/eu\/fr\/wp-json\/wp\/v2\/media\/76019"}],"wp:attachment":[{"href":"https:\/\/scramblestuff.com\/eu\/fr\/wp-json\/wp\/v2\/media?parent=77104"}],"wp:term":[{"taxonomy":"product_brand","embeddable":true,"href":"https:\/\/scramblestuff.com\/eu\/fr\/wp-json\/wp\/v2\/product_brand?post=77104"},{"taxonomy":"product_cat","embeddable":true,"href":"https:\/\/scramblestuff.com\/eu\/fr\/wp-json\/wp\/v2\/product_cat?post=77104"},{"taxonomy":"product_tag","embeddable":true,"href":"https:\/\/scramblestuff.com\/eu\/fr\/wp-json\/wp\/v2\/product_tag?post=77104"},{"taxonomy":"giftcard-category","embeddable":true,"href":"https:\/\/scramblestuff.com\/eu\/fr\/wp-json\/wp\/v2\/giftcard-category?post=77104"}],"curies":[{"name":"wp","href":"https:\/\/api.w.org\/{rel}","templated":true}]}}