{"id":77110,"date":"2023-05-03T12:34:02","date_gmt":"2023-05-03T11:34:02","guid":{"rendered":"https:\/\/scramblestuff.com\/eu\/p\/reorg-x-scramble-high-seas-shorts\/"},"modified":"2023-12-07T06:55:50","modified_gmt":"2023-12-07T06:55:50","slug":"reorg-x-scramble-high-seas-shorts","status":"publish","type":"product","link":"https:\/\/scramblestuff.com\/eu\/fr\/p\/reorg-x-scramble-high-seas-shorts\/","title":{"rendered":"Reorg x Scramble High Seas Shorts"},"content":{"rendered":"<p>Fait partie de la gamme Scramble x Reorg en \u00e9dition limit\u00e9e.<\/p>\n<p>Le short extensible 100% polyester id\u00e9al pour le grappling et autres activit\u00e9s physiques.<\/p>\n<p>Une partie de chaque article vendu dans le cadre de cette collection servira \u00e0 soutenir le bien-\u00eatre physique et mental des anciens combattants, des militaires et du personnel des services d&rsquo;urgence gr\u00e2ce au travail de REORG.<\/p>\n<p>Nous sommes fiers de pr\u00e9senter notre premi\u00e8re collaboration avec l&rsquo;organisation de charit\u00e9 Reorg. Con\u00e7ue en \u00e9troite collaboration avec des membres cl\u00e9s de Reorg et mettant en vedette les \u0153uvres d&rsquo;art de notre ami Nemanja Bogdanov ainsi que l&rsquo;\u00e9quipe de design interne de Scramble, cette collection est discr\u00e8te mais suffisamment audacieuse pour se d\u00e9marquer.<\/p>\n<p>https:\/\/reorgcharity.com\/<\/p>\n<p>Reorg aide les v\u00e9t\u00e9rans et le personnel militaire \u00e0 am\u00e9liorer leur bien-\u00eatre physique et mental, notamment en les aidant \u00e0 trouver des endroits o\u00f9 s&rsquo;entra\u00eener \u00e0 l&rsquo;art du jiujitsu, dont beaucoup disent qu&rsquo;il est extr\u00eamement b\u00e9n\u00e9fique.<\/p>\n","protected":false},"excerpt":{"rendered":"<p>Edition limit\u00e9e de la collaboration Reorg x Scramble<br \/>\nGrappling \/ MMA \/ Short d&rsquo;entra\u00eenement<br \/>\n\u0152uvre d&rsquo;art de Nemanja Bogdanov<\/p>\n","protected":false},"featured_media":76130,"comment_status":"open","ping_status":"closed","template":"","meta":{"_editorskit_title_hidden":false,"_editorskit_reading_time":0,"_editorskit_is_block_options_detached":false,"_editorskit_block_options_position":"{}"},"product_brand":[],"product_cat":[212,443,278,184],"product_tag":[444],"giftcard-category":[],"class_list":{"0":"post-77110","1":"product","2":"type-product","3":"status-publish","4":"has-post-thumbnail","6":"product_cat-lusure-de-combat","7":"product_cat-organisation-de-charite","8":"product_cat-shorts-de-combat","9":"product_cat-tous-les-produits","10":"product_tag-reorg-fr","12":"first","13":"outofstock","14":"taxable","15":"shipping-taxable","16":"purchasable","17":"product-type-variable"},"_links":{"self":[{"href":"https:\/\/scramblestuff.com\/eu\/fr\/wp-json\/wp\/v2\/product\/77110","targetHints":{"allow":["GET"]}}],"collection":[{"href":"https:\/\/scramblestuff.com\/eu\/fr\/wp-json\/wp\/v2\/product"}],"about":[{"href":"https:\/\/scramblestuff.com\/eu\/fr\/wp-json\/wp\/v2\/types\/product"}],"replies":[{"embeddable":true,"href":"https:\/\/scramblestuff.com\/eu\/fr\/wp-json\/wp\/v2\/comments?post=77110"}],"wp:featuredmedia":[{"embeddable":true,"href":"https:\/\/scramblestuff.com\/eu\/fr\/wp-json\/wp\/v2\/media\/76130"}],"wp:attachment":[{"href":"https:\/\/scramblestuff.com\/eu\/fr\/wp-json\/wp\/v2\/media?parent=77110"}],"wp:term":[{"taxonomy":"product_brand","embeddable":true,"href":"https:\/\/scramblestuff.com\/eu\/fr\/wp-json\/wp\/v2\/product_brand?post=77110"},{"taxonomy":"product_cat","embeddable":true,"href":"https:\/\/scramblestuff.com\/eu\/fr\/wp-json\/wp\/v2\/product_cat?post=77110"},{"taxonomy":"product_tag","embeddable":true,"href":"https:\/\/scramblestuff.com\/eu\/fr\/wp-json\/wp\/v2\/product_tag?post=77110"},{"taxonomy":"giftcard-category","embeddable":true,"href":"https:\/\/scramblestuff.com\/eu\/fr\/wp-json\/wp\/v2\/giftcard-category?post=77110"}],"curies":[{"name":"wp","href":"https:\/\/api.w.org\/{rel}","templated":true}]}}