{"id":77598,"date":"2023-03-03T12:26:12","date_gmt":"2023-03-03T12:26:12","guid":{"rendered":"https:\/\/scramblestuff.com\/eu\/p\/kihon-belt-violet\/"},"modified":"2025-11-22T22:32:49","modified_gmt":"2025-11-22T22:32:49","slug":"kihon-belt-violet","status":"publish","type":"product","link":"https:\/\/scramblestuff.com\/eu\/fr\/p\/kihon-belt-violet\/","title":{"rendered":"Kihon Belt &#8211; Violet"},"content":{"rendered":"<p>Ces ceintures de jiujitsu sont parfaites pour attacher votre Gi. Ce n&rsquo;est pas le cas pour le no gi, mais ce n&rsquo;est pas grave parce que le no Gi est le jiujitsu du diable et qu&rsquo;Helio, du haut du ciel, vous fait des reproches d\u00e9cevants chaque fois que vous le pratiquez. Ils se composent de mati\u00e8res en coton de premi\u00e8re qualit\u00e9 et d&rsquo;une patte de classement sp\u00e9ciale en tissu perl\u00e9 \u00e0 la texture agr\u00e9able, id\u00e9ale pour attacher votre ceinture de mani\u00e8re bien serr\u00e9e afin qu&rsquo;aucune ceinture blanche ne puisse vous \u00e9trangler avec.<\/p>\n<p>A0 \u2013 225cm<\/p>\n<p>A1 \u2013 255cm<\/p>\n<p>A2 \u2013 290cm<\/p>\n<p>A3 \u2013 305cm<\/p>\n<p>A4 \u2013 320cm<\/p>\n","protected":false},"excerpt":{"rendered":"<p>Les mati\u00e8res et finitions de qualit\u00e9 sup\u00e9rieure<br \/>\n\u00c9cusson calligraphi\u00e9 \u00ab\u00a0Tanren\u00a0\u00bb personnalis\u00e9<br \/>\nBarre unique de rayures en tissu perl\u00e9<\/p>\n","protected":false},"featured_media":87218,"comment_status":"open","ping_status":"closed","template":"","meta":{"_editorskit_title_hidden":false,"_editorskit_reading_time":0,"_editorskit_is_block_options_detached":false,"_editorskit_block_options_position":"{}"},"product_brand":[],"product_cat":[216,184],"product_tag":[],"giftcard-category":[],"class_list":{"0":"post-77598","1":"product","2":"type-product","3":"status-publish","4":"has-post-thumbnail","6":"product_cat-bjj-ceintures","7":"product_cat-tous-les-produits","9":"first","10":"instock","11":"taxable","12":"shipping-taxable","13":"purchasable","14":"product-type-variable"},"_links":{"self":[{"href":"https:\/\/scramblestuff.com\/eu\/fr\/wp-json\/wp\/v2\/product\/77598","targetHints":{"allow":["GET"]}}],"collection":[{"href":"https:\/\/scramblestuff.com\/eu\/fr\/wp-json\/wp\/v2\/product"}],"about":[{"href":"https:\/\/scramblestuff.com\/eu\/fr\/wp-json\/wp\/v2\/types\/product"}],"replies":[{"embeddable":true,"href":"https:\/\/scramblestuff.com\/eu\/fr\/wp-json\/wp\/v2\/comments?post=77598"}],"wp:featuredmedia":[{"embeddable":true,"href":"https:\/\/scramblestuff.com\/eu\/fr\/wp-json\/wp\/v2\/media\/87218"}],"wp:attachment":[{"href":"https:\/\/scramblestuff.com\/eu\/fr\/wp-json\/wp\/v2\/media?parent=77598"}],"wp:term":[{"taxonomy":"product_brand","embeddable":true,"href":"https:\/\/scramblestuff.com\/eu\/fr\/wp-json\/wp\/v2\/product_brand?post=77598"},{"taxonomy":"product_cat","embeddable":true,"href":"https:\/\/scramblestuff.com\/eu\/fr\/wp-json\/wp\/v2\/product_cat?post=77598"},{"taxonomy":"product_tag","embeddable":true,"href":"https:\/\/scramblestuff.com\/eu\/fr\/wp-json\/wp\/v2\/product_tag?post=77598"},{"taxonomy":"giftcard-category","embeddable":true,"href":"https:\/\/scramblestuff.com\/eu\/fr\/wp-json\/wp\/v2\/giftcard-category?post=77598"}],"curies":[{"name":"wp","href":"https:\/\/api.w.org\/{rel}","templated":true}]}}