{"id":78031,"date":"2023-03-04T14:09:50","date_gmt":"2023-07-26T18:12:43","guid":{"rendered":"https:\/\/scramblestuff.com\/eu\/p\/hearts-seamless-training-leggings-noir\/"},"modified":"2026-02-03T14:39:35","modified_gmt":"2026-02-03T14:39:35","slug":"hearts-seamless-training-leggings-noir","status":"publish","type":"product","link":"https:\/\/scramblestuff.com\/eu\/fr\/p\/hearts-seamless-training-leggings-noir\/","title":{"rendered":"Hearts Seamless Training Leggings &#8211; Noir"},"content":{"rendered":"<p>Notre gamme HEARTS est une gamme de v\u00eatements de sport pour femmes sp\u00e9cialement con\u00e7ue par notre styliste interne Maya avec l&rsquo;aide de notre grande \u00e9quipe d&rsquo;athl\u00e8tes f\u00e9minines. Con\u00e7ue pour \u00eatre compl\u00e9mentaire en termes de couleurs, cette gamme offre un tissu teint\u00e9 dans la masse (ce qui signifie qu&rsquo;ils ne sont PAS transparents &#8211; ils sont 100 % r\u00e9sistants au squat et \u00e0 l&rsquo;exercice) avec un marquage subtil.<\/p>\n<p>Parfaite pour la salle de sport et les activit\u00e9s quotidiennes, cette collection de v\u00eatements de sport doit \u00eatre trait\u00e9e de la m\u00eame mani\u00e8re que vos leggings\/collants et soutiens-gorge de sport pr\u00e9f\u00e9r\u00e9s. Ils r\u00e9sistent \u00e9galement \u00e0 l&rsquo;entra\u00eenement sans gi et sont parfaits pour une couche suppl\u00e9mentaire sous le kimono.<\/p>\n<p>Il s&rsquo;agit d&rsquo;une paire de collants longs\/leggings 100% r\u00e9sistants aux squats, fabriqu\u00e9s avec un tissu noir teint\u00e9 dans la masse qui ne transpara\u00eetra PAS lors de l&rsquo;ex\u00e9cution d&rsquo;une gamme compl\u00e8te de mouvements, des squats \u00e0 la traction de garde agressive.<\/p>\n","protected":false},"excerpt":{"rendered":"<p>Con\u00e7ue et influenc\u00e9e par nos athl\u00e8tes f\u00e9minines<br \/>\n100% \u00e0 l&rsquo;\u00e9preuve du squat &#8211; ne transpara\u00eet pas<br \/>\nTissu finition p\u00eache<br \/>\nFront sans couture<\/p>\n","protected":false},"featured_media":87763,"comment_status":"open","ping_status":"closed","template":"","meta":{"_editorskit_title_hidden":false,"_editorskit_reading_time":0,"_editorskit_is_block_options_detached":false,"_editorskit_block_options_position":"{}"},"product_brand":[],"product_cat":[237,292,184,230],"product_tag":[469],"giftcard-category":[],"class_list":{"0":"post-78031","1":"product","2":"type-product","3":"status-publish","4":"has-post-thumbnail","6":"product_cat-femmes","7":"product_cat-spats-collants","8":"product_cat-tous-les-produits","9":"product_cat-vente","10":"product_tag-les-coeurs","12":"first","13":"instock","14":"taxable","15":"shipping-taxable","16":"purchasable","17":"product-type-variable"},"_links":{"self":[{"href":"https:\/\/scramblestuff.com\/eu\/fr\/wp-json\/wp\/v2\/product\/78031","targetHints":{"allow":["GET"]}}],"collection":[{"href":"https:\/\/scramblestuff.com\/eu\/fr\/wp-json\/wp\/v2\/product"}],"about":[{"href":"https:\/\/scramblestuff.com\/eu\/fr\/wp-json\/wp\/v2\/types\/product"}],"replies":[{"embeddable":true,"href":"https:\/\/scramblestuff.com\/eu\/fr\/wp-json\/wp\/v2\/comments?post=78031"}],"wp:featuredmedia":[{"embeddable":true,"href":"https:\/\/scramblestuff.com\/eu\/fr\/wp-json\/wp\/v2\/media\/87763"}],"wp:attachment":[{"href":"https:\/\/scramblestuff.com\/eu\/fr\/wp-json\/wp\/v2\/media?parent=78031"}],"wp:term":[{"taxonomy":"product_brand","embeddable":true,"href":"https:\/\/scramblestuff.com\/eu\/fr\/wp-json\/wp\/v2\/product_brand?post=78031"},{"taxonomy":"product_cat","embeddable":true,"href":"https:\/\/scramblestuff.com\/eu\/fr\/wp-json\/wp\/v2\/product_cat?post=78031"},{"taxonomy":"product_tag","embeddable":true,"href":"https:\/\/scramblestuff.com\/eu\/fr\/wp-json\/wp\/v2\/product_tag?post=78031"},{"taxonomy":"giftcard-category","embeddable":true,"href":"https:\/\/scramblestuff.com\/eu\/fr\/wp-json\/wp\/v2\/giftcard-category?post=78031"}],"curies":[{"name":"wp","href":"https:\/\/api.w.org\/{rel}","templated":true}]}}