{"id":78043,"date":"2023-03-04T13:40:58","date_gmt":"2023-07-26T18:20:18","guid":{"rendered":"https:\/\/scramblestuff.com\/eu\/p\/hearts-cropped-tank-top-bordeaux\/"},"modified":"2023-07-26T19:20:18","modified_gmt":"2023-07-26T18:20:18","slug":"hearts-cropped-tank-top-bordeaux","status":"publish","type":"product","link":"https:\/\/scramblestuff.com\/eu\/fr\/p\/hearts-cropped-tank-top-bordeaux\/","title":{"rendered":"Hearts Cropped Tank Top &#8211; Bordeaux"},"content":{"rendered":"<p>Notre gamme HEARTS est une gamme de v\u00eatements de sport pour femmes sp\u00e9cialement con\u00e7ue par notre styliste interne Maya avec l&rsquo;aide de notre grande \u00e9quipe d&rsquo;athl\u00e8tes f\u00e9minines. Con\u00e7ue pour \u00eatre compl\u00e9mentaire en termes de couleurs, cette gamme offre un tissu teint\u00e9 dans la masse (ce qui signifie qu&rsquo;ils ne sont PAS transparents &#8211; ils sont 100 % r\u00e9sistants au squat et \u00e0 l&rsquo;exercice) avec un marquage subtil.<\/p>\n<p>Parfaite pour la salle de sport et les activit\u00e9s quotidiennes, cette collection de v\u00eatements de sport doit \u00eatre trait\u00e9e de la m\u00eame mani\u00e8re que vos leggings\/collants et soutiens-gorge de sport pr\u00e9f\u00e9r\u00e9s. Ils r\u00e9sistent \u00e9galement \u00e0 l&rsquo;entra\u00eenement sans gi et sont parfaits pour une couche suppl\u00e9mentaire sous le kimono.<\/p>\n<p>Il s&rsquo;agit d&rsquo;un soutien-gorge de sport de couleur bordeaux \u00e0 haut maintien en tissu double couche \/ respirant, qui comprend un rembourrage amovible.<\/p>\n","protected":false},"excerpt":{"rendered":"<p>Con\u00e7ue et influenc\u00e9e par nos athl\u00e8tes f\u00e9minines<br \/>\nDevant ferm\u00e9, dos respirant<br \/>\nFinition lisse et froide du mat\u00e9riau<br \/>\nSoutien-gorge de sport \u00e0 maintien moyen<\/p>\n","protected":false},"featured_media":87808,"comment_status":"open","ping_status":"closed","template":"","meta":{"_editorskit_title_hidden":false,"_editorskit_reading_time":0,"_editorskit_is_block_options_detached":false,"_editorskit_block_options_position":"{}"},"product_brand":[],"product_cat":[237,27,184,230],"product_tag":[469],"giftcard-category":[],"class_list":{"0":"post-78043","1":"product","2":"type-product","3":"status-publish","4":"has-post-thumbnail","6":"product_cat-femmes","7":"product_cat-sale","8":"product_cat-tous-les-produits","9":"product_cat-vente","10":"product_tag-les-coeurs","12":"first","13":"instock","14":"taxable","15":"shipping-taxable","16":"purchasable","17":"product-type-variable"},"_links":{"self":[{"href":"https:\/\/scramblestuff.com\/eu\/fr\/wp-json\/wp\/v2\/product\/78043","targetHints":{"allow":["GET"]}}],"collection":[{"href":"https:\/\/scramblestuff.com\/eu\/fr\/wp-json\/wp\/v2\/product"}],"about":[{"href":"https:\/\/scramblestuff.com\/eu\/fr\/wp-json\/wp\/v2\/types\/product"}],"replies":[{"embeddable":true,"href":"https:\/\/scramblestuff.com\/eu\/fr\/wp-json\/wp\/v2\/comments?post=78043"}],"wp:featuredmedia":[{"embeddable":true,"href":"https:\/\/scramblestuff.com\/eu\/fr\/wp-json\/wp\/v2\/media\/87808"}],"wp:attachment":[{"href":"https:\/\/scramblestuff.com\/eu\/fr\/wp-json\/wp\/v2\/media?parent=78043"}],"wp:term":[{"taxonomy":"product_brand","embeddable":true,"href":"https:\/\/scramblestuff.com\/eu\/fr\/wp-json\/wp\/v2\/product_brand?post=78043"},{"taxonomy":"product_cat","embeddable":true,"href":"https:\/\/scramblestuff.com\/eu\/fr\/wp-json\/wp\/v2\/product_cat?post=78043"},{"taxonomy":"product_tag","embeddable":true,"href":"https:\/\/scramblestuff.com\/eu\/fr\/wp-json\/wp\/v2\/product_tag?post=78043"},{"taxonomy":"giftcard-category","embeddable":true,"href":"https:\/\/scramblestuff.com\/eu\/fr\/wp-json\/wp\/v2\/giftcard-category?post=78043"}],"curies":[{"name":"wp","href":"https:\/\/api.w.org\/{rel}","templated":true}]}}