{"id":78055,"date":"2022-11-29T15:02:18","date_gmt":"2023-07-26T18:41:18","guid":{"rendered":"https:\/\/scramblestuff.com\/eu\/p\/strong-beard-tee-v3\/"},"modified":"2024-06-04T22:27:23","modified_gmt":"2024-06-04T21:27:23","slug":"strong-beard-tee-v3","status":"publish","type":"product","link":"https:\/\/scramblestuff.com\/eu\/fr\/p\/strong-beard-tee-v3\/","title":{"rendered":"Strong Beard Tee V3"},"content":{"rendered":"<p>Le tee-shirt Scramble Strong Beard est l&rsquo;un de nos produits les plus l\u00e9gendaires, ayant \u00e9t\u00e9 con\u00e7u presque comme une nouveaut\u00e9 au d\u00e9but \u00e0 partir d&rsquo;une remarque d&rsquo;un ami (forte barbe, fort combat !), il s&rsquo;est envol\u00e9 des rayons et s&rsquo;est presque instantan\u00e9ment vendu il y a de nombreuses lunes. Il est apparu sous de nombreuses variantes au fil des ans, mais ce qui l&rsquo;a vraiment distingu\u00e9, c&rsquo;est lorsque Tom Hardy l&rsquo;a port\u00e9 pour des interviews. Tom Hardy dans un tee-shirt Scramble Strong Beard = grande nouvelle. Chaque jour, nous sommes assaillis par des personnes qui recherchent le tee-shirt \u00a0\u00bb Tom Hardy Scramble Beard Tee \u00ab\u00a0. Le voici donc \u00e0 nouveau, en coton biologique 100 % super doux et \u00e9pais. Nous avons \u00e9galement ajout\u00e9 quelques centim\u00e8tres de longueur pour couvrir votre ventre \u00e0 bi\u00e8re (les statistiques montrent que les barbes et les ventres \u00e0 bi\u00e8re se chevauchent fortement) OU pour l&#8217;emp\u00eacher de remonter lorsque vous vous levez pour caresser votre magnifique crini\u00e8re. Ne jamais mentir, ne jamais tricher, ne jamais abandonner, ne jamais se raser !<\/p>\n","protected":false},"excerpt":{"rendered":"<p>T-shirt Legendary Scramble Strong Beard<\/p>\n<p>Ajustement et construction am\u00e9lior\u00e9s<br \/>\nMultiplication des d\u00e9g\u00e2ts en cas de port de la barbe<\/p>\n","protected":false},"featured_media":73261,"comment_status":"open","ping_status":"closed","template":"","meta":{"_editorskit_title_hidden":false,"_editorskit_reading_time":0,"_editorskit_is_block_options_detached":false,"_editorskit_block_options_position":"{}"},"product_brand":[],"product_cat":[27,208,184,230,188],"product_tag":[],"giftcard-category":[],"class_list":{"0":"post-78055","1":"product","2":"type-product","3":"status-publish","4":"has-post-thumbnail","6":"product_cat-sale","7":"product_cat-t-shirts-fr","8":"product_cat-tous-les-produits","9":"product_cat-vente","10":"product_cat-vetement-de-tous-les-jours","12":"first","13":"outofstock","14":"taxable","15":"shipping-taxable","16":"purchasable","17":"product-type-variable"},"_links":{"self":[{"href":"https:\/\/scramblestuff.com\/eu\/fr\/wp-json\/wp\/v2\/product\/78055","targetHints":{"allow":["GET"]}}],"collection":[{"href":"https:\/\/scramblestuff.com\/eu\/fr\/wp-json\/wp\/v2\/product"}],"about":[{"href":"https:\/\/scramblestuff.com\/eu\/fr\/wp-json\/wp\/v2\/types\/product"}],"replies":[{"embeddable":true,"href":"https:\/\/scramblestuff.com\/eu\/fr\/wp-json\/wp\/v2\/comments?post=78055"}],"wp:featuredmedia":[{"embeddable":true,"href":"https:\/\/scramblestuff.com\/eu\/fr\/wp-json\/wp\/v2\/media\/73261"}],"wp:attachment":[{"href":"https:\/\/scramblestuff.com\/eu\/fr\/wp-json\/wp\/v2\/media?parent=78055"}],"wp:term":[{"taxonomy":"product_brand","embeddable":true,"href":"https:\/\/scramblestuff.com\/eu\/fr\/wp-json\/wp\/v2\/product_brand?post=78055"},{"taxonomy":"product_cat","embeddable":true,"href":"https:\/\/scramblestuff.com\/eu\/fr\/wp-json\/wp\/v2\/product_cat?post=78055"},{"taxonomy":"product_tag","embeddable":true,"href":"https:\/\/scramblestuff.com\/eu\/fr\/wp-json\/wp\/v2\/product_tag?post=78055"},{"taxonomy":"giftcard-category","embeddable":true,"href":"https:\/\/scramblestuff.com\/eu\/fr\/wp-json\/wp\/v2\/giftcard-category?post=78055"}],"curies":[{"name":"wp","href":"https:\/\/api.w.org\/{rel}","templated":true}]}}