{"id":78126,"date":"2022-11-27T13:37:09","date_gmt":"2023-08-09T23:58:18","guid":{"rendered":"https:\/\/scramblestuff.com\/eu\/p\/female-senshu-rashguard\/"},"modified":"2023-08-10T00:58:18","modified_gmt":"2023-08-09T23:58:18","slug":"female-senshu-rashguard","status":"publish","type":"product","link":"https:\/\/scramblestuff.com\/eu\/fr\/p\/female-senshu-rashguard\/","title":{"rendered":"Female Senshu Rashguard"},"content":{"rendered":"<p>La gamme Senshu est un nouveau concept de Scramble. Des \u00e9quipements d&rsquo;entra\u00eenement et de comp\u00e9tition de niveau professionnel test\u00e9s par notre \u00e9quipe d&rsquo;athl\u00e8tes professionnels de jiujitsu et de MMA. La gamme Senshu est port\u00e9e par des athl\u00e8tes aux plus hauts niveaux de comp\u00e9tition de grappling, jiujitsu et MMA, y compris ADCC et Polaris.<\/p>\n<p>Tirant parti de plus d&rsquo;une d\u00e9cennie dans l&rsquo;industrie, nous avons d\u00e9velopp\u00e9 la gamme Senshu pour r\u00e9pondre aux besoins de l&rsquo;athl\u00e8te professionnel tout en r\u00e9pondant aux besoins de l&rsquo;amateur quotidien dans la salle de sport.<\/p>\n<p>La gamme 22\/23 se caract\u00e9rise par une palette de couleurs neutres, des motifs subtils au sein des blocs de couleurs et notre signature, un m\u00e9lange de styles japonais traditionnels et de typographie occidentale audacieuse.<\/p>\n","protected":false},"excerpt":{"rendered":"<p>Fait partie de l&rsquo;\u00e9dition \u00ab\u00a0Senshu\u00a0\u00bb 22\/23<br \/>\nTest\u00e9 et approuv\u00e9 par des athl\u00e8tes professionnels<br \/>\nQualit\u00e9 sup\u00e9rieure dans tous les domaines<\/p>\n","protected":false},"featured_media":88875,"comment_status":"open","ping_status":"closed","template":"","meta":{"_editorskit_title_hidden":false,"_editorskit_reading_time":0,"_editorskit_is_block_options_detached":false,"_editorskit_block_options_position":"{}"},"product_brand":[],"product_cat":[237,212,280,27,184,230],"product_tag":[467],"giftcard-category":[],"class_list":{"0":"post-78126","1":"product","2":"type-product","3":"status-publish","4":"has-post-thumbnail","6":"product_cat-femmes","7":"product_cat-lusure-de-combat","8":"product_cat-rashguards-fr","9":"product_cat-sale","10":"product_cat-tous-les-produits","11":"product_cat-vente","12":"product_tag-senshu-fr","14":"first","15":"outofstock","16":"taxable","17":"shipping-taxable","18":"purchasable","19":"product-type-variable"},"_links":{"self":[{"href":"https:\/\/scramblestuff.com\/eu\/fr\/wp-json\/wp\/v2\/product\/78126","targetHints":{"allow":["GET"]}}],"collection":[{"href":"https:\/\/scramblestuff.com\/eu\/fr\/wp-json\/wp\/v2\/product"}],"about":[{"href":"https:\/\/scramblestuff.com\/eu\/fr\/wp-json\/wp\/v2\/types\/product"}],"replies":[{"embeddable":true,"href":"https:\/\/scramblestuff.com\/eu\/fr\/wp-json\/wp\/v2\/comments?post=78126"}],"wp:featuredmedia":[{"embeddable":true,"href":"https:\/\/scramblestuff.com\/eu\/fr\/wp-json\/wp\/v2\/media\/88875"}],"wp:attachment":[{"href":"https:\/\/scramblestuff.com\/eu\/fr\/wp-json\/wp\/v2\/media?parent=78126"}],"wp:term":[{"taxonomy":"product_brand","embeddable":true,"href":"https:\/\/scramblestuff.com\/eu\/fr\/wp-json\/wp\/v2\/product_brand?post=78126"},{"taxonomy":"product_cat","embeddable":true,"href":"https:\/\/scramblestuff.com\/eu\/fr\/wp-json\/wp\/v2\/product_cat?post=78126"},{"taxonomy":"product_tag","embeddable":true,"href":"https:\/\/scramblestuff.com\/eu\/fr\/wp-json\/wp\/v2\/product_tag?post=78126"},{"taxonomy":"giftcard-category","embeddable":true,"href":"https:\/\/scramblestuff.com\/eu\/fr\/wp-json\/wp\/v2\/giftcard-category?post=78126"}],"curies":[{"name":"wp","href":"https:\/\/api.w.org\/{rel}","templated":true}]}}