{"id":78132,"date":"2022-11-29T11:16:19","date_gmt":"2022-11-29T11:16:19","guid":{"rendered":"https:\/\/scramblestuff.com\/eu\/p\/scramble-core-shorts-noir\/"},"modified":"2025-05-30T09:11:38","modified_gmt":"2025-05-30T08:11:38","slug":"scramble-core-shorts-noir","status":"publish","type":"product","link":"https:\/\/scramblestuff.com\/eu\/fr\/p\/scramble-core-shorts-noir\/","title":{"rendered":"Scramble Core Shorts &#8211; Noir"},"content":{"rendered":"<div>\n<p>Nos shorts Base ont \u00e9t\u00e9 con\u00e7us avec subtilit\u00e9 et simplicit\u00e9, en mettant l&rsquo;accent sur une coupe athl\u00e9tique, des mat\u00e9riaux de bonne qualit\u00e9 et une construction impeccable. Le Base Shorts est con\u00e7u pour le grappling, le non gi et l&rsquo;entra\u00eenement MMA, ainsi que pour toute activit\u00e9 athl\u00e9tique. Ils sont pr\u00e8s du corps avec une taille \u00e9lastique et s&rsquo;associent bien avec des sous-v\u00eatements moulants tels que nos shorts vale tudo.<\/p>\n<\/div>\n<div>Il s&rsquo;agit d&rsquo;un short de grappling noir conforme aux directives de l&rsquo;IBJJF pour les v\u00eatements non-gi. Le processus d&rsquo;impression est sublim\u00e9, de sorte que vous savez que les graphiques ne s&rsquo;effaceront jamais, ne s&rsquo;\u00e9cailleront pas, ne se fissureront pas et n&rsquo;exploseront pas.<\/div>\n","protected":false},"excerpt":{"rendered":"<div>Nouvelle coupe &#8211; pas de velcro, plus pr\u00e8s du corps<br \/>\nMat\u00e9riaux de premi\u00e8re qualit\u00e9<br \/>\nExtensible avec une grande libert\u00e9 de mouvement<\/div>\n<div>L&rsquo;impression par sublimation ne se fissure pas, ne s&rsquo;\u00e9caille pas et ne se d\u00e9colore pas.<\/div>\n","protected":false},"featured_media":74959,"comment_status":"open","ping_status":"closed","template":"","meta":{"_editorskit_title_hidden":false,"_editorskit_reading_time":0,"_editorskit_is_block_options_detached":false,"_editorskit_block_options_position":"{}"},"product_brand":[],"product_cat":[212,305,308,278,184],"product_tag":[],"giftcard-category":[],"class_list":{"0":"post-78132","1":"product","2":"type-product","3":"status-publish","4":"has-post-thumbnail","6":"product_cat-lusure-de-combat","7":"product_cat-mma-fr","8":"product_cat-mma-shorts-fr","9":"product_cat-shorts-de-combat","10":"product_cat-tous-les-produits","12":"first","13":"outofstock","14":"taxable","15":"shipping-taxable","16":"purchasable","17":"product-type-variable"},"_links":{"self":[{"href":"https:\/\/scramblestuff.com\/eu\/fr\/wp-json\/wp\/v2\/product\/78132","targetHints":{"allow":["GET"]}}],"collection":[{"href":"https:\/\/scramblestuff.com\/eu\/fr\/wp-json\/wp\/v2\/product"}],"about":[{"href":"https:\/\/scramblestuff.com\/eu\/fr\/wp-json\/wp\/v2\/types\/product"}],"replies":[{"embeddable":true,"href":"https:\/\/scramblestuff.com\/eu\/fr\/wp-json\/wp\/v2\/comments?post=78132"}],"wp:featuredmedia":[{"embeddable":true,"href":"https:\/\/scramblestuff.com\/eu\/fr\/wp-json\/wp\/v2\/media\/74959"}],"wp:attachment":[{"href":"https:\/\/scramblestuff.com\/eu\/fr\/wp-json\/wp\/v2\/media?parent=78132"}],"wp:term":[{"taxonomy":"product_brand","embeddable":true,"href":"https:\/\/scramblestuff.com\/eu\/fr\/wp-json\/wp\/v2\/product_brand?post=78132"},{"taxonomy":"product_cat","embeddable":true,"href":"https:\/\/scramblestuff.com\/eu\/fr\/wp-json\/wp\/v2\/product_cat?post=78132"},{"taxonomy":"product_tag","embeddable":true,"href":"https:\/\/scramblestuff.com\/eu\/fr\/wp-json\/wp\/v2\/product_tag?post=78132"},{"taxonomy":"giftcard-category","embeddable":true,"href":"https:\/\/scramblestuff.com\/eu\/fr\/wp-json\/wp\/v2\/giftcard-category?post=78132"}],"curies":[{"name":"wp","href":"https:\/\/api.w.org\/{rel}","templated":true}]}}