{"id":78140,"date":"2023-01-18T10:17:23","date_gmt":"2023-08-10T00:35:30","guid":{"rendered":"https:\/\/scramblestuff.com\/eu\/p\/formateurs-scramble-grip\/"},"modified":"2026-03-16T19:43:20","modified_gmt":"2026-03-16T19:43:20","slug":"scramble-grip-trainers-new","status":"publish","type":"product","link":"https:\/\/scramblestuff.com\/eu\/fr\/p\/scramble-grip-trainers-new\/","title":{"rendered":"Formateurs Scramble Grip"},"content":{"rendered":"<p><em>Souvent imit\u00e9, jamais am\u00e9lior\u00e9. Maintenant avec un revers ajout\u00e9 &#8211; en attendant que les marques inf\u00e9rieures le copient.<\/em><\/p>\n<p>Vous ne d\u00e9testez pas qu&rsquo;un grand mec \u00e0 la moustache impressionnante vous serre la main et la r\u00e9duise en poussi\u00e8re ? N&rsquo;aimeriez-vous pas avoir une poigne comme celle de Tom Selleck ?<\/p>\n<p>Vous pouvez avoir la meilleure prise possible gr\u00e2ce au Scramble Grip Trainer.<\/p>\n<p>Nous avons longuement r\u00e9fl\u00e9chi \u00e0 la mani\u00e8re la plus simple de fabriquer l&rsquo;entra\u00eeneur de pr\u00e9hension le plus efficace. Et voici le r\u00e9sultat. Il est fabriqu\u00e9 en tissu kimono BJJ 550gsm perl\u00e9 et se fixe facilement aux barres de traction, aux kettlebells et \u00e0 d&rsquo;autres objets similaires.<\/p>\n<p>Entra\u00eenez-vous \u00e0 la prise du revers, \u00e0 la prise de l&rsquo;araign\u00e9e, \u00e0 la prise du pistolet ou du joystick&#8230; les possibilit\u00e9s sont infinies. Toutes les prises que vous pouvez faire sur votre adversaire, vous pouvez les faire sur celui-ci.<\/p>\n<p>Am\u00e9liorez votre force de pr\u00e9hension pour le jiu jitsu, le judo, le non gi et m\u00eame le MMA avec le Scramble Grip Trainer.<\/p>\n<p>Chaque commande re\u00e7oit une paire de grip trainers, soit deux (2) grip trainers.<\/p>\n","protected":false},"excerpt":{"rendered":"<p>Entra\u00eenement \u00e0 la pr\u00e9hension hautement sp\u00e9cifique pour le BJJ La construction simple conf\u00e8re force et durabilit\u00e9 Gagnez cette poign\u00e9e de main ultra puissante qui vous broie les os.<\/p>\n","protected":false},"featured_media":87613,"comment_status":"open","ping_status":"closed","template":"","meta":{"_editorskit_title_hidden":false,"_editorskit_reading_time":0,"_editorskit_is_block_options_detached":false,"_editorskit_block_options_position":"{}"},"product_brand":[],"product_cat":[180,184],"product_tag":[],"giftcard-category":[],"class_list":{"0":"post-78140","1":"product","2":"type-product","3":"status-publish","4":"has-post-thumbnail","6":"product_cat-accessoires","7":"product_cat-tous-les-produits","9":"first","10":"instock","11":"taxable","12":"shipping-taxable","13":"purchasable","14":"product-type-simple"},"_links":{"self":[{"href":"https:\/\/scramblestuff.com\/eu\/fr\/wp-json\/wp\/v2\/product\/78140","targetHints":{"allow":["GET"]}}],"collection":[{"href":"https:\/\/scramblestuff.com\/eu\/fr\/wp-json\/wp\/v2\/product"}],"about":[{"href":"https:\/\/scramblestuff.com\/eu\/fr\/wp-json\/wp\/v2\/types\/product"}],"replies":[{"embeddable":true,"href":"https:\/\/scramblestuff.com\/eu\/fr\/wp-json\/wp\/v2\/comments?post=78140"}],"wp:featuredmedia":[{"embeddable":true,"href":"https:\/\/scramblestuff.com\/eu\/fr\/wp-json\/wp\/v2\/media\/87613"}],"wp:attachment":[{"href":"https:\/\/scramblestuff.com\/eu\/fr\/wp-json\/wp\/v2\/media?parent=78140"}],"wp:term":[{"taxonomy":"product_brand","embeddable":true,"href":"https:\/\/scramblestuff.com\/eu\/fr\/wp-json\/wp\/v2\/product_brand?post=78140"},{"taxonomy":"product_cat","embeddable":true,"href":"https:\/\/scramblestuff.com\/eu\/fr\/wp-json\/wp\/v2\/product_cat?post=78140"},{"taxonomy":"product_tag","embeddable":true,"href":"https:\/\/scramblestuff.com\/eu\/fr\/wp-json\/wp\/v2\/product_tag?post=78140"},{"taxonomy":"giftcard-category","embeddable":true,"href":"https:\/\/scramblestuff.com\/eu\/fr\/wp-json\/wp\/v2\/giftcard-category?post=78140"}],"curies":[{"name":"wp","href":"https:\/\/api.w.org\/{rel}","templated":true}]}}