{"id":79397,"date":"2023-10-19T09:40:04","date_gmt":"2023-10-19T08:40:04","guid":{"rendered":"https:\/\/scramblestuff.com\/eu\/p\/combination-shorts-noir-logotypes\/"},"modified":"2025-11-02T23:22:50","modified_gmt":"2025-11-02T23:22:50","slug":"combinaison-shorts-noirs-logotypes","status":"publish","type":"product","link":"https:\/\/scramblestuff.com\/eu\/fr\/p\/combinaison-shorts-noirs-logotypes\/","title":{"rendered":"Combination Shorts &#8211; Noir \/ Logotypes"},"content":{"rendered":"<p>Voici le tout nouveau venu dans notre collection : le short combin\u00e9 noir, reconnu pour son excellence. Ce short est dot\u00e9 d&rsquo;une couche int\u00e9rieure en Lycra \u00e9l\u00e9gante \u00ab\u00a0Scramble everywhere\u00a0\u00bb et est con\u00e7u pour divers types d&rsquo;entra\u00eenement, notamment le jiujitsu, le grappling non-gi, la course \u00e0 pied et les s\u00e9ances d&rsquo;entra\u00eenement en salle de sport. Leur conception comprend une couche int\u00e9rieure en Lycra et une couche ext\u00e9rieure courte, au-dessus de la cuisse, pour un maximum de confort et de performance.<\/p>\n","protected":false},"excerpt":{"rendered":"<p>Taille r\u00e9vis\u00e9e : la taille devrait \u00eatre la m\u00eame.<\/p>\n<p>Double couche avec lycra int\u00e9rieur noir en dessous<\/p>\n<p>Probablement le meilleur short d&rsquo;entra\u00eenement de tous les temps.<\/p>\n","protected":false},"featured_media":96453,"comment_status":"open","ping_status":"closed","template":"","meta":{"_editorskit_title_hidden":false,"_editorskit_reading_time":0,"_editorskit_is_block_options_detached":false,"_editorskit_block_options_position":"{}"},"product_brand":[],"product_cat":[212,278,184,230],"product_tag":[482],"giftcard-category":[],"class_list":{"0":"post-79397","1":"product","2":"type-product","3":"status-publish","4":"has-post-thumbnail","6":"product_cat-lusure-de-combat","7":"product_cat-shorts-de-combat","8":"product_cat-tous-les-produits","9":"product_cat-vente","10":"product_tag-comboshorts-fr","12":"first","13":"outofstock","14":"taxable","15":"shipping-taxable","16":"product-type-variable"},"_links":{"self":[{"href":"https:\/\/scramblestuff.com\/eu\/fr\/wp-json\/wp\/v2\/product\/79397","targetHints":{"allow":["GET"]}}],"collection":[{"href":"https:\/\/scramblestuff.com\/eu\/fr\/wp-json\/wp\/v2\/product"}],"about":[{"href":"https:\/\/scramblestuff.com\/eu\/fr\/wp-json\/wp\/v2\/types\/product"}],"replies":[{"embeddable":true,"href":"https:\/\/scramblestuff.com\/eu\/fr\/wp-json\/wp\/v2\/comments?post=79397"}],"wp:featuredmedia":[{"embeddable":true,"href":"https:\/\/scramblestuff.com\/eu\/fr\/wp-json\/wp\/v2\/media\/96453"}],"wp:attachment":[{"href":"https:\/\/scramblestuff.com\/eu\/fr\/wp-json\/wp\/v2\/media?parent=79397"}],"wp:term":[{"taxonomy":"product_brand","embeddable":true,"href":"https:\/\/scramblestuff.com\/eu\/fr\/wp-json\/wp\/v2\/product_brand?post=79397"},{"taxonomy":"product_cat","embeddable":true,"href":"https:\/\/scramblestuff.com\/eu\/fr\/wp-json\/wp\/v2\/product_cat?post=79397"},{"taxonomy":"product_tag","embeddable":true,"href":"https:\/\/scramblestuff.com\/eu\/fr\/wp-json\/wp\/v2\/product_tag?post=79397"},{"taxonomy":"giftcard-category","embeddable":true,"href":"https:\/\/scramblestuff.com\/eu\/fr\/wp-json\/wp\/v2\/giftcard-category?post=79397"}],"curies":[{"name":"wp","href":"https:\/\/api.w.org\/{rel}","templated":true}]}}