{"id":79404,"date":"2023-09-25T15:19:28","date_gmt":"2023-09-25T14:19:28","guid":{"rendered":"https:\/\/scramblestuff.com\/eu\/p\/shinobi-compression-top-matches-courtes\/"},"modified":"2025-12-02T16:43:49","modified_gmt":"2025-12-02T16:43:49","slug":"shinobi-compression-top-short-sleeve","status":"publish","type":"product","link":"https:\/\/scramblestuff.com\/eu\/fr\/p\/shinobi-compression-top-short-sleeve\/","title":{"rendered":"Shinobi Compression Top &#8211; Matches Courtes"},"content":{"rendered":"<p>La gamme Shinobi est notre vision des v\u00eatements de compression haut de gamme et discrets. En mettant l&rsquo;accent sur les mat\u00e9riaux nobles et la construction de qualit\u00e9, la conception est simple mais \u00e9l\u00e9gante, permettant une parfaite amplitude de mouvement, et comporte des panneaux en maille a\u00e9r\u00e9e aux endroits qui permettent \u00e0 votre corps de respirer lors de l&rsquo;entra\u00eenement. L&rsquo;ensemble convient pour le gymnase, le grappling sans gi, le MMA, etc.<\/p>\n","protected":false},"excerpt":{"rendered":"<p>V\u00eatements de compression haut de gamme<br \/>\nRev\u00eatement confortable et maille respirante<br \/>\nUn look multisports \u00e9pur\u00e9<\/p>\n","protected":false},"featured_media":88990,"comment_status":"open","ping_status":"closed","template":"","meta":{"_editorskit_title_hidden":false,"_editorskit_reading_time":0,"_editorskit_is_block_options_detached":false,"_editorskit_block_options_position":"{}"},"product_brand":[],"product_cat":[212,280,184],"product_tag":[],"giftcard-category":[],"class_list":{"0":"post-79404","1":"product","2":"type-product","3":"status-publish","4":"has-post-thumbnail","6":"product_cat-lusure-de-combat","7":"product_cat-rashguards-fr","8":"product_cat-tous-les-produits","10":"first","11":"instock","12":"taxable","13":"shipping-taxable","14":"purchasable","15":"product-type-variable"},"_links":{"self":[{"href":"https:\/\/scramblestuff.com\/eu\/fr\/wp-json\/wp\/v2\/product\/79404","targetHints":{"allow":["GET"]}}],"collection":[{"href":"https:\/\/scramblestuff.com\/eu\/fr\/wp-json\/wp\/v2\/product"}],"about":[{"href":"https:\/\/scramblestuff.com\/eu\/fr\/wp-json\/wp\/v2\/types\/product"}],"replies":[{"embeddable":true,"href":"https:\/\/scramblestuff.com\/eu\/fr\/wp-json\/wp\/v2\/comments?post=79404"}],"wp:featuredmedia":[{"embeddable":true,"href":"https:\/\/scramblestuff.com\/eu\/fr\/wp-json\/wp\/v2\/media\/88990"}],"wp:attachment":[{"href":"https:\/\/scramblestuff.com\/eu\/fr\/wp-json\/wp\/v2\/media?parent=79404"}],"wp:term":[{"taxonomy":"product_brand","embeddable":true,"href":"https:\/\/scramblestuff.com\/eu\/fr\/wp-json\/wp\/v2\/product_brand?post=79404"},{"taxonomy":"product_cat","embeddable":true,"href":"https:\/\/scramblestuff.com\/eu\/fr\/wp-json\/wp\/v2\/product_cat?post=79404"},{"taxonomy":"product_tag","embeddable":true,"href":"https:\/\/scramblestuff.com\/eu\/fr\/wp-json\/wp\/v2\/product_tag?post=79404"},{"taxonomy":"giftcard-category","embeddable":true,"href":"https:\/\/scramblestuff.com\/eu\/fr\/wp-json\/wp\/v2\/giftcard-category?post=79404"}],"curies":[{"name":"wp","href":"https:\/\/api.w.org\/{rel}","templated":true}]}}