{"id":79426,"date":"2023-09-25T14:33:33","date_gmt":"2023-11-18T15:51:28","guid":{"rendered":"https:\/\/scramblestuff.com\/eu\/p\/mouth-gum-shield-guard\/"},"modified":"2025-12-15T18:27:25","modified_gmt":"2025-12-15T18:27:25","slug":"mouth-gum-shield-guard","status":"publish","type":"product","link":"https:\/\/scramblestuff.com\/eu\/fr\/p\/mouth-gum-shield-guard\/","title":{"rendered":"Mouth Gum Shield Guard"},"content":{"rendered":"<p>Il n&rsquo;y a rien de pire que de recevoir un RNC ou un coup de genou et de sentir ses dents grincer comme du papier de verre, puis de passer le reste du cours \u00e0 se dire \u00ab\u00a0ah, merde, j&rsquo;aurais d\u00fb acheter le Mouthgum Shieldguard de Scramble (triste figure)\u00a0\u00bb. Alors qu&rsquo;est-ce que vous attendez ? Achetez-le maintenant, c&rsquo;est un no brianer. Oui, j&rsquo;ai dit \u00ab\u00a0Brianer\u00a0\u00bb. C&rsquo;est un club sans Brian.<br \/>\nToute plaisanterie mise \u00e0 part, il s&rsquo;agit d&rsquo;un prot\u00e8ge-dents \u00e9pique de Scramble, con\u00e7u pour r\u00e9sister \u00e0 l&rsquo;\u00e9bullition et \u00e0 la morsure.<\/p>\n","protected":false},"excerpt":{"rendered":"<p>Prot\u00e8ge-dents et prot\u00e8ge-gencives tout en un<br \/>\nArr\u00eatez de vous casser les dents<br \/>\nFaire bouillir et mordre<\/p>\n","protected":false},"featured_media":87638,"comment_status":"open","ping_status":"closed","template":"","meta":{"_editorskit_title_hidden":false,"_editorskit_reading_time":0,"_editorskit_is_block_options_detached":false,"_editorskit_block_options_position":"{}"},"product_brand":[],"product_cat":[180,305,184],"product_tag":[],"giftcard-category":[],"class_list":{"0":"post-79426","1":"product","2":"type-product","3":"status-publish","4":"has-post-thumbnail","6":"product_cat-accessoires","7":"product_cat-mma-fr","8":"product_cat-tous-les-produits","10":"first","11":"instock","12":"taxable","13":"shipping-taxable","14":"purchasable","15":"product-type-simple"},"_links":{"self":[{"href":"https:\/\/scramblestuff.com\/eu\/fr\/wp-json\/wp\/v2\/product\/79426","targetHints":{"allow":["GET"]}}],"collection":[{"href":"https:\/\/scramblestuff.com\/eu\/fr\/wp-json\/wp\/v2\/product"}],"about":[{"href":"https:\/\/scramblestuff.com\/eu\/fr\/wp-json\/wp\/v2\/types\/product"}],"replies":[{"embeddable":true,"href":"https:\/\/scramblestuff.com\/eu\/fr\/wp-json\/wp\/v2\/comments?post=79426"}],"wp:featuredmedia":[{"embeddable":true,"href":"https:\/\/scramblestuff.com\/eu\/fr\/wp-json\/wp\/v2\/media\/87638"}],"wp:attachment":[{"href":"https:\/\/scramblestuff.com\/eu\/fr\/wp-json\/wp\/v2\/media?parent=79426"}],"wp:term":[{"taxonomy":"product_brand","embeddable":true,"href":"https:\/\/scramblestuff.com\/eu\/fr\/wp-json\/wp\/v2\/product_brand?post=79426"},{"taxonomy":"product_cat","embeddable":true,"href":"https:\/\/scramblestuff.com\/eu\/fr\/wp-json\/wp\/v2\/product_cat?post=79426"},{"taxonomy":"product_tag","embeddable":true,"href":"https:\/\/scramblestuff.com\/eu\/fr\/wp-json\/wp\/v2\/product_tag?post=79426"},{"taxonomy":"giftcard-category","embeddable":true,"href":"https:\/\/scramblestuff.com\/eu\/fr\/wp-json\/wp\/v2\/giftcard-category?post=79426"}],"curies":[{"name":"wp","href":"https:\/\/api.w.org\/{rel}","templated":true}]}}