{"id":79561,"date":"2023-09-19T13:46:23","date_gmt":"2023-09-19T12:46:23","guid":{"rendered":"https:\/\/scramblestuff.com\/eu\/p\/burning-tiger-rashguard\/"},"modified":"2025-10-20T10:03:53","modified_gmt":"2025-10-20T09:03:53","slug":"burning-tiger-rashguard","status":"publish","type":"product","link":"https:\/\/scramblestuff.com\/eu\/fr\/p\/burning-tiger-rashguard\/","title":{"rendered":"Burning Tiger Rashguard"},"content":{"rendered":"<p>Utilisant notre coupe \u00ab\u00a0tactique\u00a0\u00bb populaire, ce rashguard a plusieurs panneaux, ce qui signifie que le rashguard est confortable et permet une gamme compl\u00e8te de mouvements. Un petit secret &#8211; il en va de m\u00eame pour toutes les autres mati\u00e8res extensibles, mais c&rsquo;est justement ce que font les marques &#8211; elles inventent des choses qui ont l&rsquo;air cool. Gamme compl\u00e8te de mouvements ! Wow. Comme si vous ne pouviez pas avoir une gamme compl\u00e8te de mouvements en portant un t-shirt ou autre.<br \/>\nMais le plus important, c&rsquo;est que les TIGRES qui br\u00fblent ont l&rsquo;air COOL AF.<\/p>\n","protected":false},"excerpt":{"rendered":"<p>Les tigres sont cool, tout comme les flammes<br \/>\nPar cons\u00e9quent, ce rashguard<br \/>\nConstruction multi-panneaux de premi\u00e8re qualit\u00e9<br \/>\nChaud<\/p>\n","protected":false},"featured_media":87258,"comment_status":"open","ping_status":"closed","template":"","meta":{"_editorskit_title_hidden":false,"_editorskit_reading_time":0,"_editorskit_is_block_options_detached":false,"_editorskit_block_options_position":"{}"},"product_brand":[],"product_cat":[280,184],"product_tag":[671],"giftcard-category":[],"class_list":{"0":"post-79561","1":"product","2":"type-product","3":"status-publish","4":"has-post-thumbnail","6":"product_cat-rashguards-fr","7":"product_cat-tous-les-produits","8":"product_tag-tigre-brulant","10":"first","11":"outofstock","12":"taxable","13":"shipping-taxable","14":"purchasable","15":"product-type-variable"},"_links":{"self":[{"href":"https:\/\/scramblestuff.com\/eu\/fr\/wp-json\/wp\/v2\/product\/79561","targetHints":{"allow":["GET"]}}],"collection":[{"href":"https:\/\/scramblestuff.com\/eu\/fr\/wp-json\/wp\/v2\/product"}],"about":[{"href":"https:\/\/scramblestuff.com\/eu\/fr\/wp-json\/wp\/v2\/types\/product"}],"replies":[{"embeddable":true,"href":"https:\/\/scramblestuff.com\/eu\/fr\/wp-json\/wp\/v2\/comments?post=79561"}],"wp:featuredmedia":[{"embeddable":true,"href":"https:\/\/scramblestuff.com\/eu\/fr\/wp-json\/wp\/v2\/media\/87258"}],"wp:attachment":[{"href":"https:\/\/scramblestuff.com\/eu\/fr\/wp-json\/wp\/v2\/media?parent=79561"}],"wp:term":[{"taxonomy":"product_brand","embeddable":true,"href":"https:\/\/scramblestuff.com\/eu\/fr\/wp-json\/wp\/v2\/product_brand?post=79561"},{"taxonomy":"product_cat","embeddable":true,"href":"https:\/\/scramblestuff.com\/eu\/fr\/wp-json\/wp\/v2\/product_cat?post=79561"},{"taxonomy":"product_tag","embeddable":true,"href":"https:\/\/scramblestuff.com\/eu\/fr\/wp-json\/wp\/v2\/product_tag?post=79561"},{"taxonomy":"giftcard-category","embeddable":true,"href":"https:\/\/scramblestuff.com\/eu\/fr\/wp-json\/wp\/v2\/giftcard-category?post=79561"}],"curies":[{"name":"wp","href":"https:\/\/api.w.org\/{rel}","templated":true}]}}