{"id":79568,"date":"2023-09-19T13:40:39","date_gmt":"2023-09-19T12:40:39","guid":{"rendered":"https:\/\/scramblestuff.com\/eu\/p\/scramble-or-dead-shorts\/"},"modified":"2025-09-15T12:49:29","modified_gmt":"2025-09-15T11:49:29","slug":"scramble-or-dead-shorts","status":"publish","type":"product","link":"https:\/\/scramblestuff.com\/eu\/fr\/p\/scramble-or-dead-shorts\/","title":{"rendered":"Scramble or Dead Shorts"},"content":{"rendered":"<p>Utilisant notre coupe de base populaire, que nous avons r\u00e9cemment am\u00e9lior\u00e9e pour mieux l&rsquo;ajuster \u00e0 tous les niveaux, ces shorts sont tr\u00e8s r\u00e9sistants. Nous avons am\u00e9lior\u00e9 la coupe du short de base en le raccourcissant un peu et en rendant le tour de taille plus intuitif.<\/p>\n<p>Mais l&rsquo;essentiel, c&rsquo;est que les SNAKES et les LIGHTNING BOLTS constituent une combinaison imbattable.<\/p>\n<p>Se marie tr\u00e8s bien avec le Scramble ou le Dead Rashguard (\u00e9videmment).<\/p>\n","protected":false},"excerpt":{"rendered":"<p>Les serpents et les \u00e9clairs sont les num\u00e9ros 1<br \/>\nMise \u00e0 jour de la coupe de base plus courte et plus ajust\u00e9e<br \/>\nAttention aux vrais serpents<\/p>\n","protected":false},"featured_media":88810,"comment_status":"open","ping_status":"closed","template":"","meta":{"_editorskit_title_hidden":false,"_editorskit_reading_time":0,"_editorskit_is_block_options_detached":false,"_editorskit_block_options_position":"{}"},"product_brand":[],"product_cat":[27,278,184,230],"product_tag":[],"giftcard-category":[],"class_list":{"0":"post-79568","1":"product","2":"type-product","3":"status-publish","4":"has-post-thumbnail","6":"product_cat-sale","7":"product_cat-shorts-de-combat","8":"product_cat-tous-les-produits","9":"product_cat-vente","11":"first","12":"outofstock","13":"taxable","14":"shipping-taxable","15":"purchasable","16":"product-type-variable"},"_links":{"self":[{"href":"https:\/\/scramblestuff.com\/eu\/fr\/wp-json\/wp\/v2\/product\/79568","targetHints":{"allow":["GET"]}}],"collection":[{"href":"https:\/\/scramblestuff.com\/eu\/fr\/wp-json\/wp\/v2\/product"}],"about":[{"href":"https:\/\/scramblestuff.com\/eu\/fr\/wp-json\/wp\/v2\/types\/product"}],"replies":[{"embeddable":true,"href":"https:\/\/scramblestuff.com\/eu\/fr\/wp-json\/wp\/v2\/comments?post=79568"}],"wp:featuredmedia":[{"embeddable":true,"href":"https:\/\/scramblestuff.com\/eu\/fr\/wp-json\/wp\/v2\/media\/88810"}],"wp:attachment":[{"href":"https:\/\/scramblestuff.com\/eu\/fr\/wp-json\/wp\/v2\/media?parent=79568"}],"wp:term":[{"taxonomy":"product_brand","embeddable":true,"href":"https:\/\/scramblestuff.com\/eu\/fr\/wp-json\/wp\/v2\/product_brand?post=79568"},{"taxonomy":"product_cat","embeddable":true,"href":"https:\/\/scramblestuff.com\/eu\/fr\/wp-json\/wp\/v2\/product_cat?post=79568"},{"taxonomy":"product_tag","embeddable":true,"href":"https:\/\/scramblestuff.com\/eu\/fr\/wp-json\/wp\/v2\/product_tag?post=79568"},{"taxonomy":"giftcard-category","embeddable":true,"href":"https:\/\/scramblestuff.com\/eu\/fr\/wp-json\/wp\/v2\/giftcard-category?post=79568"}],"curies":[{"name":"wp","href":"https:\/\/api.w.org\/{rel}","templated":true}]}}