{"id":79586,"date":"2023-09-19T13:23:20","date_gmt":"2023-11-27T21:16:47","guid":{"rendered":"https:\/\/scramblestuff.com\/eu\/p\/scramble-or-dead-rashguard\/"},"modified":"2024-09-24T00:00:13","modified_gmt":"2024-09-23T23:00:13","slug":"scramble-or-dead-rashguard","status":"publish","type":"product","link":"https:\/\/scramblestuff.com\/eu\/fr\/p\/scramble-or-dead-rashguard\/","title":{"rendered":"Scramble or Dead Rashguard"},"content":{"rendered":"<p>Utilisant notre coupe \u00ab\u00a0tactique\u00a0\u00bb populaire, ce rashguard a plusieurs panneaux, ce qui signifie que le rashguard est confortable et permet une gamme compl\u00e8te de mouvements. Un petit secret &#8211; il en va de m\u00eame pour toutes les autres mati\u00e8res extensibles, mais c&rsquo;est justement ce que font les marques &#8211; elles inventent des choses qui ont l&rsquo;air cool. Gamme compl\u00e8te de mouvements ! Wow. Comme si vous ne pouviez pas avoir une gamme compl\u00e8te de mouvements en portant un t-shirt ou autre.<br \/>\nMais l&rsquo;essentiel, c&rsquo;est que les SNAKES et les LIGHTNING BOLTS constituent une combinaison imbattable.<\/p>\n","protected":false},"excerpt":{"rendered":"<p>Serpents et \u00e9clairs<br \/>\nLitt\u00e9ralement imbattable<br \/>\nConception multi-panneaux haut de gamme<br \/>\nAttention aux serpents<\/p>\n","protected":false},"featured_media":88769,"comment_status":"open","ping_status":"closed","template":"","meta":{"_editorskit_title_hidden":false,"_editorskit_reading_time":0,"_editorskit_is_block_options_detached":false,"_editorskit_block_options_position":"{}"},"product_brand":[],"product_cat":[280,184,230],"product_tag":[],"giftcard-category":[],"class_list":{"0":"post-79586","1":"product","2":"type-product","3":"status-publish","4":"has-post-thumbnail","6":"product_cat-rashguards-fr","7":"product_cat-tous-les-produits","8":"product_cat-vente","10":"first","11":"instock","12":"taxable","13":"shipping-taxable","14":"purchasable","15":"product-type-variable"},"_links":{"self":[{"href":"https:\/\/scramblestuff.com\/eu\/fr\/wp-json\/wp\/v2\/product\/79586","targetHints":{"allow":["GET"]}}],"collection":[{"href":"https:\/\/scramblestuff.com\/eu\/fr\/wp-json\/wp\/v2\/product"}],"about":[{"href":"https:\/\/scramblestuff.com\/eu\/fr\/wp-json\/wp\/v2\/types\/product"}],"replies":[{"embeddable":true,"href":"https:\/\/scramblestuff.com\/eu\/fr\/wp-json\/wp\/v2\/comments?post=79586"}],"wp:featuredmedia":[{"embeddable":true,"href":"https:\/\/scramblestuff.com\/eu\/fr\/wp-json\/wp\/v2\/media\/88769"}],"wp:attachment":[{"href":"https:\/\/scramblestuff.com\/eu\/fr\/wp-json\/wp\/v2\/media?parent=79586"}],"wp:term":[{"taxonomy":"product_brand","embeddable":true,"href":"https:\/\/scramblestuff.com\/eu\/fr\/wp-json\/wp\/v2\/product_brand?post=79586"},{"taxonomy":"product_cat","embeddable":true,"href":"https:\/\/scramblestuff.com\/eu\/fr\/wp-json\/wp\/v2\/product_cat?post=79586"},{"taxonomy":"product_tag","embeddable":true,"href":"https:\/\/scramblestuff.com\/eu\/fr\/wp-json\/wp\/v2\/product_tag?post=79586"},{"taxonomy":"giftcard-category","embeddable":true,"href":"https:\/\/scramblestuff.com\/eu\/fr\/wp-json\/wp\/v2\/giftcard-category?post=79586"}],"curies":[{"name":"wp","href":"https:\/\/api.w.org\/{rel}","templated":true}]}}