{"id":79761,"date":"2023-07-13T13:13:40","date_gmt":"2023-07-13T12:13:40","guid":{"rendered":"https:\/\/scramblestuff.com\/eu\/p\/kimono-label-tee-white\/"},"modified":"2024-07-02T12:15:47","modified_gmt":"2024-07-02T11:15:47","slug":"kimono-label-tee-white","status":"publish","type":"product","link":"https:\/\/scramblestuff.com\/eu\/fr\/p\/kimono-label-tee-white\/","title":{"rendered":"Kimono Label Tee &#8211; White"},"content":{"rendered":"<p>Nous avons con\u00e7u un traitement typographique hybride classique, combinant la typographie occidentale et japonaise dans une \u00e9tiquette imagin\u00e9e pour ce v\u00eatement d\u00e9contract\u00e9 100 % coton. Le motif se r\u00e9p\u00e8te sur une pochette imprim\u00e9e sur le devant.<\/p>\n","protected":false},"excerpt":{"rendered":"<p>100% coton biologique<br \/>\nS\u00e9rigraphie souple<br \/>\nCoupe d\u00e9contract\u00e9e<\/p>\n","protected":false},"featured_media":88064,"comment_status":"open","ping_status":"closed","template":"","meta":{"_editorskit_title_hidden":false,"_editorskit_reading_time":0,"_editorskit_is_block_options_detached":false,"_editorskit_block_options_position":"{}"},"product_brand":[],"product_cat":[27,208,184,230,188],"product_tag":[],"giftcard-category":[],"class_list":{"0":"post-79761","1":"product","2":"type-product","3":"status-publish","4":"has-post-thumbnail","6":"product_cat-sale","7":"product_cat-t-shirts-fr","8":"product_cat-tous-les-produits","9":"product_cat-vente","10":"product_cat-vetement-de-tous-les-jours","12":"first","13":"outofstock","14":"taxable","15":"shipping-taxable","16":"purchasable","17":"product-type-variable"},"_links":{"self":[{"href":"https:\/\/scramblestuff.com\/eu\/fr\/wp-json\/wp\/v2\/product\/79761","targetHints":{"allow":["GET"]}}],"collection":[{"href":"https:\/\/scramblestuff.com\/eu\/fr\/wp-json\/wp\/v2\/product"}],"about":[{"href":"https:\/\/scramblestuff.com\/eu\/fr\/wp-json\/wp\/v2\/types\/product"}],"replies":[{"embeddable":true,"href":"https:\/\/scramblestuff.com\/eu\/fr\/wp-json\/wp\/v2\/comments?post=79761"}],"wp:featuredmedia":[{"embeddable":true,"href":"https:\/\/scramblestuff.com\/eu\/fr\/wp-json\/wp\/v2\/media\/88064"}],"wp:attachment":[{"href":"https:\/\/scramblestuff.com\/eu\/fr\/wp-json\/wp\/v2\/media?parent=79761"}],"wp:term":[{"taxonomy":"product_brand","embeddable":true,"href":"https:\/\/scramblestuff.com\/eu\/fr\/wp-json\/wp\/v2\/product_brand?post=79761"},{"taxonomy":"product_cat","embeddable":true,"href":"https:\/\/scramblestuff.com\/eu\/fr\/wp-json\/wp\/v2\/product_cat?post=79761"},{"taxonomy":"product_tag","embeddable":true,"href":"https:\/\/scramblestuff.com\/eu\/fr\/wp-json\/wp\/v2\/product_tag?post=79761"},{"taxonomy":"giftcard-category","embeddable":true,"href":"https:\/\/scramblestuff.com\/eu\/fr\/wp-json\/wp\/v2\/giftcard-category?post=79761"}],"curies":[{"name":"wp","href":"https:\/\/api.w.org\/{rel}","templated":true}]}}