{"id":79836,"date":"2023-06-30T15:08:18","date_gmt":"2023-06-30T14:08:18","guid":{"rendered":"https:\/\/scramblestuff.com\/eu\/p\/combination-shorts-khaki-green-black\/"},"modified":"2026-02-19T13:53:39","modified_gmt":"2026-02-19T13:53:39","slug":"combination-shorts-khaki-green-black","status":"publish","type":"product","link":"https:\/\/scramblestuff.com\/eu\/fr\/p\/combination-shorts-khaki-green-black\/","title":{"rendered":"Combination Shorts &#8211; Khaki Green \/ Black"},"content":{"rendered":"<p>Notre short Combination prim\u00e9*, d\u00e9sormais disponible en vert kaki avec un int\u00e9rieur en lycra noir. Le short combin\u00e9 est un excellent short d&rsquo;entra\u00eenement, adapt\u00e9 au jiujitsu et au grappling (sans gi) mais aussi \u00e0 la course \u00e0 pied et \u00e0 la gym. Avec une couche int\u00e9rieure en lycra et une finition courte, au-dessus de la cuisse, sur la couche ext\u00e9rieure.<\/p>\n","protected":false},"excerpt":{"rendered":"<p>Taille r\u00e9vis\u00e9e : la taille devrait \u00eatre la m\u00eame.<\/p>\n<p>Double couche avec lycra int\u00e9rieur noir en dessous<\/p>\n<p>Probablement le meilleur short d&rsquo;entra\u00eenement de tous les temps.<\/p>\n","protected":false},"featured_media":87418,"comment_status":"open","ping_status":"closed","template":"","meta":{"_editorskit_title_hidden":false,"_editorskit_reading_time":0,"_editorskit_is_block_options_detached":false,"_editorskit_block_options_position":"{}"},"product_brand":[],"product_cat":[212,27,278,184,230],"product_tag":[482],"giftcard-category":[],"class_list":{"0":"post-79836","1":"product","2":"type-product","3":"status-publish","4":"has-post-thumbnail","6":"product_cat-lusure-de-combat","7":"product_cat-sale","8":"product_cat-shorts-de-combat","9":"product_cat-tous-les-produits","10":"product_cat-vente","11":"product_tag-comboshorts-fr","13":"first","14":"instock","15":"sale","16":"taxable","17":"shipping-taxable","18":"purchasable","19":"product-type-variable"},"_links":{"self":[{"href":"https:\/\/scramblestuff.com\/eu\/fr\/wp-json\/wp\/v2\/product\/79836","targetHints":{"allow":["GET"]}}],"collection":[{"href":"https:\/\/scramblestuff.com\/eu\/fr\/wp-json\/wp\/v2\/product"}],"about":[{"href":"https:\/\/scramblestuff.com\/eu\/fr\/wp-json\/wp\/v2\/types\/product"}],"replies":[{"embeddable":true,"href":"https:\/\/scramblestuff.com\/eu\/fr\/wp-json\/wp\/v2\/comments?post=79836"}],"wp:featuredmedia":[{"embeddable":true,"href":"https:\/\/scramblestuff.com\/eu\/fr\/wp-json\/wp\/v2\/media\/87418"}],"wp:attachment":[{"href":"https:\/\/scramblestuff.com\/eu\/fr\/wp-json\/wp\/v2\/media?parent=79836"}],"wp:term":[{"taxonomy":"product_brand","embeddable":true,"href":"https:\/\/scramblestuff.com\/eu\/fr\/wp-json\/wp\/v2\/product_brand?post=79836"},{"taxonomy":"product_cat","embeddable":true,"href":"https:\/\/scramblestuff.com\/eu\/fr\/wp-json\/wp\/v2\/product_cat?post=79836"},{"taxonomy":"product_tag","embeddable":true,"href":"https:\/\/scramblestuff.com\/eu\/fr\/wp-json\/wp\/v2\/product_tag?post=79836"},{"taxonomy":"giftcard-category","embeddable":true,"href":"https:\/\/scramblestuff.com\/eu\/fr\/wp-json\/wp\/v2\/giftcard-category?post=79836"}],"curies":[{"name":"wp","href":"https:\/\/api.w.org\/{rel}","templated":true}]}}