{"id":79843,"date":"2023-06-22T11:54:28","date_gmt":"2023-12-12T16:24:23","guid":{"rendered":"https:\/\/scramblestuff.com\/eu\/p\/scramble-reversible-bucket-hat\/"},"modified":"2023-12-12T16:24:23","modified_gmt":"2023-12-12T16:24:23","slug":"scramble-reversible-bucket-hat","status":"publish","type":"product","link":"https:\/\/scramblestuff.com\/eu\/fr\/p\/scramble-reversible-bucket-hat\/","title":{"rendered":"Scramble Reversible Bucket Hat"},"content":{"rendered":"<p>Inspir\u00e9 par MOI QUAND JE PORTAIS DES BUCKET HATS DANS LES ANN\u00c9ES 90 AUX CONCERTS DE LA SC\u00c8NE DES COULEURS DE L&rsquo;OC\u00c9AN OK ? Nous avons fait le pari que les chapeaux \u00e0 godets \u00e9taient cool et il s&rsquo;av\u00e8re qu&rsquo;ils le sont tout \u00e0 fait et qu&rsquo;ils sont \u00e0 la mode. C&rsquo;est honn\u00eatement l&rsquo;un des plus beaux exemples de bucket hat existant, il passe d&rsquo;une belle couleur beige \u00e0 un camouflage tigre comme CELA (claquement de doigts). Je ne sais pas vraiment quoi dire d&rsquo;autre puisque ce n&rsquo;est qu&rsquo;un chapeau.<\/p>\n","protected":false},"excerpt":{"rendered":"<p>Les chapeaux sont \u00e0 la mode<br \/>\nLes r\u00e9versibles le sont encore plus<br \/>\nIl s&rsquo;agit donc d&rsquo;une \u00e9vidence<\/p>\n<p>Lavage doux \u00e0 la main recommand\u00e9<\/p>\n","protected":false},"featured_media":77223,"comment_status":"open","ping_status":"closed","template":"","meta":{"_editorskit_title_hidden":false,"_editorskit_reading_time":0,"_editorskit_is_block_options_detached":false,"_editorskit_block_options_position":"{}"},"product_brand":[],"product_cat":[180,196,184],"product_tag":[],"giftcard-category":[],"class_list":{"0":"post-79843","1":"product","2":"type-product","3":"status-publish","4":"has-post-thumbnail","6":"product_cat-accessoires","7":"product_cat-chapeaux","8":"product_cat-tous-les-produits","10":"first","11":"outofstock","12":"taxable","13":"shipping-taxable","14":"purchasable","15":"product-type-simple"},"_links":{"self":[{"href":"https:\/\/scramblestuff.com\/eu\/fr\/wp-json\/wp\/v2\/product\/79843","targetHints":{"allow":["GET"]}}],"collection":[{"href":"https:\/\/scramblestuff.com\/eu\/fr\/wp-json\/wp\/v2\/product"}],"about":[{"href":"https:\/\/scramblestuff.com\/eu\/fr\/wp-json\/wp\/v2\/types\/product"}],"replies":[{"embeddable":true,"href":"https:\/\/scramblestuff.com\/eu\/fr\/wp-json\/wp\/v2\/comments?post=79843"}],"wp:featuredmedia":[{"embeddable":true,"href":"https:\/\/scramblestuff.com\/eu\/fr\/wp-json\/wp\/v2\/media\/77223"}],"wp:attachment":[{"href":"https:\/\/scramblestuff.com\/eu\/fr\/wp-json\/wp\/v2\/media?parent=79843"}],"wp:term":[{"taxonomy":"product_brand","embeddable":true,"href":"https:\/\/scramblestuff.com\/eu\/fr\/wp-json\/wp\/v2\/product_brand?post=79843"},{"taxonomy":"product_cat","embeddable":true,"href":"https:\/\/scramblestuff.com\/eu\/fr\/wp-json\/wp\/v2\/product_cat?post=79843"},{"taxonomy":"product_tag","embeddable":true,"href":"https:\/\/scramblestuff.com\/eu\/fr\/wp-json\/wp\/v2\/product_tag?post=79843"},{"taxonomy":"giftcard-category","embeddable":true,"href":"https:\/\/scramblestuff.com\/eu\/fr\/wp-json\/wp\/v2\/giftcard-category?post=79843"}],"curies":[{"name":"wp","href":"https:\/\/api.w.org\/{rel}","templated":true}]}}