{"id":79862,"date":"2022-11-29T15:56:28","date_gmt":"2023-12-12T16:52:30","guid":{"rendered":"https:\/\/scramblestuff.com\/eu\/p\/scramble-logotype-handwraps\/"},"modified":"2023-12-12T16:52:30","modified_gmt":"2023-12-12T16:52:30","slug":"scramble-logotype-handwraps","status":"publish","type":"product","link":"https:\/\/scramblestuff.com\/eu\/fr\/p\/scramble-logotype-handwraps\/","title":{"rendered":"Scramble Logotype Handwraps"},"content":{"rendered":"<p>Nous savons que certains d&rsquo;entre vous aiment s&rsquo;entra\u00eener un peu \u00e0 l&rsquo;arrache, c&rsquo;est pourquoi nous avons cr\u00e9\u00e9 ces enveloppes pour les mains afin que vos pattes en sueur aient l&rsquo;air et se sentent bien sous les gants. Une boucle de pouce se trouve \u00e0 l&rsquo;une des extr\u00e9mit\u00e9s de l&rsquo;\u00e9charpe et une fermeture velcro \u00e0 l&rsquo;autre, afin de faciliter au maximum son application. Les instructions sur la mani\u00e8re d&rsquo;envelopper vos mains ne sont pas incluses, alors rendez-vous sur YouTube si vous ne voulez pas que cela ressemble \u00e0 un pansement appliqu\u00e9 \u00e0 la h\u00e2te.<\/p>\n","protected":false},"excerpt":{"rendered":"<p>Logotype Handwraps (enveloppes \u00e0 main)<br \/>\n&#8211; 210 pouces de bandes \u00e0 main<br \/>\n&#8211; Polyester imprim\u00e9 sublim\u00e9<br \/>\n&#8211; Boucle de pouce et fermeture velcro<br \/>\n&#8211; Motif r\u00e9p\u00e9titif du logo<\/p>\n","protected":false},"featured_media":87673,"comment_status":"open","ping_status":"closed","template":"","meta":{"_editorskit_title_hidden":false,"_editorskit_reading_time":0,"_editorskit_is_block_options_detached":false,"_editorskit_block_options_position":"{}"},"product_brand":[],"product_cat":[180,305],"product_tag":[],"giftcard-category":[],"class_list":{"0":"post-79862","1":"product","2":"type-product","3":"status-publish","4":"has-post-thumbnail","6":"product_cat-accessoires","7":"product_cat-mma-fr","9":"first","10":"outofstock","11":"taxable","12":"shipping-taxable","13":"purchasable","14":"product-type-simple"},"_links":{"self":[{"href":"https:\/\/scramblestuff.com\/eu\/fr\/wp-json\/wp\/v2\/product\/79862","targetHints":{"allow":["GET"]}}],"collection":[{"href":"https:\/\/scramblestuff.com\/eu\/fr\/wp-json\/wp\/v2\/product"}],"about":[{"href":"https:\/\/scramblestuff.com\/eu\/fr\/wp-json\/wp\/v2\/types\/product"}],"replies":[{"embeddable":true,"href":"https:\/\/scramblestuff.com\/eu\/fr\/wp-json\/wp\/v2\/comments?post=79862"}],"wp:featuredmedia":[{"embeddable":true,"href":"https:\/\/scramblestuff.com\/eu\/fr\/wp-json\/wp\/v2\/media\/87673"}],"wp:attachment":[{"href":"https:\/\/scramblestuff.com\/eu\/fr\/wp-json\/wp\/v2\/media?parent=79862"}],"wp:term":[{"taxonomy":"product_brand","embeddable":true,"href":"https:\/\/scramblestuff.com\/eu\/fr\/wp-json\/wp\/v2\/product_brand?post=79862"},{"taxonomy":"product_cat","embeddable":true,"href":"https:\/\/scramblestuff.com\/eu\/fr\/wp-json\/wp\/v2\/product_cat?post=79862"},{"taxonomy":"product_tag","embeddable":true,"href":"https:\/\/scramblestuff.com\/eu\/fr\/wp-json\/wp\/v2\/product_tag?post=79862"},{"taxonomy":"giftcard-category","embeddable":true,"href":"https:\/\/scramblestuff.com\/eu\/fr\/wp-json\/wp\/v2\/giftcard-category?post=79862"}],"curies":[{"name":"wp","href":"https:\/\/api.w.org\/{rel}","templated":true}]}}