{"id":79869,"date":"2023-09-19T13:55:01","date_gmt":"2023-09-19T12:55:01","guid":{"rendered":"https:\/\/scramblestuff.com\/eu\/p\/burning-tiger-shorts\/"},"modified":"2023-12-12T16:55:12","modified_gmt":"2023-12-12T16:55:12","slug":"burning-tiger-shorts","status":"publish","type":"product","link":"https:\/\/scramblestuff.com\/eu\/fr\/p\/burning-tiger-shorts\/","title":{"rendered":"Burning Tiger Shorts"},"content":{"rendered":"<p>Utilisant notre coupe de base populaire, que nous avons r\u00e9cemment am\u00e9lior\u00e9e pour mieux l&rsquo;ajuster \u00e0 tous les niveaux, ces shorts sont tr\u00e8s r\u00e9sistants. Nous avons am\u00e9lior\u00e9 la coupe du short de base en le raccourcissant un peu et en rendant le tour de taille plus intuitif.<\/p>\n<p>Mais le plus important, c&rsquo;est que les TIGRES qui br\u00fblent ont l&rsquo;air COOL AF.<\/p>\n<p>Se marie tr\u00e8s bien avec le rashguard Burning Tiger (\u00e9videmment).<\/p>\n<p>Prot\u00e8ge-couilles \u00ab\u00a0Scramble or Dead\u00a0\u00bb.<\/p>\n","protected":false},"excerpt":{"rendered":"<p>Les tigres sont cool, tout comme les flammes<br \/>\nCes shorts = pas de probl\u00e8me<br \/>\nMise \u00e0 jour de la coupe de base plus courte et plus ajust\u00e9e<br \/>\nChaud<\/p>\n","protected":false},"featured_media":87298,"comment_status":"open","ping_status":"closed","template":"","meta":{"_editorskit_title_hidden":false,"_editorskit_reading_time":0,"_editorskit_is_block_options_detached":false,"_editorskit_block_options_position":"{}"},"product_brand":[],"product_cat":[278,184],"product_tag":[671],"giftcard-category":[],"class_list":{"0":"post-79869","1":"product","2":"type-product","3":"status-publish","4":"has-post-thumbnail","6":"product_cat-shorts-de-combat","7":"product_cat-tous-les-produits","8":"product_tag-tigre-brulant","10":"first","11":"instock","12":"taxable","13":"shipping-taxable","14":"purchasable","15":"product-type-variable"},"_links":{"self":[{"href":"https:\/\/scramblestuff.com\/eu\/fr\/wp-json\/wp\/v2\/product\/79869","targetHints":{"allow":["GET"]}}],"collection":[{"href":"https:\/\/scramblestuff.com\/eu\/fr\/wp-json\/wp\/v2\/product"}],"about":[{"href":"https:\/\/scramblestuff.com\/eu\/fr\/wp-json\/wp\/v2\/types\/product"}],"replies":[{"embeddable":true,"href":"https:\/\/scramblestuff.com\/eu\/fr\/wp-json\/wp\/v2\/comments?post=79869"}],"wp:featuredmedia":[{"embeddable":true,"href":"https:\/\/scramblestuff.com\/eu\/fr\/wp-json\/wp\/v2\/media\/87298"}],"wp:attachment":[{"href":"https:\/\/scramblestuff.com\/eu\/fr\/wp-json\/wp\/v2\/media?parent=79869"}],"wp:term":[{"taxonomy":"product_brand","embeddable":true,"href":"https:\/\/scramblestuff.com\/eu\/fr\/wp-json\/wp\/v2\/product_brand?post=79869"},{"taxonomy":"product_cat","embeddable":true,"href":"https:\/\/scramblestuff.com\/eu\/fr\/wp-json\/wp\/v2\/product_cat?post=79869"},{"taxonomy":"product_tag","embeddable":true,"href":"https:\/\/scramblestuff.com\/eu\/fr\/wp-json\/wp\/v2\/product_tag?post=79869"},{"taxonomy":"giftcard-category","embeddable":true,"href":"https:\/\/scramblestuff.com\/eu\/fr\/wp-json\/wp\/v2\/giftcard-category?post=79869"}],"curies":[{"name":"wp","href":"https:\/\/api.w.org\/{rel}","templated":true}]}}