{"id":79880,"date":"2022-11-16T15:18:29","date_gmt":"2023-12-13T13:54:52","guid":{"rendered":"https:\/\/scramblestuff.com\/eu\/p\/scramball\/"},"modified":"2023-12-13T13:54:53","modified_gmt":"2023-12-13T13:54:53","slug":"scramball","status":"publish","type":"product","link":"https:\/\/scramblestuff.com\/eu\/fr\/p\/scramball\/","title":{"rendered":"Scramball"},"content":{"rendered":"<p>Nous savons tous que le BJJ est le plus grand sport du monde, suivi de pr\u00e8s par le MMA, mais ici \u00e0 Scramble, le football occupe la quatri\u00e8me place apr\u00e8s l&rsquo;ultimate frisbee. Peu de gens aiment courir, mais courir apr\u00e8s un ballon est bien plus amusant. Les chiens le font, maintenant vous le pouvez aussi ! La coupe du monde arrive (ou a d\u00e9j\u00e0 eu lieu selon l&rsquo;heure \u00e0 laquelle vous lisez ces lignes), et nous sommes super excit\u00e9s \u00e0 l&rsquo;id\u00e9e de voir l&rsquo;Angleterre se faire \u00e9liminer en quart de finale (ou nous l&rsquo;avons d\u00e9j\u00e0 \u00e9t\u00e9, peu importe). Pour f\u00eater l&rsquo;\u00e9v\u00e9nement, nous avons cr\u00e9\u00e9 un objet de collection en \u00e9dition limit\u00e9e qui ne sera jamais revu, le SCRAMBALL. Remplissez-le d&rsquo;air, donnez-lui des coups de pied, faites-le rebondir sur les murs, chatouillez son trou de pompe. les options sont infinies.<\/p>\n<p>Chaque ballon est livr\u00e9 avec un sac \u00e0 chaussures qui peut \u00e9galement \u00eatre utilis\u00e9 comme sac \u00e0 gi, de sorte que vous pouvez dribbler ce mauvais gar\u00e7on jusqu&rsquo;\u00e0 la salle de sport. Au-del\u00e0 des plaisanteries, nous avons fabriqu\u00e9 ce ballon en respectant les normes les plus strictes, de sorte que si vous souhaitez vraiment l&rsquo;utiliser au parc, pour votre \u00e9quipe de la ligue du dimanche ou pour vos propres activit\u00e9s, vous pouvez \u00eatre s\u00fbr que vous le ferez avec un ballon de match de haute qualit\u00e9.<\/p>\n","protected":false},"excerpt":{"rendered":"<p>The Scramball<br \/>\n&#8211; Taille 5, 420g pour correspondre au poids r\u00e9glementaire de la Premiership<br \/>\n&#8211; Cuir PU thermoliqu\u00e9<br \/>\n&#8211; Rainures moul\u00e9es pour la stabilit\u00e9 en vol<br \/>\n&#8211; Tous les temps<br \/>\n&#8211; Peut dessiner un smiley et lui donner un nom s&rsquo;il est bloqu\u00e9 sur une \u00eele d\u00e9serte<\/p>\n","protected":false},"featured_media":72676,"comment_status":"open","ping_status":"closed","template":"","meta":{"_editorskit_title_hidden":false,"_editorskit_reading_time":0,"_editorskit_is_block_options_detached":false,"_editorskit_block_options_position":"{}"},"product_brand":[],"product_cat":[180,27,184,230],"product_tag":[],"giftcard-category":[],"class_list":{"0":"post-79880","1":"product","2":"type-product","3":"status-publish","4":"has-post-thumbnail","6":"product_cat-accessoires","7":"product_cat-sale","8":"product_cat-tous-les-produits","9":"product_cat-vente","11":"first","12":"instock","13":"sale","14":"taxable","15":"shipping-taxable","16":"purchasable","17":"product-type-simple"},"_links":{"self":[{"href":"https:\/\/scramblestuff.com\/eu\/fr\/wp-json\/wp\/v2\/product\/79880","targetHints":{"allow":["GET"]}}],"collection":[{"href":"https:\/\/scramblestuff.com\/eu\/fr\/wp-json\/wp\/v2\/product"}],"about":[{"href":"https:\/\/scramblestuff.com\/eu\/fr\/wp-json\/wp\/v2\/types\/product"}],"replies":[{"embeddable":true,"href":"https:\/\/scramblestuff.com\/eu\/fr\/wp-json\/wp\/v2\/comments?post=79880"}],"wp:featuredmedia":[{"embeddable":true,"href":"https:\/\/scramblestuff.com\/eu\/fr\/wp-json\/wp\/v2\/media\/72676"}],"wp:attachment":[{"href":"https:\/\/scramblestuff.com\/eu\/fr\/wp-json\/wp\/v2\/media?parent=79880"}],"wp:term":[{"taxonomy":"product_brand","embeddable":true,"href":"https:\/\/scramblestuff.com\/eu\/fr\/wp-json\/wp\/v2\/product_brand?post=79880"},{"taxonomy":"product_cat","embeddable":true,"href":"https:\/\/scramblestuff.com\/eu\/fr\/wp-json\/wp\/v2\/product_cat?post=79880"},{"taxonomy":"product_tag","embeddable":true,"href":"https:\/\/scramblestuff.com\/eu\/fr\/wp-json\/wp\/v2\/product_tag?post=79880"},{"taxonomy":"giftcard-category","embeddable":true,"href":"https:\/\/scramblestuff.com\/eu\/fr\/wp-json\/wp\/v2\/giftcard-category?post=79880"}],"curies":[{"name":"wp","href":"https:\/\/api.w.org\/{rel}","templated":true}]}}